{"id":929,"date":"2022-11-16T23:27:49","date_gmt":"2022-11-16T15:27:49","guid":{"rendered":"https:\/\/zzlcmachinery.com\/?post_type=product&#038;p=929"},"modified":"2022-11-22T14:07:45","modified_gmt":"2022-11-22T06:07:45","slug":"c41-20kg-professional-blacksmith-power-forging-air-hammer","status":"publish","type":"product","link":"https:\/\/zzlcmachinery.com\/sv\/produkt\/c41-20kg-professional-blacksmith-power-forging-air-hammer\/","title":{"rendered":"C41-20kg Professionell smed kraftsmide lufthammare"},"content":{"rendered":"","protected":false},"excerpt":{"rendered":"<p>Denna C41-20kg professionella smed kraftsmide lufthammare \u00e4r en designstruktur av delad typ. Maskinen \u00e4r uppdelad i tv\u00e5 delar, st\u00e4det och huvudmaskinen. Den delade lufthammaren kr\u00e4ver att kunden bygger en cementh\u00e4rdad grund enligt de ritningar vi tillhandah\u00e5ller. F\u00f6rdelen med lufthammaren av delad typ \u00e4r att den har stark slagf\u00f6rm\u00e5ga och stabil prestanda. Lufthammare anv\u00e4nds av m\u00e5nga smeder f\u00f6r att smida olika dekorativa smide. Efter att j\u00e4rnet \u00e4r uppv\u00e4rmt \u00e4r det l\u00e4ttare att hamra och deformera den form kunden vill ha. Lufthammare kan anv\u00e4ndas p\u00e5 olika st\u00e4llen: inb\u00e4ddning, gjutning, sk\u00e4rning, h\u00e5l, nit, st\u00e4mpling, etc... alla typer av metaller. Lanchens lufthammare har s\u00e5lts till USA, Kanada, Ryssland, Storbritannien, Frankrike, Spanien, Mexiko, Colombia, Sydafrika, Vietnam och andra l\u00e4nder och har vunnit enh\u00e4lligt ber\u00f6m.<br \/>\nVi kan leverera 6 kg, 16 kg, 25 kg, 40 kg, 55 kg, 75 kg, 100 kg, 150 kg, 250 kg, 400 kg, 560 kg, 750 kg, 1000 kg, 2000 kg f\u00f6r att v\u00e4lja efter olika smidesbehov .Du kan v\u00e4lja modell enligt f\u00f6ljande specifikationer<\/p>\n<p><strong>TEKNISK PARAMETER<br \/>\nModell: C41-20KG<br \/>\nVikt av fallande delar (KG):<\/strong>20 kg<br \/>\n<strong>Strukturtyp:<\/strong>Split Air Hammer<strong><br \/>\nMax. tr\u00e4ffenergi (KJ):<\/strong>0,22KJ<strong><br \/>\nMax. smidd storlek (diameter) p\u00e5 rundst\u00e5l:<\/strong>\u03c635 mm<br \/>\n<strong>Max. smidd storlek (diameter) p\u00e5 fyrkantigt st\u00e5l:<\/strong>30x30mm<br \/>\n<strong>Kraft:<\/strong> 2,2KW<br \/>\n<strong>Sp\u00e4nning:<\/strong>\u00a0220V\/380V<br \/>\n<strong>F\u00f6rpackningsm\u00e5tt:<\/strong> 820*460*1110<br \/>\n<strong>GW (kg):<\/strong> 380<\/p>","protected":false},"featured_media":935,"template":"","meta":{"_kad_post_transparent":"default","_kad_post_title":"hide","_kad_post_layout":"fullwidth","_kad_post_sidebar_id":"","_kad_post_content_style":"unboxed","_kad_post_vertical_padding":"hide","_kad_post_feature":"hide","_kad_post_feature_position":"","_kad_post_header":false,"_kad_post_footer":false},"product_brand":[],"product_cat":[28],"product_tag":[426,416,423,418,414,422,424,421,419,427,407,425,415,420,417],"class_list":{"0":"post-929","1":"product","2":"type-product","3":"status-publish","4":"has-post-thumbnail","6":"product_cat-blacksmith-power-hammer","7":"product_tag-240volt-single-phase-motor-blacksmith-power-forging-hammer","8":"product_tag-air-hammer","9":"product_tag-air-power-chipping-hammer","10":"product_tag-air-power-forging-hammer-blacksmith","11":"product_tag-blacksmith-air-forging-power-hammer","12":"product_tag-c41-20kg-hydraulic-power-hammer-for-sale","13":"product_tag-c41-20kg-professional-blacksmith-power-forging-air-hammer","14":"product_tag-electric-power-hammer","15":"product_tag-forging-wrought-iron-machine","16":"product_tag-hammer-forging-ellsen-wrought-iron-machine-for-sale","17":"product_tag-power-hammer-for-blacksmith","18":"product_tag-profesonal-power-hammer-air-hammer-c41-20kg","19":"product_tag-professional-blacksmith-power-forging-air-hammer","20":"product_tag-small-power-hammer-manufacturers-suppliers","21":"product_tag-source-blacksmith-pneumatic-forging-power-hammer","23":"first","24":"instock","25":"shipping-taxable","26":"product-type-simple","27":"entry","28":"content-bg","29":"loop-entry"},"_links":{"self":[{"href":"https:\/\/zzlcmachinery.com\/sv\/wp-json\/wp\/v2\/product\/929","targetHints":{"allow":["GET"]}}],"collection":[{"href":"https:\/\/zzlcmachinery.com\/sv\/wp-json\/wp\/v2\/product"}],"about":[{"href":"https:\/\/zzlcmachinery.com\/sv\/wp-json\/wp\/v2\/types\/product"}],"version-history":[{"count":0,"href":"https:\/\/zzlcmachinery.com\/sv\/wp-json\/wp\/v2\/product\/929\/revisions"}],"wp:featuredmedia":[{"embeddable":true,"href":"https:\/\/zzlcmachinery.com\/sv\/wp-json\/wp\/v2\/media\/935"}],"wp:attachment":[{"href":"https:\/\/zzlcmachinery.com\/sv\/wp-json\/wp\/v2\/media?parent=929"}],"wp:term":[{"taxonomy":"product_brand","embeddable":true,"href":"https:\/\/zzlcmachinery.com\/sv\/wp-json\/wp\/v2\/product_brand?post=929"},{"taxonomy":"product_cat","embeddable":true,"href":"https:\/\/zzlcmachinery.com\/sv\/wp-json\/wp\/v2\/product_cat?post=929"},{"taxonomy":"product_tag","embeddable":true,"href":"https:\/\/zzlcmachinery.com\/sv\/wp-json\/wp\/v2\/product_tag?post=929"}],"curies":[{"name":"wp","href":"https:\/\/api.w.org\/{rel}","templated":true}]}}