{"id":902,"date":"2022-11-14T18:55:11","date_gmt":"2022-11-14T10:55:11","guid":{"rendered":"https:\/\/zzlcmachinery.com\/?post_type=product&#038;p=902"},"modified":"2022-11-26T00:46:36","modified_gmt":"2022-11-25T16:46:36","slug":"lc-dl60-china-wrought-iron-machine-and-cold-rolling-embossing-machine","status":"publish","type":"product","link":"https:\/\/zzlcmachinery.com\/sv\/produkt\/lc-dl60-china-wrought-iron-machine-and-cold-rolling-embossing-machine\/","title":{"rendered":"LC-DL60 Kina smidesj\u00e4rnsmaskin och kallvalsande pr\u00e4glingsmaskin"},"content":{"rendered":"","protected":false},"excerpt":{"rendered":"<p>Denna LC-DL60 Kina smidesj\u00e4rnmaskin och kallvalsande pr\u00e4glingsmaskin \u00e4r en professionell utrustning f\u00f6r kallvalsning och pr\u00e4glingsmaskin. Denna maskin kan bearbeta fyrkantsr\u00f6r, fyrkantigt st\u00e5l, platt j\u00e4rn, rostfritt st\u00e5lr\u00f6r, rektangul\u00e4rt r\u00f6r med internationella gemensamma dimensioner, Denna maskin kan mala m\u00f6nster i fyrkantsr\u00f6rets fyra h\u00f6rn, kan malas in i r\u00e4cket i trappan som anv\u00e4nds. R\u00f6ret g\u00e5r smidigt, s\u00e4kert och p\u00e5litlig. G\u00e4ller byggnader, turistattraktioner och heminredning.<br \/>\nDen st\u00f6rsta f\u00f6rdelen med denna maskin \u00e4r att den har en upps\u00e4ttning kombinerade formar som kan anv\u00e4ndas f\u00f6r att bearbeta 20\u00d720-100x100 mm fyrkantiga r\u00f6r, rektangul\u00e4ra r\u00f6r och rostfria st\u00e5lr\u00f6r. S\u00e5 l\u00e4nge det \u00e4r materialet som kunden har kan det bearbetas och pr\u00e4glas p\u00e5 formen genom att justera packningskombinationen.<br \/>\nDu beh\u00f6ver inte betala f\u00f6r varje form f\u00f6r att g\u00f6ra en separat form. Spara tid, pengar och anstr\u00e4ngning.<\/p>\n<p><strong>TEKNISK PARAMETER<br \/>\nModell: LC-DL60<\/strong><br \/>\n<strong>Plattj\u00e4rn:<\/strong> \u226410\u00d760 mm<br \/>\n<strong>Fyrkantigt st\u00e5l:<\/strong>\u00a0\u226425\u00d725 mm<br \/>\n<strong>Fyrkantigt r\u00f6r:<\/strong> \u2264100x100mm<br \/>\n<strong>Kraft:<\/strong> 7,5KW<br \/>\n<strong>Sp\u00e4nning:<\/strong> 220V\/380V<br \/>\n<strong>F\u00f6rpackningsm\u00e5tt:<\/strong> 1000\u00d7800\u00d71200mm<br \/>\n<strong>NW (kg):<\/strong> 450<br \/>\n<strong>GW (kg):<\/strong> 500<\/p>","protected":false},"featured_media":909,"template":"","meta":{"_kad_post_transparent":"default","_kad_post_title":"hide","_kad_post_layout":"fullwidth","_kad_post_sidebar_id":"","_kad_post_content_style":"unboxed","_kad_post_vertical_padding":"hide","_kad_post_feature":"hide","_kad_post_feature_position":"","_kad_post_header":false,"_kad_post_footer":false},"product_brand":[],"product_cat":[29,19],"product_tag":[387,391,390,381,382,394,388,396,397,392,389,398,395,393],"class_list":{"0":"post-902","1":"product","2":"type-product","3":"status-publish","4":"has-post-thumbnail","6":"product_cat-electric-wrought-iron-processing-machine","7":"product_cat-cold-rolling-embossing-machine","8":"product_tag-blacksmith-embossing-metal-machine","9":"product_tag-buy-handrail-embossling-machine","10":"product_tag-china-iron-art-machine","11":"product_tag-china-metal-craft-embossing-equiment","12":"product_tag-china-wrought-iron-machine-and-cold-rolling-embossing-machine","13":"product_tag-cold-rolling-embossing-machine-for-wrought-iron-decoration","14":"product_tag-embossing-machine-for-rolling-forming-machine-manufacturer","15":"product_tag-flat-iron-embossing-machine","16":"product_tag-forged-square-tube-equipment","17":"product_tag-metal-embossing-handrail-embossing-machine","18":"product_tag-multifunction-adjustable-speed-handrail-cold-embossing-machine","19":"product_tag-ornamental-machine-for-sale","20":"product_tag-square-steel-embossing-machine","21":"product_tag-wrought-iron-decoration","23":"first","24":"instock","25":"featured","26":"shipping-taxable","27":"product-type-simple","28":"entry","29":"content-bg","30":"loop-entry"},"_links":{"self":[{"href":"https:\/\/zzlcmachinery.com\/sv\/wp-json\/wp\/v2\/product\/902","targetHints":{"allow":["GET"]}}],"collection":[{"href":"https:\/\/zzlcmachinery.com\/sv\/wp-json\/wp\/v2\/product"}],"about":[{"href":"https:\/\/zzlcmachinery.com\/sv\/wp-json\/wp\/v2\/types\/product"}],"version-history":[{"count":0,"href":"https:\/\/zzlcmachinery.com\/sv\/wp-json\/wp\/v2\/product\/902\/revisions"}],"wp:featuredmedia":[{"embeddable":true,"href":"https:\/\/zzlcmachinery.com\/sv\/wp-json\/wp\/v2\/media\/909"}],"wp:attachment":[{"href":"https:\/\/zzlcmachinery.com\/sv\/wp-json\/wp\/v2\/media?parent=902"}],"wp:term":[{"taxonomy":"product_brand","embeddable":true,"href":"https:\/\/zzlcmachinery.com\/sv\/wp-json\/wp\/v2\/product_brand?post=902"},{"taxonomy":"product_cat","embeddable":true,"href":"https:\/\/zzlcmachinery.com\/sv\/wp-json\/wp\/v2\/product_cat?post=902"},{"taxonomy":"product_tag","embeddable":true,"href":"https:\/\/zzlcmachinery.com\/sv\/wp-json\/wp\/v2\/product_tag?post=902"}],"curies":[{"name":"wp","href":"https:\/\/api.w.org\/{rel}","templated":true}]}}