{"id":867,"date":"2022-11-10T00:20:57","date_gmt":"2022-11-09T16:20:57","guid":{"rendered":"https:\/\/zzlcmachinery.com\/?post_type=product&#038;p=867"},"modified":"2022-12-13T13:42:15","modified_gmt":"2022-12-13T05:42:15","slug":"jk-30-sheet-iron-plate-cold-embossing-machine","status":"publish","type":"product","link":"https:\/\/zzlcmachinery.com\/sv\/produkt\/jk-30-sheet-iron-plate-cold-embossing-machine\/","title":{"rendered":"JK-30 Pl\u00e5tj\u00e4rnpl\u00e5t kallpr\u00e4glingsmaskin"},"content":{"rendered":"","protected":false},"excerpt":{"rendered":"<p>JK-30 En kallpr\u00e4glingsmaskin f\u00f6r pl\u00e5tpl\u00e5t \u00e4r en typ av maskin som anv\u00e4nds f\u00f6r att pr\u00e4gla m\u00f6nster eller m\u00f6nster p\u00e5 metallpl\u00e5tar utan anv\u00e4ndning av v\u00e4rme. Detta g\u00f6rs genom att trycka metallplattan mellan tv\u00e5 stansar som antingen \u00e4r graverade med \u00f6nskat m\u00f6nster eller tillverkade av en form av design f\u00f6r kundens behov. Maskinen trycker p\u00e5 metallplattan, vilket f\u00e5r den att anta formen av formarna och skapar ett pr\u00e4glat m\u00f6nster p\u00e5 metallytan. Kallpr\u00e4gling \u00e4r en vanlig teknik som anv\u00e4nds vid tillverkning av produkter som metallskyltar, dekorativa paneler och andra produkter som kr\u00e4ver pr\u00e4glade m\u00f6nster p\u00e5 metallpl\u00e5tar. Kallpr\u00e4gling f\u00f6redras ofta framf\u00f6r varmpr\u00e4gling eftersom det inte inneb\u00e4r anv\u00e4ndning av v\u00e4rme, vilket kan skada eller f\u00f6rvr\u00e4nga metallen.<br \/>\nBredden p\u00e5 j\u00e4rnpl\u00e5ten och m\u00f6nstret p\u00e5 formen kan anpassas gratis!<br \/>\n<strong>TEKNISK PARAMETER<\/strong><br \/>\n<strong>Material:<\/strong> J\u00e4rnpl\u00e5t, aluminiumpl\u00e5t, kopparpl\u00e5t, rostfri pl\u00e5t<br \/>\n<strong>Material bredd:<\/strong>30 mm<br \/>\n<strong>Materialtjocklek<\/strong>: max 2 mm<br \/>\n<strong>Kraft:<\/strong> 2,2KW (enligt bredden och tjockleken p\u00e5 det rullade materialet enligt kundernas faktiska behov)<br \/>\n<strong>Sp\u00e4nning:<\/strong>\u00a0220V\/380V\/415V<br \/>\n<strong>F\u00f6rpackningsm\u00e5tt:<\/strong> 1500\u00d7710\u00d7800 mm<br \/>\n<strong>NW (kg):<\/strong> 350<br \/>\n<strong>GW (kg):<\/strong> 400<\/p>","protected":false},"featured_media":1535,"template":"","meta":{"_kad_post_transparent":"default","_kad_post_title":"hide","_kad_post_layout":"fullwidth","_kad_post_sidebar_id":"","_kad_post_content_style":"unboxed","_kad_post_vertical_padding":"hide","_kad_post_feature":"hide","_kad_post_feature_position":"","_kad_post_header":false,"_kad_post_footer":false},"product_brand":[],"product_cat":[29,19],"product_tag":[47,521,519,518,520,517,522],"class_list":{"0":"post-867","1":"product","2":"type-product","3":"status-publish","4":"has-post-thumbnail","6":"product_cat-electric-wrought-iron-processing-machine","7":"product_cat-cold-rolling-embossing-machine","8":"product_tag-cold-rolling-embossing-machine","9":"product_tag-cold-rolling-sheet-embossing-machine-manufacturers","10":"product_tag-iorn-sheet-embossing-machine","11":"product_tag-iron-plate-cold-embossing-machine","12":"product_tag-metal-sheet-embossing-machine-manufacturers-suppliers","13":"product_tag-sheet-iron-plate-cold-embossing-machine","14":"product_tag-sheet-iron-plate-embossing-machine","16":"first","17":"instock","18":"shipping-taxable","19":"product-type-simple","20":"entry","21":"content-bg","22":"loop-entry"},"_links":{"self":[{"href":"https:\/\/zzlcmachinery.com\/sv\/wp-json\/wp\/v2\/product\/867","targetHints":{"allow":["GET"]}}],"collection":[{"href":"https:\/\/zzlcmachinery.com\/sv\/wp-json\/wp\/v2\/product"}],"about":[{"href":"https:\/\/zzlcmachinery.com\/sv\/wp-json\/wp\/v2\/types\/product"}],"version-history":[{"count":0,"href":"https:\/\/zzlcmachinery.com\/sv\/wp-json\/wp\/v2\/product\/867\/revisions"}],"wp:featuredmedia":[{"embeddable":true,"href":"https:\/\/zzlcmachinery.com\/sv\/wp-json\/wp\/v2\/media\/1535"}],"wp:attachment":[{"href":"https:\/\/zzlcmachinery.com\/sv\/wp-json\/wp\/v2\/media?parent=867"}],"wp:term":[{"taxonomy":"product_brand","embeddable":true,"href":"https:\/\/zzlcmachinery.com\/sv\/wp-json\/wp\/v2\/product_brand?post=867"},{"taxonomy":"product_cat","embeddable":true,"href":"https:\/\/zzlcmachinery.com\/sv\/wp-json\/wp\/v2\/product_cat?post=867"},{"taxonomy":"product_tag","embeddable":true,"href":"https:\/\/zzlcmachinery.com\/sv\/wp-json\/wp\/v2\/product_tag?post=867"}],"curies":[{"name":"wp","href":"https:\/\/api.w.org\/{rel}","templated":true}]}}