{"id":865,"date":"2022-11-10T00:19:56","date_gmt":"2022-11-09T16:19:56","guid":{"rendered":"https:\/\/zzlcmachinery.com\/?post_type=product&#038;p=865"},"modified":"2022-11-14T22:42:35","modified_gmt":"2022-11-14T14:42:35","slug":"lc-dl60s-cheapest-square-tube-flat-iron-square-steel-embossing-machine","status":"publish","type":"product","link":"https:\/\/zzlcmachinery.com\/sv\/produkt\/lc-dl60s-cheapest-square-tube-flat-iron-square-steel-embossing-machine\/","title":{"rendered":"LC-DL60S Billigaste fyrkantsr\u00f6r Plattj\u00e4rn Fyrkantigt st\u00e5l pr\u00e4glingsmaskin"},"content":{"rendered":"","protected":false},"excerpt":{"rendered":"<p>Denna LC-DL60S billigaste fyrkantsr\u00f6r plattj\u00e4rn fyrkantigt st\u00e5l pr\u00e4glingsmaskin \u00e4r en professionell utrustning f\u00f6r kallvalsning och smide material. Denna maskin kan bearbeta fyrkantsr\u00f6r, fyrkantigt st\u00e5l, platt iorn med internationella gemensamma dimensioner, J\u00e4mf\u00f6rt med samma typ av kallpr\u00e4glingsmaskin, \u00e4r formkostnaden f\u00f6r denna maskin mycket reducerad, s\u00e5som bearbetning av fyrkantiga r\u00f6r, det finns inget behov av att betala och gravera en upps\u00e4ttning formar f\u00f6r varje fyrkantsr\u00f6r av olika storlekar, 20\u00d720-80x80mm fyrkantsr\u00f6r \u00e4r en kombination Formen kan fritt kombineras till en form som l\u00e4mpar sig f\u00f6r fyrkantsr\u00f6r av alla storlekar genom \u00f6verlagring av packningar. bearbetade inklusive rektangul\u00e4ra r\u00f6r och rostfria r\u00f6r.<br \/>\n<strong>TEKNISK PARAMETER<\/strong><br \/>\n<strong>Plattj\u00e4rn:<\/strong> \u226410\u00d750 mm<br \/>\n<strong>Fyrkantigt st\u00e5l:<\/strong>\u00a0\u226425\u00d725 mm<br \/>\n<strong>Fyrkantigt r\u00f6r:<\/strong> \u226480x80mm<br \/>\n<strong>Kraft:<\/strong> 4KW<br \/>\n<strong>Sp\u00e4nning:<\/strong> 220V\/380V<br \/>\n<strong>F\u00f6rpackningsm\u00e5tt:<\/strong> 1000\u00d7800\u00d71200mm<br \/>\n<strong>NW (kg):<\/strong> 450<br \/>\n<strong>GW (kg):<\/strong> 500<\/p>","protected":false},"featured_media":888,"template":"","meta":{"_kad_post_transparent":"default","_kad_post_title":"hide","_kad_post_layout":"fullwidth","_kad_post_sidebar_id":"","_kad_post_content_style":"unboxed","_kad_post_vertical_padding":"hide","_kad_post_feature":"hide","_kad_post_feature_position":"","_kad_post_header":false,"_kad_post_footer":false},"product_brand":[],"product_cat":[29,19],"product_tag":[381,382,47,386,379,378,380,384,383,385,44,111],"class_list":{"0":"post-865","1":"product","2":"type-product","3":"status-publish","4":"has-post-thumbnail","6":"product_cat-electric-wrought-iron-processing-machine","7":"product_cat-cold-rolling-embossing-machine","8":"product_tag-china-metal-craft-embossing-equiment","9":"product_tag-china-wrought-iron-machine-and-cold-rolling-embossing-machine","10":"product_tag-cold-rolling-embossing-machine","11":"product_tag-flat-iorn-embossing-machine","12":"product_tag-iron-embossing-machine","13":"product_tag-lc-dl60s-cheapest-square-tube-flat-iron-square-steel-embossing-machine","14":"product_tag-professional-cold-rolling-metal-plate-embossing-machine","15":"product_tag-sauare-steel-embossing-machine","16":"product_tag-square-tube-embossing-machine","17":"product_tag-stainless-steel-pipe-embossing-machine","18":"product_tag-wrought-iron-embossing-machine","19":"product_tag-wrought-iron-machine","21":"first","22":"instock","23":"shipping-taxable","24":"product-type-simple","25":"entry","26":"content-bg","27":"loop-entry"},"_links":{"self":[{"href":"https:\/\/zzlcmachinery.com\/sv\/wp-json\/wp\/v2\/product\/865","targetHints":{"allow":["GET"]}}],"collection":[{"href":"https:\/\/zzlcmachinery.com\/sv\/wp-json\/wp\/v2\/product"}],"about":[{"href":"https:\/\/zzlcmachinery.com\/sv\/wp-json\/wp\/v2\/types\/product"}],"version-history":[{"count":0,"href":"https:\/\/zzlcmachinery.com\/sv\/wp-json\/wp\/v2\/product\/865\/revisions"}],"wp:featuredmedia":[{"embeddable":true,"href":"https:\/\/zzlcmachinery.com\/sv\/wp-json\/wp\/v2\/media\/888"}],"wp:attachment":[{"href":"https:\/\/zzlcmachinery.com\/sv\/wp-json\/wp\/v2\/media?parent=865"}],"wp:term":[{"taxonomy":"product_brand","embeddable":true,"href":"https:\/\/zzlcmachinery.com\/sv\/wp-json\/wp\/v2\/product_brand?post=865"},{"taxonomy":"product_cat","embeddable":true,"href":"https:\/\/zzlcmachinery.com\/sv\/wp-json\/wp\/v2\/product_cat?post=865"},{"taxonomy":"product_tag","embeddable":true,"href":"https:\/\/zzlcmachinery.com\/sv\/wp-json\/wp\/v2\/product_tag?post=865"}],"curies":[{"name":"wp","href":"https:\/\/api.w.org\/{rel}","templated":true}]}}