{"id":834,"date":"2022-11-04T22:29:01","date_gmt":"2022-11-04T14:29:01","guid":{"rendered":"https:\/\/zzlcmachinery.com\/?post_type=product&#038;p=834"},"modified":"2022-11-26T00:47:30","modified_gmt":"2022-11-25T16:47:30","slug":"lc120-hydraulic-decorative-iron-pipe-iron-tube-twisting-machine","status":"publish","type":"product","link":"https:\/\/zzlcmachinery.com\/sv\/produkt\/lc120-hydraulic-decorative-iron-pipe-iron-tube-twisting-machine\/","title":{"rendered":"LC120 Hydraulisk dekorativ j\u00e4rnr\u00f6r Vridningsmaskin f\u00f6r j\u00e4rnr\u00f6r"},"content":{"rendered":"","protected":false},"excerpt":{"rendered":"<p>Denna LC120 Hydraulic dekorativa j\u00e4rnr\u00f6r j\u00e4rnr\u00f6r vridningsmaskin anv\u00e4nds endast f\u00f6r att bearbeta runda r\u00f6r. Maskinens funktion ligger i utseendet p\u00e5 olika m\u00f6nster efter att de runda r\u00f6ren bearbetats. Dessa halvfabrikat anv\u00e4nds fr\u00e4mst i r\u00e4cken och skelettst\u00f6d f\u00f6r d\u00f6rrar, f\u00f6nster, trappor och ledst\u00e4nger. De \u00e4r inte bara vackra utan ocks\u00e5 mycket starka, materialen som anv\u00e4nds \u00e4r runda r\u00f6r, s\u00e5 j\u00e4mf\u00f6rt med solida d\u00f6rrar och f\u00f6nster och ledst\u00e4nger minskar kostnaden med mer \u00e4n 50%-80%. Den \u00e4r mycket l\u00e4mplig f\u00f6r smidesbutiker som driver d\u00f6rrar och f\u00f6nster i stor skala. Denna r\u00f6rvridningsmaskin anv\u00e4nds f\u00f6r att bearbeta runda r\u00f6r med en diameter p\u00e5 60-120 mm. De runda r\u00f6ren kan g\u00f6ras om till runda r\u00f6r, fyrkantsr\u00f6r, 6-h\u00f6rnr\u00f6r, 12-h\u00f6rnr\u00f6r, 16-h\u00f6rnr\u00f6r etc. Efter bearbetning. Dessa bearbetade r\u00f6r kan ocks\u00e5 ha olika m\u00f6nsterformer, som huvudsakligen \u00e4r gjorda av den upprepade vridningen av maskinen. M\u00f6nstrets t\u00e4thet och m\u00f6nstrets djup kan uppn\u00e5s genom att justera hydraulsystemet och gr\u00e4nsl\u00e4gesbrytare.<br \/>\nS\u00e4rskild uppm\u00e4rksamhet b\u00f6r \u00e4gnas \u00e5t att tjockleken p\u00e5 det runda r\u00f6ret inte \u00f6verstiger 2,5 mm.<br \/>\nTa det runda r\u00f6ret f\u00f6rvandlat till ett fyrkantigt r\u00f6r som ett exempel, runt r\u00f6r med en diameter p\u00e5 \u03c6 50mm\uff0c \u03c660mm\uff0c \u03c676mm\uff0c \u03c6 89mm\uff0c \u03c6114mm f\u00f6rvandlas till ett fyrkantigt r\u00f6r \u53e3 40mm \u53e3 50mm \u53e3 \u53e3 90mm)<br \/>\n24 timmars onlinetj\u00e4nst, l\u00e5t oss veta om du har n\u00e5gra fr\u00e5gor!<br \/>\n<strong>TEKNISK PARAMETER<br \/>\n<\/strong><strong>Modell: LC-JKLG120<br \/>\nBearbetningsmaterial: Runt r\u00f6r\u2264\u03a6120mmx3mm<br \/>\nM\u00e5tt p\u00e5 den f\u00e4rdiga produkten:<\/strong><br \/>\n<strong>Runt r\u00f6r<\/strong>\u2264\u03a6120mmx2,5mm<br \/>\n<strong>Platt r\u00f6r<\/strong> \u2264 90x60x2,5 mm<br \/>\n<strong>Fyrkantigt r\u00f6r<\/strong>\u226440x40x2,5-90x90x2,5 mm<br \/>\n<strong style=\"font-family: var(--global-body-font-family);\">Kraft:<\/strong><span style=\"font-family: var(--global-body-font-family);\"> 11,7KW<br \/>\n<\/span><strong>F\u00f6r gratis dies:<\/strong>6 set<br \/>\n<strong>Sp\u00e4nning:<\/strong>\u00a0220V\/380V\/415V<br \/>\n<strong>F\u00f6rpackningsm\u00e5tt:<\/strong>800*1200*700 mm<strong><br \/>\n<\/strong><strong>NW (kg):<\/strong> 2500\u00a0 \u00a0 <strong>GW (kg):<\/strong> 2550<\/p>","protected":false},"featured_media":861,"template":"","meta":{"_kad_post_transparent":"default","_kad_post_title":"","_kad_post_layout":"default","_kad_post_sidebar_id":"","_kad_post_content_style":"default","_kad_post_vertical_padding":"default","_kad_post_feature":"","_kad_post_feature_position":"","_kad_post_header":false,"_kad_post_footer":false},"product_brand":[],"product_cat":[20,31],"product_tag":[350,353,354,339,349,343,355,351,352,111,347],"class_list":{"0":"post-834","1":"product","2":"type-product","3":"status-publish","4":"has-post-thumbnail","6":"product_cat-wrought-iron-twisting-machine","7":"product_cat-electric-pipe-twisting-machine","8":"product_tag-decorate-metal-pipe-tube-twist-wrought-iron-machine","9":"product_tag-decorative-pipe-tube-twisting-machine-pipe-threading-machine","10":"product_tag-factory-hot-sell-automatic-round-stainless-steel-pipe-twisting-machine","11":"product_tag-fully-automatic-multi-functional-round-tube-twisting-machine","12":"product_tag-iron-pipe-stainless-steel-pipe-tube-drawing-machine","13":"product_tag-ornamental-wrought-iron-round-pipe-twisting-making-machine","14":"product_tag-pipe-twisting-machine-for-wrought-iron","15":"product_tag-ss-tube-twisting-design-machine-wrought-iron-threading-pipe-machinery-price","16":"product_tag-tube-twisting-machine-spiral-twist-threading-round-metal-pipes-rotary-swaging-equipments","17":"product_tag-wrought-iron-machine","18":"product_tag-wrought-iron-tube-twisting-machine-for-steel-pipe","20":"first","21":"instock","22":"featured","23":"shipping-taxable","24":"product-type-simple","25":"entry","26":"content-bg","27":"loop-entry"},"_links":{"self":[{"href":"https:\/\/zzlcmachinery.com\/sv\/wp-json\/wp\/v2\/product\/834","targetHints":{"allow":["GET"]}}],"collection":[{"href":"https:\/\/zzlcmachinery.com\/sv\/wp-json\/wp\/v2\/product"}],"about":[{"href":"https:\/\/zzlcmachinery.com\/sv\/wp-json\/wp\/v2\/types\/product"}],"version-history":[{"count":0,"href":"https:\/\/zzlcmachinery.com\/sv\/wp-json\/wp\/v2\/product\/834\/revisions"}],"wp:featuredmedia":[{"embeddable":true,"href":"https:\/\/zzlcmachinery.com\/sv\/wp-json\/wp\/v2\/media\/861"}],"wp:attachment":[{"href":"https:\/\/zzlcmachinery.com\/sv\/wp-json\/wp\/v2\/media?parent=834"}],"wp:term":[{"taxonomy":"product_brand","embeddable":true,"href":"https:\/\/zzlcmachinery.com\/sv\/wp-json\/wp\/v2\/product_brand?post=834"},{"taxonomy":"product_cat","embeddable":true,"href":"https:\/\/zzlcmachinery.com\/sv\/wp-json\/wp\/v2\/product_cat?post=834"},{"taxonomy":"product_tag","embeddable":true,"href":"https:\/\/zzlcmachinery.com\/sv\/wp-json\/wp\/v2\/product_tag?post=834"}],"curies":[{"name":"wp","href":"https:\/\/api.w.org\/{rel}","templated":true}]}}