{"id":832,"date":"2022-11-04T20:23:29","date_gmt":"2022-11-04T12:23:29","guid":{"rendered":"https:\/\/zzlcmachinery.com\/?post_type=product&#038;p=832"},"modified":"2022-11-26T00:47:32","modified_gmt":"2022-11-25T16:47:32","slug":"lc-jklg60-aotumatic-multi-function-round-pipe-twisting-machine","status":"publish","type":"product","link":"https:\/\/zzlcmachinery.com\/sv\/produkt\/lc-jklg60-aotumatic-multi-function-round-pipe-twisting-machine\/","title":{"rendered":"LC-JKLG60 Aotumatic Multi Function Round Pipe Twist Machine"},"content":{"rendered":"","protected":false},"excerpt":{"rendered":"<p>Denna LC-JKLG60 Aotumatic multifunktions runda vridningsmaskin kan rita och bearbeta spiralrunda r\u00f6r, linje fyrkantiga r\u00f6r, platta r\u00f6r med olika tjocklekar och m\u00f6nster.<br \/>\nMaskinen kan producera och bearbeta runda r\u00f6r med en diameter p\u00e5 h\u00f6gst 60 mm och en tjocklek p\u00e5 mindre \u00e4n 1,2 mm till spiralr\u00f6r. Det runda r\u00f6ret kan g\u00f6ras till fyrkantsr\u00f6r, 6 h\u00f6rnr\u00f6r, 8 h\u00f6rnr\u00f6r, 16 h\u00f6rnr\u00f6r och andra m\u00f6nster.<br \/>\nAtt dra maskinen kan bearbeta olika m\u00f6nster i rostfritt st\u00e5l under speciella formar. Det bearbetade materialet \u00e4r inte bara vackert till utseendet, h\u00e5llbart och starkt, utan ocks\u00e5 f\u00f6r att det \u00e4r ih\u00e5ligt. Materialet kommer att vara dubbelt s\u00e5 mycket som materialkostnaden f\u00f6r fast material. Det \u00e4r en viktig maskin f\u00f6r att bearbeta d\u00f6rrar, f\u00f6nster, trappor, ledst\u00e4nger och staket<br \/>\n24 timmars onlinetj\u00e4nst, l\u00e5t oss veta om du har n\u00e5gra fr\u00e5gor!<br \/>\n<strong>TEKNISK PARAMETER<br \/>\n<\/strong><strong>Modell: LC-JKLG60<br \/>\nBearbetningsmaterial: Runt r\u00f6r\u2264\u03a660mmx1,2mm<br \/>\nM\u00e5tt p\u00e5 den f\u00e4rdiga produkten:<\/strong><br \/>\nRunda<strong> r\u00f6r<\/strong>\u2264\u03a660mmx1,2mm<br \/>\nPlatt r\u00f6r \u2264 60x30x1,2mm<br \/>\nFyrkantigt r\u00f6r\u226415x15x1,2-60x60x1,2 mm<br \/>\n<strong style=\"font-family: var(--global-body-font-family);\">Kraft:<\/strong><span style=\"font-family: var(--global-body-font-family);\"> 7,5KW<br \/>\n<\/span><strong>F\u00f6r gratis dies:<\/strong>6 set<br \/>\n<strong>Sp\u00e4nning:<\/strong>\u00a0220V\/380V\/415V<br \/>\n<strong>F\u00f6rpackningsm\u00e5tt:<\/strong>800*1200*700 mm<strong><br \/>\n<\/strong><strong>NW (kg):<\/strong> 1100\u00a0 \u00a0 \u00a0<strong>GW (kg):<\/strong> 1150<\/p>","protected":false},"featured_media":848,"template":"","meta":{"_kad_post_transparent":"default","_kad_post_title":"","_kad_post_layout":"default","_kad_post_sidebar_id":"","_kad_post_content_style":"default","_kad_post_vertical_padding":"default","_kad_post_feature":"","_kad_post_feature_position":"","_kad_post_header":false,"_kad_post_footer":false},"product_brand":[],"product_cat":[20,31,29],"product_tag":[333,334,335,336,337,338,339,340,341,342,343,344,348,345,346,347],"class_list":{"0":"post-832","1":"product","2":"type-product","3":"status-publish","4":"has-post-thumbnail","6":"product_cat-wrought-iron-twisting-machine","7":"product_cat-electric-pipe-twisting-machine","8":"product_cat-electric-wrought-iron-processing-machine","9":"product_tag-aotumatic-multi-function-round-pipe-twisting-machine","10":"product_tag-automatic-rod-pipe-twisting-machine-equipment-with-best-price","11":"product_tag-automatic-tube-threading-pipe-twisting-machine","12":"product_tag-electric-metal-twisting-machine-twist-forming-metal-gate-door-processing-equipment","13":"product_tag-factory-hot-sale-automatic-round-stainless-steel-pipe-twisting-machine","14":"product_tag-finished-products-by-pipe-twisting-machine-2","15":"product_tag-fully-automatic-multi-functional-round-tube-twisting-machine","16":"product_tag-metal-wrought-iron-pipe-twisting-machine-with-factory-price","17":"product_tag-moulds-for-pipe-twisting-machine","18":"product_tag-new-automatic-round-pipe-twisting-machine-for-square-pipe-twisting-shape","19":"product_tag-ornamental-wrought-iron-round-pipe-twisting-making-machine","20":"product_tag-pipe-embossing-and-stretching-machine","21":"product_tag-round-pipe-twisting-machine","22":"product_tag-stainless-steel-pipe-twisting-forming-machine-with-square-pipe-twisting-shape","23":"product_tag-wrought-iron-pipe-twist-and-bend-machine-copper-pipe-twisting-machine","24":"product_tag-wrought-iron-tube-twisting-machine-for-steel-pipe","26":"first","27":"instock","28":"featured","29":"shipping-taxable","30":"product-type-simple","31":"entry","32":"content-bg","33":"loop-entry"},"_links":{"self":[{"href":"https:\/\/zzlcmachinery.com\/sv\/wp-json\/wp\/v2\/product\/832","targetHints":{"allow":["GET"]}}],"collection":[{"href":"https:\/\/zzlcmachinery.com\/sv\/wp-json\/wp\/v2\/product"}],"about":[{"href":"https:\/\/zzlcmachinery.com\/sv\/wp-json\/wp\/v2\/types\/product"}],"version-history":[{"count":0,"href":"https:\/\/zzlcmachinery.com\/sv\/wp-json\/wp\/v2\/product\/832\/revisions"}],"wp:featuredmedia":[{"embeddable":true,"href":"https:\/\/zzlcmachinery.com\/sv\/wp-json\/wp\/v2\/media\/848"}],"wp:attachment":[{"href":"https:\/\/zzlcmachinery.com\/sv\/wp-json\/wp\/v2\/media?parent=832"}],"wp:term":[{"taxonomy":"product_brand","embeddable":true,"href":"https:\/\/zzlcmachinery.com\/sv\/wp-json\/wp\/v2\/product_brand?post=832"},{"taxonomy":"product_cat","embeddable":true,"href":"https:\/\/zzlcmachinery.com\/sv\/wp-json\/wp\/v2\/product_cat?post=832"},{"taxonomy":"product_tag","embeddable":true,"href":"https:\/\/zzlcmachinery.com\/sv\/wp-json\/wp\/v2\/product_tag?post=832"}],"curies":[{"name":"wp","href":"https:\/\/api.w.org\/{rel}","templated":true}]}}