{"id":807,"date":"2022-11-01T20:30:06","date_gmt":"2022-11-01T12:30:06","guid":{"rendered":"https:\/\/zzlcmachinery.com\/?post_type=product&#038;p=807"},"modified":"2022-11-22T14:55:42","modified_gmt":"2022-11-22T06:55:42","slug":"lc-dk-hydraulic-folding-welding-spot-square-buckle-machine-for-forging-handrail","status":"publish","type":"product","link":"https:\/\/zzlcmachinery.com\/sv\/produkt\/lc-dk-hydraulic-folding-welding-spot-square-buckle-machine-for-forging-handrail\/","title":{"rendered":"LC-DK Hydraulisk f\u00e4llbar svetspunkt fyrkantig sp\u00e4nnmaskin f\u00f6r smidesled"},"content":{"rendered":"","protected":false},"excerpt":{"rendered":"<p>Denna LC-DK hydrauliska vikbara svetspunktsmaskin med fyrkantssp\u00e4nne \u00e4r en hydraulisk halvautomatisk utrustning f\u00f6r omslagssp\u00e4nnen. Hydraulsystemet \u00e4r den fr\u00e4msta drivkraften. Den utf\u00f6r huvudsakligen lindningsfunktion p\u00e5 svetsplatsen f\u00f6r standarddelar i smide och trappr\u00e4cken. En m\u00e5stemaskin f\u00f6r konstn\u00e4rlig metallbearbetning i europeisk stil.<br \/>\nDenna maskin har tv\u00e5 driftl\u00e4gen: joggingbearbetning och automatisk bearbetning. Jog-bearbetning kan bearbeta sp\u00e4nnen i slow motion. Den anv\u00e4nds fr\u00e4mst f\u00f6r maskinfels\u00f6kning och fels\u00f6kning av standarddelar och sp\u00e4nnen. Den automatiska bearbetningsfunktionen kan sp\u00e4nnas kontinuerligt, vilket sparar tid och arbete.<br \/>\nDenna maskins funktion \u00e4r att packa svetsplatsen med knappst\u00e5let, s\u00e5 att knappen inte v\u00e4rms upp, vilket skiljer sig fr\u00e5n det f\u00f6rflutna. Snabba och effektiva funktioner \u00e5tnjuter ett h\u00f6gt anseende i j\u00e4rnproduktionslinjen.<br \/>\n24 timmars onlinetj\u00e4nst, l\u00e5t oss veta om du har n\u00e5gra fr\u00e5gor!<br \/>\n<strong>TEKNISK PARAMETER<br \/>\n<\/strong><strong>Modell: LC-DK<br \/>\nBearbetningsmaterial: Milt st\u00e5l<br \/>\nStorleken p\u00e5 bearbetningssp\u00e4nnet:<\/strong>\u00a0\u226436x20mm<br \/>\n<strong>Kraft:<\/strong> 2,2KW<br \/>\n<strong>Gratis dies: 4 set<\/strong><br \/>\n<strong>Sp\u00e4nning:<\/strong>\u00a0220V\/380V\/415V<br \/>\n<strong>F\u00f6rpackningsm\u00e5tt:<\/strong> 860\u00d7780\u00d71480 mm<br \/>\n<strong>NW (kg):<\/strong> 550\u00a0 \u00a0 \u00a0<strong>GW (kg):<\/strong> 600<\/p>","protected":false},"featured_media":809,"template":"","meta":{"_kad_post_transparent":"default","_kad_post_title":"","_kad_post_layout":"default","_kad_post_sidebar_id":"","_kad_post_content_style":"default","_kad_post_vertical_padding":"default","_kad_post_feature":"","_kad_post_feature_position":"","_kad_post_header":false,"_kad_post_footer":false},"product_brand":[],"product_cat":[29],"product_tag":[320,318,319,321,111,322],"class_list":{"0":"post-807","1":"product","2":"type-product","3":"status-publish","4":"has-post-thumbnail","6":"product_cat-electric-wrought-iron-processing-machine","7":"product_tag-hydraulic-folding-welding-spot-square-buckle-machine-for-forging-handrail","8":"product_tag-hydraulic-wrought-iron-folding-square-buckle-machine-for-fence-staircase-welding-spot","9":"product_tag-hydraulic-wrought-iron-forging-handrail-welding-spot-square-buckle-machine","10":"product_tag-welding-buckle-machine-for-wrought-iron","11":"product_tag-wrought-iron-machine","12":"product_tag-wrought-iron-metal-buckle-machine","14":"first","15":"instock","16":"shipping-taxable","17":"product-type-simple","18":"entry","19":"content-bg","20":"loop-entry"},"_links":{"self":[{"href":"https:\/\/zzlcmachinery.com\/sv\/wp-json\/wp\/v2\/product\/807","targetHints":{"allow":["GET"]}}],"collection":[{"href":"https:\/\/zzlcmachinery.com\/sv\/wp-json\/wp\/v2\/product"}],"about":[{"href":"https:\/\/zzlcmachinery.com\/sv\/wp-json\/wp\/v2\/types\/product"}],"version-history":[{"count":0,"href":"https:\/\/zzlcmachinery.com\/sv\/wp-json\/wp\/v2\/product\/807\/revisions"}],"wp:featuredmedia":[{"embeddable":true,"href":"https:\/\/zzlcmachinery.com\/sv\/wp-json\/wp\/v2\/media\/809"}],"wp:attachment":[{"href":"https:\/\/zzlcmachinery.com\/sv\/wp-json\/wp\/v2\/media?parent=807"}],"wp:term":[{"taxonomy":"product_brand","embeddable":true,"href":"https:\/\/zzlcmachinery.com\/sv\/wp-json\/wp\/v2\/product_brand?post=807"},{"taxonomy":"product_cat","embeddable":true,"href":"https:\/\/zzlcmachinery.com\/sv\/wp-json\/wp\/v2\/product_cat?post=807"},{"taxonomy":"product_tag","embeddable":true,"href":"https:\/\/zzlcmachinery.com\/sv\/wp-json\/wp\/v2\/product_tag?post=807"}],"curies":[{"name":"wp","href":"https:\/\/api.w.org\/{rel}","templated":true}]}}