{"id":779,"date":"2022-11-01T13:29:06","date_gmt":"2022-11-01T05:29:06","guid":{"rendered":"https:\/\/zzlcmachinery.com\/?post_type=product&#038;p=779"},"modified":"2023-02-09T20:58:44","modified_gmt":"2023-02-09T12:58:44","slug":"lc-a1-manual-tube-and-pipe-benders","status":"publish","type":"product","link":"https:\/\/zzlcmachinery.com\/sv\/produkt\/lc-a1-manual-tube-and-pipe-benders\/","title":{"rendered":"LC-A1 manuella r\u00f6r- och r\u00f6rbockare"},"content":{"rendered":"","protected":false},"excerpt":{"rendered":"<p>LC-A1 manuella r\u00f6r- och r\u00f6rbockare \u00e4r ett professionellt verktyg f\u00f6r att b\u00f6ja fyrkantsr\u00f6r, runda r\u00f6r, fyrkantiga st\u00e5l, rektangul\u00e4ra r\u00f6r, rostfritt st\u00e5lr\u00f6r, armeringsj\u00e4rn till b\u00e5ge, cirkelformer (0,2-2,0 mm tjocklek)<br \/>\n4 typer av runda r\u00f6rformar kommer med denna maskin: \u03a616mm, \u03a619mm, \u03a622mm, \u03a625mm.<br \/>\nfyrkantsr\u00f6r kommer till denna maskin: 15x15mm, 20x20mm, 25x25mm, 30x30mm, 40x40mm,<br \/>\nSamtidigt finns det tv\u00e5 typer av fyrkantiga st\u00e5lformar (8-12 mm) f\u00f6r selektiv matchning, alla dessa kan g\u00f6ra cirkel, halvcirkel, v\u00e5gformer.<br \/>\n24 timmars onlinetj\u00e4nst, l\u00e5t oss veta om du har n\u00e5gra fr\u00e5gor!<br \/>\n<strong>TEKNISK PARAMETER<br \/>\n<\/strong><strong>Modell: LC-A1<br \/>\nRunt r\u00f6r\u2264<\/strong>\u03a625 mm<strong><br \/>\nFyrkantigt r\u00f6r<\/strong> \u226440x40mm<br \/>\n<strong>Runt st\u00e5l<\/strong> \u2264\u03a68-\u03a612mm<br \/>\n<strong>Fyrkantigt st\u00e5l<\/strong> \u226412mm*12mm<br \/>\n<strong>Kraft:<\/strong> Manuell<br \/>\n<strong>F\u00f6rpackningsm\u00e5tt:<\/strong> 200\u00d7200\u00d7200 mm<br \/>\n<strong>NW (kg):<\/strong>30<br \/>\n<strong>GW (kg):30<\/strong><\/p>","protected":false},"featured_media":784,"template":"","meta":{"_kad_post_transparent":"default","_kad_post_title":"","_kad_post_layout":"default","_kad_post_sidebar_id":"","_kad_post_content_style":"default","_kad_post_vertical_padding":"default","_kad_post_feature":"","_kad_post_feature_position":"","_kad_post_header":false,"_kad_post_footer":false},"product_brand":[],"product_cat":[33,26,34],"product_tag":[287,296,289,295,294,286,298,297,285,284,288,290,283,293,291,292],"class_list":{"0":"post-779","1":"product","2":"type-product","3":"status-publish","4":"has-post-thumbnail","6":"product_cat-manual-wrounght-iron-processing-tools","7":"product_cat-electric-pipe-bending-machine","8":"product_cat-manual-scroll-bender","9":"product_tag-best-manual-tube-bender","10":"product_tag-buy-tube-benders-online","11":"product_tag-hand-tube-bender","12":"product_tag-hand-tube-bender-manual","13":"product_tag-manual-180-tube-bender","14":"product_tag-manual-pipe-tube-bender-set","15":"product_tag-manual-round-tubing-bender","16":"product_tag-manual-square-tube-bending-tool","17":"product_tag-manual-tube-and-pipe-benders","18":"product_tag-manual-tube-bender","19":"product_tag-manual-tube-bender-dies","20":"product_tag-manual-tube-bender-for-sale","21":"product_tag-manual-tubing-benders","22":"product_tag-pipe-bending-machine","23":"product_tag-steel-tube-bender","24":"product_tag-tube-bending-machine","26":"first","27":"instock","28":"shipping-taxable","29":"product-type-simple","30":"entry","31":"content-bg","32":"loop-entry"},"_links":{"self":[{"href":"https:\/\/zzlcmachinery.com\/sv\/wp-json\/wp\/v2\/product\/779","targetHints":{"allow":["GET"]}}],"collection":[{"href":"https:\/\/zzlcmachinery.com\/sv\/wp-json\/wp\/v2\/product"}],"about":[{"href":"https:\/\/zzlcmachinery.com\/sv\/wp-json\/wp\/v2\/types\/product"}],"version-history":[{"count":0,"href":"https:\/\/zzlcmachinery.com\/sv\/wp-json\/wp\/v2\/product\/779\/revisions"}],"wp:featuredmedia":[{"embeddable":true,"href":"https:\/\/zzlcmachinery.com\/sv\/wp-json\/wp\/v2\/media\/784"}],"wp:attachment":[{"href":"https:\/\/zzlcmachinery.com\/sv\/wp-json\/wp\/v2\/media?parent=779"}],"wp:term":[{"taxonomy":"product_brand","embeddable":true,"href":"https:\/\/zzlcmachinery.com\/sv\/wp-json\/wp\/v2\/product_brand?post=779"},{"taxonomy":"product_cat","embeddable":true,"href":"https:\/\/zzlcmachinery.com\/sv\/wp-json\/wp\/v2\/product_cat?post=779"},{"taxonomy":"product_tag","embeddable":true,"href":"https:\/\/zzlcmachinery.com\/sv\/wp-json\/wp\/v2\/product_tag?post=779"}],"curies":[{"name":"wp","href":"https:\/\/api.w.org\/{rel}","templated":true}]}}