{"id":741,"date":"2022-10-31T00:04:18","date_gmt":"2022-10-30T16:04:18","guid":{"rendered":"https:\/\/zzlcmachinery.com\/?post_type=product&#038;p=741"},"modified":"2022-11-22T15:20:15","modified_gmt":"2022-11-22T07:20:15","slug":"lc-w3-manual-metal-craft-scroll-bender","status":"publish","type":"product","link":"https:\/\/zzlcmachinery.com\/sv\/produkt\/lc-w3-manual-metal-craft-scroll-bender\/","title":{"rendered":"LC-W3 Manuell Metal Craft Scroll Bender"},"content":{"rendered":"","protected":false},"excerpt":{"rendered":"<p>LC-W3 Manuell Metal Craft Scroll Bender, genom teknisk integration och modifiering, kombinerar denna manuella bockningsmaskin flera original manuella bockningsmaskiner till en multifunktionell manuell bockningsmaskin, som har \u00e4ndrats fr\u00e5n den ursprungliga lilla bearbetningskapaciteten till den bearbetningskapacitet som nu kan vara j\u00e4mf\u00f6rbar med elektriska maskiner. F\u00f6rb\u00e4ttra produktens noggrannhet och styrka, och det finns manualer, utrustningsformar och elektriska bockmaskiner som \u00e4r vanliga, l\u00e4tta att anv\u00e4nda, energisn\u00e5la och milj\u00f6v\u00e4nliga.<br \/>\nDenna produkt kan bearbeta fyrkantigt st\u00e5l, fyrkantigt r\u00f6r, plattj\u00e4rn, runt st\u00e5l, runt r\u00f6r i P, S, C form, dessa m\u00f6nster kan anv\u00e4ndas i stor utstr\u00e4ckning i bearbetning, grindar, trappor, staket, smidesm\u00f6bler etc. Den manuella bockningen maskinen \u00e4r definitivt ett bra val f\u00f6r det inledande skedet av smedens karri\u00e4r.<br \/>\n24 timmars onlinetj\u00e4nst, l\u00e5t oss veta om du har n\u00e5gra fr\u00e5gor!<br \/>\n<strong>TEKNISK PARAMETER<br \/>\n<\/strong><strong>Modell: LC-W5<br \/>\nPlattj\u00e4rn:<\/strong>\u226430*5 mm<br \/>\n<strong>Runt st\u00e5l:<\/strong> \u2264\u03c610mm<br \/>\n<strong>Fyrkantigt st\u00e5l:<\/strong>\u226410*10mm<br \/>\n<strong>Kraft:<\/strong> Manuell<br \/>\n<strong>F\u00f6rpackningsm\u00e5tt:<\/strong> 500\u00d7500\u00d7500 mm<br \/>\n<strong>NW (kg):<\/strong>40<br \/>\n<strong>GW (kg):<\/strong>45<\/p>","protected":false},"featured_media":743,"template":"","meta":{"_kad_post_transparent":"default","_kad_post_title":"","_kad_post_layout":"default","_kad_post_sidebar_id":"","_kad_post_content_style":"default","_kad_post_vertical_padding":"default","_kad_post_feature":"","_kad_post_feature_position":"","_kad_post_header":false,"_kad_post_footer":false},"product_brand":[],"product_cat":[33,34],"product_tag":[253,248,258,247,246,245,244,251,250,254,72,249,252,255,256,257],"class_list":{"0":"post-741","1":"product","2":"type-product","3":"status-publish","4":"has-post-thumbnail","6":"product_cat-manual-wrounght-iron-processing-tools","7":"product_cat-manual-scroll-bender","8":"product_tag-buy-wrought-iron-scroll-bender","9":"product_tag-diy-metal-scroll-bender-2022","10":"product_tag-ellsen-wrought-iron-machinery-factory","11":"product_tag-homemade-metal-scroll-bender-iron-projects","12":"product_tag-how-to-make-a-scroll-bender","13":"product_tag-manual-metal-craft-scroll-bender","14":"product_tag-manual-ornamental-iron-scroll-bender-tools","15":"product_tag-metal-bender-machine","16":"product_tag-metal-craft-bending-tools-ornametal-scroll-bender","17":"product_tag-metal-craft-hand-tools","18":"product_tag-metal-scroll-bender","19":"product_tag-metalcraft-scroll-bender","20":"product_tag-scroll-bender-manual","21":"product_tag-scroll-bender-product","22":"product_tag-scroll-benders-metal-tool-bender-machine","23":"product_tag-scrolls-fabrication-metalcraft","25":"first","26":"instock","27":"shipping-taxable","28":"product-type-simple","29":"entry","30":"content-bg","31":"loop-entry"},"_links":{"self":[{"href":"https:\/\/zzlcmachinery.com\/sv\/wp-json\/wp\/v2\/product\/741","targetHints":{"allow":["GET"]}}],"collection":[{"href":"https:\/\/zzlcmachinery.com\/sv\/wp-json\/wp\/v2\/product"}],"about":[{"href":"https:\/\/zzlcmachinery.com\/sv\/wp-json\/wp\/v2\/types\/product"}],"version-history":[{"count":0,"href":"https:\/\/zzlcmachinery.com\/sv\/wp-json\/wp\/v2\/product\/741\/revisions"}],"wp:featuredmedia":[{"embeddable":true,"href":"https:\/\/zzlcmachinery.com\/sv\/wp-json\/wp\/v2\/media\/743"}],"wp:attachment":[{"href":"https:\/\/zzlcmachinery.com\/sv\/wp-json\/wp\/v2\/media?parent=741"}],"wp:term":[{"taxonomy":"product_brand","embeddable":true,"href":"https:\/\/zzlcmachinery.com\/sv\/wp-json\/wp\/v2\/product_brand?post=741"},{"taxonomy":"product_cat","embeddable":true,"href":"https:\/\/zzlcmachinery.com\/sv\/wp-json\/wp\/v2\/product_cat?post=741"},{"taxonomy":"product_tag","embeddable":true,"href":"https:\/\/zzlcmachinery.com\/sv\/wp-json\/wp\/v2\/product_tag?post=741"}],"curies":[{"name":"wp","href":"https:\/\/api.w.org\/{rel}","templated":true}]}}