{"id":735,"date":"2022-10-30T23:50:58","date_gmt":"2022-10-30T15:50:58","guid":{"rendered":"https:\/\/zzlcmachinery.com\/?post_type=product&#038;p=735"},"modified":"2023-02-09T20:03:43","modified_gmt":"2023-02-09T12:03:43","slug":"lc-hd14pro-electric-multifunction-wrought-iron-ornamental-scroll-bender","status":"publish","type":"product","link":"https:\/\/zzlcmachinery.com\/sv\/produkt\/lc-hd14pro-electric-multifunction-wrought-iron-ornamental-scroll-bender\/","title":{"rendered":"LC-HD14Pro Elektrisk multifunktionssmide f\u00f6r dekorativ rullbockare"},"content":{"rendered":"","protected":false},"excerpt":{"rendered":"<p>LC-HD14Pro elektrisk multifunktion prydnadsrullbockare i smidesj\u00e4rn,<br \/>\ngenom teknisk integration och modifiering kombinerar denna manuella bockningsmaskin flera original manuella bockningsmaskiner till en multifunktionell manuell bockningsmaskin, som har \u00e4ndrats fr\u00e5n den ursprungliga lilla bearbetningskapaciteten till bearbetningskapaciteten som nu kan j\u00e4mf\u00f6ras med den hos elektriska maskiner. F\u00f6rb\u00e4ttra produktens noggrannhet och styrka, och det finns manualer, utrustningsformar och elektriska bockmaskiner som \u00e4r vanliga, l\u00e4tta att anv\u00e4nda, energisn\u00e5la och milj\u00f6v\u00e4nliga.<br \/>\nDenna produkt kan bearbeta fyrkantigt st\u00e5l, fyrkantigt r\u00f6r, plattj\u00e4rn, runt st\u00e5l, runt r\u00f6r i P, S, C form, dessa m\u00f6nster kan anv\u00e4ndas i stor utstr\u00e4ckning i bearbetning, grindar, trappor, staket, smidesm\u00f6bler etc. Den manuella bockningen maskinen \u00e4r definitivt ett bra val f\u00f6r det inledande skedet av smedens karri\u00e4r.<br \/>\n24 timmars onlinetj\u00e4nst, l\u00e5t oss veta om du har n\u00e5gra fr\u00e5gor!<br \/>\n<strong>TEKNISK PARAMETER<br \/>\n<\/strong><strong>Modell: LC-HD14Pro<br \/>\nPlattj\u00e4rn:<\/strong>\u226430*6mm<br \/>\n<strong>Runt st\u00e5l:<\/strong> \u2264\u03c614mm<br \/>\n<strong>Fyrkantigt st\u00e5l:<\/strong>\u226414*14mm<br \/>\n<strong>Fyrkantigt r\u00f6r:<\/strong>\u226414*14mm<br \/>\n<strong>Runt r\u00f6r:<\/strong>\u2264\u03c619mm<br \/>\n<strong>Kraft:<\/strong> Manuell<br \/>\n<strong>F\u00f6rpackningsm\u00e5tt:<\/strong> 600\u00d7600\u00d7600 mm<br \/>\n<strong>NW (kg):<\/strong>50<br \/>\n<strong>GW (kg):<\/strong>55<\/p>","protected":false},"featured_media":736,"template":"","meta":{"_kad_post_transparent":"default","_kad_post_title":"","_kad_post_layout":"default","_kad_post_sidebar_id":"","_kad_post_content_style":"default","_kad_post_vertical_padding":"default","_kad_post_feature":"","_kad_post_feature_position":"","_kad_post_header":false,"_kad_post_footer":false},"product_brand":[],"product_cat":[33,27,34],"product_tag":[232,235,243,49,242,182,234,240,241,239,238,185,192,194,189,111,176,193],"class_list":{"0":"post-735","1":"product","2":"type-product","3":"status-publish","4":"has-post-thumbnail","6":"product_cat-manual-wrounght-iron-processing-tools","7":"product_cat-electric-scroll-bending-machine","8":"product_cat-manual-scroll-bender","9":"product_tag-buy-metal-scroll-bender","10":"product_tag-buy-metal-tube-bender-with-free-dies","11":"product_tag-buy-scroll-bending-machine","12":"product_tag-electric-scroll-bending-machine","13":"product_tag-electric-wrought-iron-scroll-bender-making-machine","14":"product_tag-iron-pattern-bender","15":"product_tag-metal-tube-bender","16":"product_tag-mutifunction-ornamental-iron-tube-scroll-bending-machine-for-sale","17":"product_tag-ornamental-scroll","18":"product_tag-scroll-bender-machine-for-flat-iron-round-pipe-square-steel-square-tube","19":"product_tag-scroll-bender-tools","20":"product_tag-scroll-bending-machine-for-sale","21":"product_tag-scroll-making-machine","22":"product_tag-scroll-pattern-bender-equipment","23":"product_tag-scroll-pattern-bending-machine","24":"product_tag-wrought-iron-machine","25":"product_tag-wrought-iron-scroll-bender-for-sale","26":"product_tag-wrought-iron-scrolling-bending-machine","28":"first","29":"instock","30":"shipping-taxable","31":"product-type-simple","32":"entry","33":"content-bg","34":"loop-entry"},"_links":{"self":[{"href":"https:\/\/zzlcmachinery.com\/sv\/wp-json\/wp\/v2\/product\/735","targetHints":{"allow":["GET"]}}],"collection":[{"href":"https:\/\/zzlcmachinery.com\/sv\/wp-json\/wp\/v2\/product"}],"about":[{"href":"https:\/\/zzlcmachinery.com\/sv\/wp-json\/wp\/v2\/types\/product"}],"version-history":[{"count":0,"href":"https:\/\/zzlcmachinery.com\/sv\/wp-json\/wp\/v2\/product\/735\/revisions"}],"wp:featuredmedia":[{"embeddable":true,"href":"https:\/\/zzlcmachinery.com\/sv\/wp-json\/wp\/v2\/media\/736"}],"wp:attachment":[{"href":"https:\/\/zzlcmachinery.com\/sv\/wp-json\/wp\/v2\/media?parent=735"}],"wp:term":[{"taxonomy":"product_brand","embeddable":true,"href":"https:\/\/zzlcmachinery.com\/sv\/wp-json\/wp\/v2\/product_brand?post=735"},{"taxonomy":"product_cat","embeddable":true,"href":"https:\/\/zzlcmachinery.com\/sv\/wp-json\/wp\/v2\/product_cat?post=735"},{"taxonomy":"product_tag","embeddable":true,"href":"https:\/\/zzlcmachinery.com\/sv\/wp-json\/wp\/v2\/product_tag?post=735"}],"curies":[{"name":"wp","href":"https:\/\/api.w.org\/{rel}","templated":true}]}}