{"id":708,"date":"2022-10-29T23:52:18","date_gmt":"2022-10-29T15:52:18","guid":{"rendered":"https:\/\/zzlcmachinery.com\/?post_type=product&#038;p=708"},"modified":"2022-11-22T15:31:38","modified_gmt":"2022-11-22T07:31:38","slug":"lc-jkdn25c-wrought-iron-metal-twisting-machine","status":"publish","type":"product","link":"https:\/\/zzlcmachinery.com\/sv\/produkt\/lc-jkdn25c-wrought-iron-metal-twisting-machine\/","title":{"rendered":"LC-JKDN25C Twistmaskin av smidesj\u00e4rn och metall"},"content":{"rendered":"","protected":false},"excerpt":{"rendered":"<p>LC-JKDN25C vridningsmaskin av smidesj\u00e4rn \u00e4r en viktig maskin f\u00f6r att tillverka grindar, staket, r\u00e4cken, trappor, m\u00f6bler, j\u00e4rns\u00e4ngar, stolar och bord, smidda j\u00e4rnst\u00e4nger, delar, kranshuvuden f\u00f6r svartsimit. Vridningsmaskinen f\u00f6rb\u00e4ttrar tekniken p\u00e5 basis av den ursprungliga elektriska vridningsmaskinen. Maskinprogrammet korrigeras automatiskt och h\u00e5ller alla produkter lika, s\u00e5 att det kan uppn\u00e5 syftet med massproduktion, LC-JKDN25C denna maskin har bara funktionen att vrida vridningen.<br \/>\nEfter att ha f\u00f6rb\u00e4ttrat maskinen. Denna maskin kan fritt v\u00e4xla mellan vinschmekanismen och den ursprungliga bakdosan. Ta is\u00e4r den teleskopiska glidskenan p\u00e5 det vridbara baks\u00e4tet och tryck sedan p\u00e5 blomkorgsmekanismen f\u00f6r att ansluta den till det ursprungliga eluttaget f\u00f6r att vrida blomkorgen. D\u00e4rf\u00f6r kan kunder \u00f6verv\u00e4ga denna maskin n\u00e4r budgeten \u00e4r begr\u00e4nsad, och n\u00e4r budgeten \u00e4r tillr\u00e4cklig, kan formen kompletteras f\u00f6r att f\u00e5 funktionen att vrida blomkorgsmaskin.<br \/>\nInte bara kan vrida kringelformen, du kan ocks\u00e5 vrida blomkorgar (f\u00e5gelburar).<br \/>\nFormen levereras med maskinen f\u00f6r att ge 9 upps\u00e4ttningar av formar.<br \/>\n24 timmars onlinetj\u00e4nst, l\u00e5t oss veta om du har n\u00e5gra fr\u00e5gor!<br \/>\n<strong>TEKNISK PARAMETER<br \/>\n<\/strong><strong>Modell: LC-JKDN25C<br \/>\nMax arbetsf\u00f6rm\u00e5ga:<\/strong> L\u00e4ngd\u2264200-800 mm<br \/>\n<strong>Fyrkantigt st\u00e5l<\/strong> \u226425\u00d725 mm<br \/>\n<strong>Plattj\u00e4rn<\/strong> \u226480x10mm<br \/>\n<strong>Kraft:<\/strong> 5,2KW<br \/>\n<strong>F\u00f6r gratis dies:<\/strong>6 set fyrkantiga st\u00e5lformar, 3 set plattj\u00e4rnsformar<br \/>\n<strong>Sp\u00e4nning:<\/strong>\u00a0220V\/380V\/415V<br \/>\n<strong>F\u00f6rpackningsm\u00e5tt:<\/strong> 1400\u00d7620\u00d71100mm<br \/>\n<strong>NW (kg):<\/strong> 480\u00a0 \u00a0 \u00a0 <strong>GW (kg):<\/strong> 550<\/p>","protected":false},"featured_media":721,"template":"","meta":{"_kad_post_transparent":"default","_kad_post_title":"","_kad_post_layout":"default","_kad_post_sidebar_id":"","_kad_post_content_style":"default","_kad_post_vertical_padding":"default","_kad_post_feature":"","_kad_post_feature_position":"","_kad_post_header":false,"_kad_post_footer":false},"product_brand":[],"product_cat":[20,29],"product_tag":[196,230,229,204,197,209],"class_list":{"0":"post-708","1":"product","2":"type-product","3":"status-publish","4":"has-post-thumbnail","6":"product_cat-wrought-iron-twisting-machine","7":"product_cat-electric-wrought-iron-processing-machine","8":"product_tag-automatic-wrought-iron-twisting-machine","9":"product_tag-electric-metal-twisting-machine","10":"product_tag-finished-product-of-wrought-iron-twisting-machine","11":"product_tag-multifunctional-wrought-iron-machine","12":"product_tag-twisting-machine-at-best-price-in-china","13":"product_tag-wrought-iron-twist-machine","15":"first","16":"instock","17":"shipping-taxable","18":"product-type-simple","19":"entry","20":"content-bg","21":"loop-entry"},"_links":{"self":[{"href":"https:\/\/zzlcmachinery.com\/sv\/wp-json\/wp\/v2\/product\/708","targetHints":{"allow":["GET"]}}],"collection":[{"href":"https:\/\/zzlcmachinery.com\/sv\/wp-json\/wp\/v2\/product"}],"about":[{"href":"https:\/\/zzlcmachinery.com\/sv\/wp-json\/wp\/v2\/types\/product"}],"version-history":[{"count":0,"href":"https:\/\/zzlcmachinery.com\/sv\/wp-json\/wp\/v2\/product\/708\/revisions"}],"wp:featuredmedia":[{"embeddable":true,"href":"https:\/\/zzlcmachinery.com\/sv\/wp-json\/wp\/v2\/media\/721"}],"wp:attachment":[{"href":"https:\/\/zzlcmachinery.com\/sv\/wp-json\/wp\/v2\/media?parent=708"}],"wp:term":[{"taxonomy":"product_brand","embeddable":true,"href":"https:\/\/zzlcmachinery.com\/sv\/wp-json\/wp\/v2\/product_brand?post=708"},{"taxonomy":"product_cat","embeddable":true,"href":"https:\/\/zzlcmachinery.com\/sv\/wp-json\/wp\/v2\/product_cat?post=708"},{"taxonomy":"product_tag","embeddable":true,"href":"https:\/\/zzlcmachinery.com\/sv\/wp-json\/wp\/v2\/product_tag?post=708"}],"curies":[{"name":"wp","href":"https:\/\/api.w.org\/{rel}","templated":true}]}}