{"id":707,"date":"2022-10-29T23:51:51","date_gmt":"2022-10-29T15:51:51","guid":{"rendered":"https:\/\/zzlcmachinery.com\/?post_type=product&#038;p=707"},"modified":"2022-11-22T15:34:49","modified_gmt":"2022-11-22T07:34:49","slug":"lc-jkdn25e-electric-8-wires-basket-twisting-machine-iron-craft-bird-cage-making-machine-wrought-iron-machine","status":"publish","type":"product","link":"https:\/\/zzlcmachinery.com\/sv\/produkt\/lc-jkdn25e-electric-8-wires-basket-twisting-machine-iron-craft-bird-cage-making-machine-wrought-iron-machine\/","title":{"rendered":"LC-JKDN25E Elektrisk 8-tr\u00e5ds korg vridningsmaskin J\u00e4rnhantverksmaskin f\u00f6r att tillverka f\u00e5gelburar Smidesj\u00e4rnsmaskin"},"content":{"rendered":"","protected":false},"excerpt":{"rendered":"<p>LC-JKDN25E Elektrisk 8-tr\u00e5ds korgvridningsmaskin j\u00e4rnhantverksmaskin f\u00f6r tillverkning av f\u00e5gelburar smidesj\u00e4rnsmaskin \u00e4r ett professionellt metallbearbetningsverktyg speciellt anv\u00e4nt f\u00f6r bearbetning av f\u00e5gelburar med flera tr\u00e5dar. Den kan bearbeta 8-tr\u00e5ds blomkorgar, 4-tr\u00e5ds blomkorg och 12-tr\u00e5ds blomkorg (12-tr\u00e5ds blomkorg som ett anpassningsbart alternativ f\u00f6r kunder). Under bearbetningen m\u00e5ste 4 eller 8 materialtr\u00e5dar bearbetas f\u00f6rst: De tv\u00e5 \u00e4ndarna av materialet m\u00e5ste svetsas samman innan bearbetning.<br \/>\nFramf\u00f6r allt m\u00e5ste produktionen av 8-tr\u00e5ds blomkorgar kalcineras och kylas f\u00f6re bearbetning, och den f\u00e4rdiga produkten \u00e4r utm\u00e4rkt. Den maximala bearbetningsdiametern f\u00f6r denna maskin \u00e4r 25 mm fyrkantsst\u00e5l. Den maximala bearbetningskapaciteten f\u00f6r denna maskin \u00e4r 12 rader med blomkorgar. Maskinen ger slumpm\u00e4ssigt gratis formar. 5 upps\u00e4ttningar blomkorgsformar tillhandah\u00e5lls gratis (inklusive 8-tr\u00e5ds blomkorg och 4-korgs blomkorg): Diametern p\u00e5 bearbetningsformen \u00e4r 12 mm, 14 mm, 18 mm, 20 mm. 24 timmars onlinetj\u00e4nst, l\u00e5t oss veta om du har n\u00e5gra fr\u00e5gor!<br \/>\n<strong>TEKNISK PARAMETER<br \/>\n<\/strong><strong>Modell: LC-JKDN25D<br \/>\nMax arbetsf\u00f6rm\u00e5ga:<\/strong> L\u00e4ngd\u2264200-800 mm<br \/>\n<strong>Fyrkantigt st\u00e5l<\/strong> \u226425\u00d725 mm Runt st\u00e5l:\u03a66mm,\u03a68mm<br \/>\n<strong>Plattj\u00e4rn<\/strong> \u226480x10mm<br \/>\n<strong>Kraft:<\/strong> 5,2KW<br \/>\n<strong>F\u00f6r gratis dies:<\/strong>6 upps\u00e4ttningar fyrkantiga st\u00e5lformar, 3 upps\u00e4ttningar plattj\u00e4rnsformar, 5 upps\u00e4ttningar korgblommar<br \/>\n<strong>Sp\u00e4nning:<\/strong>\u00a0220V\/380V\/415V<br \/>\n<strong>F\u00f6rpackningsm\u00e5tt:<\/strong> 1400\u00d7620\u00d71100mm<br \/>\n<strong>NW (kg):<\/strong> 480\u00a0 \u00a0 \u00a0 <strong>GW (kg):<\/strong> 550<\/p>","protected":false},"featured_media":710,"template":"","meta":{"_kad_post_transparent":"default","_kad_post_title":"","_kad_post_layout":"default","_kad_post_sidebar_id":"","_kad_post_content_style":"default","_kad_post_vertical_padding":"default","_kad_post_feature":"","_kad_post_feature_position":"","_kad_post_header":false,"_kad_post_footer":false},"product_brand":[],"product_cat":[20,29],"product_tag":[214,223,221,228,212,210,226,219,211,225,216,220,222,218,227,224,213,215,111,217],"class_list":{"0":"post-707","1":"product","2":"type-product","3":"status-publish","4":"has-post-thumbnail","6":"product_cat-wrought-iron-twisting-machine","7":"product_cat-electric-wrought-iron-processing-machine","8":"product_tag-basket-maker","9":"product_tag-basket-twister","10":"product_tag-buy-basket-making-tool","11":"product_tag-buy-used-wrought-iron-machines","12":"product_tag-electric-4-wires-basket-twisting-machine","13":"product_tag-electric-8-wires-basket-making-machine","14":"product_tag-ellsen-metalcraft-machinery","15":"product_tag-ellsen-ornamental-wrought-iron","16":"product_tag-iron-craft-bird-cage-making-machine","17":"product_tag-metal-bar-twisting-basket-making-machine","18":"product_tag-metal-craft-basket-making-machine","19":"product_tag-metal-craft-making-attachemnt-steel-twister-tool","20":"product_tag-metal-craft-twister-tool","21":"product_tag-metal-twisting-machine","22":"product_tag-metal-twisting-wrought-iron-machine-for-making-wire-basket","23":"product_tag-steel-basket-twist-tool","24":"product_tag-wire-twister-machine","25":"product_tag-wrought-iron-basket-machine","26":"product_tag-wrought-iron-machine","27":"product_tag-wrought-iron-twisting-machine-manufacturers","29":"first","30":"instock","31":"shipping-taxable","32":"product-type-simple","33":"entry","34":"content-bg","35":"loop-entry"},"_links":{"self":[{"href":"https:\/\/zzlcmachinery.com\/sv\/wp-json\/wp\/v2\/product\/707","targetHints":{"allow":["GET"]}}],"collection":[{"href":"https:\/\/zzlcmachinery.com\/sv\/wp-json\/wp\/v2\/product"}],"about":[{"href":"https:\/\/zzlcmachinery.com\/sv\/wp-json\/wp\/v2\/types\/product"}],"version-history":[{"count":0,"href":"https:\/\/zzlcmachinery.com\/sv\/wp-json\/wp\/v2\/product\/707\/revisions"}],"wp:featuredmedia":[{"embeddable":true,"href":"https:\/\/zzlcmachinery.com\/sv\/wp-json\/wp\/v2\/media\/710"}],"wp:attachment":[{"href":"https:\/\/zzlcmachinery.com\/sv\/wp-json\/wp\/v2\/media?parent=707"}],"wp:term":[{"taxonomy":"product_brand","embeddable":true,"href":"https:\/\/zzlcmachinery.com\/sv\/wp-json\/wp\/v2\/product_brand?post=707"},{"taxonomy":"product_cat","embeddable":true,"href":"https:\/\/zzlcmachinery.com\/sv\/wp-json\/wp\/v2\/product_cat?post=707"},{"taxonomy":"product_tag","embeddable":true,"href":"https:\/\/zzlcmachinery.com\/sv\/wp-json\/wp\/v2\/product_tag?post=707"}],"curies":[{"name":"wp","href":"https:\/\/api.w.org\/{rel}","templated":true}]}}