{"id":687,"date":"2022-10-28T18:36:53","date_gmt":"2022-10-28T10:36:53","guid":{"rendered":"https:\/\/zzlcmachinery.com\/?post_type=product&#038;p=687"},"modified":"2022-10-30T18:14:10","modified_gmt":"2022-10-30T10:14:10","slug":"lc-jkdn25d-muliti-function-wrought-iron-metal-twisting-machine-design-for-sale","status":"publish","type":"product","link":"https:\/\/zzlcmachinery.com\/sv\/produkt\/lc-jkdn25d-muliti-function-wrought-iron-metal-twisting-machine-design-for-sale\/","title":{"rendered":"LC-JKDN25D Multifunktion Smidesj\u00e4rn Metall Vridmaskin Design S\u00e4ljs"},"content":{"rendered":"","protected":false},"excerpt":{"rendered":"<p>LC-JKDN25D Multifunktion smidesj\u00e4rn metall vridningsmaskin design till salu \u00e4r den mest m\u00e5ngsidiga metall vridningsmaskinen, som kan vrida platt j\u00e4rn, fyrkantigt st\u00e5l, runt st\u00e5l och fyrkantsr\u00f6r. Det kan inte bara bearbeta metallmaterial till vridningsform, utan ocks\u00e5 vrida flera fyrkantiga st\u00e5l eller rundst\u00e5l tillsammans f\u00f6r att bilda flera Twist- eller korgblomm\u00f6nster berikar avsev\u00e4rt den konstn\u00e4rliga bearbetningsstrukturen av d\u00f6rr- och f\u00f6nsterhandledare.<br \/>\nDen maximala kan vrida 25x25 mm fyrkantsst\u00e5l, 30x8 mm plattj\u00e4rn, kan vrida 4 stycken \u03a612 mm rundst\u00e5l, 4 stycken 12x12 mm fyrkantst\u00e5l till en 4-str\u00e5n blomkorgform i tur och ordning.<br \/>\n4-tr\u00e5diga korgar, 8-tr\u00e5diga korgar och 12-tr\u00e5diga korgar finns alla tillg\u00e4ngliga. Materialen som bearbetas till korgblomma \u00e4r ocks\u00e5 mycket vanliga fyrkantst\u00e5l med dimensionerna 4x4 mm, 6x6 mm, 7x7 mm, 8x8 mm och rundst\u00e5l med diametrar p\u00e5 6 mm och 8 mm.<br \/>\nDenna maskin distribuerar slumpm\u00e4ssigt 12 upps\u00e4ttningar av formar, och formarna f\u00f6r 8-tr\u00e5diga och 12-tr\u00e5diga blomkorgar m\u00e5ste k\u00f6pas av kunder.<br \/>\n24 timmars onlinetj\u00e4nst, l\u00e5t oss veta om du har n\u00e5gra fr\u00e5gor!<br \/>\n<strong>TEKNISK PARAMETER<br \/>\n<\/strong><strong>Modell: LC-JKDN25D<br \/>\nMax arbetsf\u00f6rm\u00e5ga:<\/strong> L\u00e4ngd\u2264200-800 mm<br \/>\n<strong>Fyrkantigt st\u00e5l<\/strong> \u226425\u00d725 mm Runt st\u00e5l:\u03a66mm,\u03a68mm<br \/>\n<strong>Plattj\u00e4rn<\/strong> \u226480x10mm<br \/>\n<strong>Kraft:<\/strong> 5,2KW<br \/>\n<strong>F\u00f6r gratis dies:<\/strong>6 upps\u00e4ttningar fyrkantiga st\u00e5lformar, 3 upps\u00e4ttningar plattj\u00e4rnsformar, 4 upps\u00e4ttningar med 4-striktade korgar<br \/>\n<strong>Sp\u00e4nning:<\/strong>\u00a0220V\/380V\/415V<br \/>\n<strong>F\u00f6rpackningsm\u00e5tt:<\/strong> 1400\u00d7620\u00d71100mm<br \/>\n<strong>NW (kg):<\/strong> 480\u00a0 \u00a0 \u00a0 <strong>GW (kg):<\/strong> 550<\/p>","protected":false},"featured_media":690,"template":"","meta":{"_kad_post_transparent":"default","_kad_post_title":"","_kad_post_layout":"default","_kad_post_sidebar_id":"","_kad_post_content_style":"default","_kad_post_vertical_padding":"default","_kad_post_feature":"","_kad_post_feature_position":"","_kad_post_header":false,"_kad_post_footer":false},"product_brand":[],"product_cat":[20,29],"product_tag":[207,208,196,198,206,202,205,200,204,203,197,199,201,209],"class_list":{"0":"post-687","1":"product","2":"type-product","3":"status-publish","4":"has-post-thumbnail","6":"product_cat-wrought-iron-twisting-machine","7":"product_cat-electric-wrought-iron-processing-machine","8":"product_tag-4-strand-flower-basket-electric-twisting-machine","9":"product_tag-8-strand-flower-basket-electric-twisting-machine","10":"product_tag-automatic-wrought-iron-twisting-machine","11":"product_tag-ellsen-wrought-iron-machine","12":"product_tag-flower-ball-twisting-machine-for-wrought-iron","13":"product_tag-high-quality-wrought-iron-twisting-machine","14":"product_tag-muliti-function-wrought-iron-metal-twisting-machine-design","15":"product_tag-multi-function-wrought-iron-machine-for-sale","16":"product_tag-multifunctional-wrought-iron-machine","17":"product_tag-twisting-machine","18":"product_tag-twisting-machine-at-best-price-in-china","19":"product_tag-twisting-machines","20":"product_tag-wrought-iron-metal-twisting-machine-for-sale","21":"product_tag-wrought-iron-twist-machine","23":"first","24":"instock","25":"shipping-taxable","26":"product-type-simple","27":"entry","28":"content-bg","29":"loop-entry"},"_links":{"self":[{"href":"https:\/\/zzlcmachinery.com\/sv\/wp-json\/wp\/v2\/product\/687","targetHints":{"allow":["GET"]}}],"collection":[{"href":"https:\/\/zzlcmachinery.com\/sv\/wp-json\/wp\/v2\/product"}],"about":[{"href":"https:\/\/zzlcmachinery.com\/sv\/wp-json\/wp\/v2\/types\/product"}],"version-history":[{"count":0,"href":"https:\/\/zzlcmachinery.com\/sv\/wp-json\/wp\/v2\/product\/687\/revisions"}],"wp:featuredmedia":[{"embeddable":true,"href":"https:\/\/zzlcmachinery.com\/sv\/wp-json\/wp\/v2\/media\/690"}],"wp:attachment":[{"href":"https:\/\/zzlcmachinery.com\/sv\/wp-json\/wp\/v2\/media?parent=687"}],"wp:term":[{"taxonomy":"product_brand","embeddable":true,"href":"https:\/\/zzlcmachinery.com\/sv\/wp-json\/wp\/v2\/product_brand?post=687"},{"taxonomy":"product_cat","embeddable":true,"href":"https:\/\/zzlcmachinery.com\/sv\/wp-json\/wp\/v2\/product_cat?post=687"},{"taxonomy":"product_tag","embeddable":true,"href":"https:\/\/zzlcmachinery.com\/sv\/wp-json\/wp\/v2\/product_tag?post=687"}],"curies":[{"name":"wp","href":"https:\/\/api.w.org\/{rel}","templated":true}]}}