{"id":670,"date":"2022-10-26T00:24:58","date_gmt":"2022-10-25T16:24:58","guid":{"rendered":"https:\/\/zzlcmachinery.com\/?post_type=product&#038;p=670"},"modified":"2022-11-22T15:47:14","modified_gmt":"2022-11-22T07:47:14","slug":"lc-jk30-program-controlled-pattern-bender-metal-scroll-bending-machine","status":"publish","type":"product","link":"https:\/\/zzlcmachinery.com\/sv\/produkt\/lc-jk30-program-controlled-pattern-bender-metal-scroll-bending-machine\/","title":{"rendered":"LC-JK30 Programkontrollerad m\u00f6nsterbockningsmaskin f\u00f6r metallrulle"},"content":{"rendered":"","protected":false},"excerpt":{"rendered":"<p>LC-JK30 Programstyrd m\u00f6nsterbockningsmaskin f\u00f6r metallscrollbockning \u00e4r kungens topp bland de m\u00e5nga modellerna av rullbockningsmaskinen. Denna maskin har det st\u00f6rsta bearbetningsomr\u00e5det bland alla maskiner av samma typ. Den kan anv\u00e4ndas f\u00f6r att bearbeta plattj\u00e4rn, fyrkantsst\u00e5l, rundst\u00e5l, fyrkantsr\u00f6r, rundr\u00f6r, och 6 set kommer med maskinen n\u00e4r maskinen ska skickas, dessa 6 set stansar kan g\u00f6ra P, S, C-m\u00f6nster med en maximal diameter p\u00e5 50 cm. Kunderna kan skr\u00e4ddarsy formarna efter sina egna behov. Den maximala diametern kan anpassas P, S, C m\u00f6nsterformar \u00e4r 100 cm.<br \/>\nMaskinen \u00e4r utrustad med en fotkontakt. Operationen \u00e4r bekv\u00e4m och snabb, och maskininl\u00e4rningen g\u00e5r snabbt att l\u00e4ra sig. Det finns manualer och driftvideor f\u00f6r varje smed att l\u00e4ra sig<br \/>\n24 timmars onlinetj\u00e4nst, l\u00e5t oss veta om du har n\u00e5gra fr\u00e5gor!<br \/>\n<strong>TEKNISK PARAMETER<br \/>\n<\/strong><strong>Modell: LC-JK30<br \/>\nPlattj\u00e4rn:<\/strong>\u226480x20mm<br \/>\n<strong>Runt st\u00e5l:<\/strong> \u2264\u03c630mm<br \/>\n<strong>Fyrkantigt st\u00e5l:<\/strong>\u226430x30mm<br \/>\n<strong>Fyrkantigt r\u00f6r:<\/strong>\u226440x40mm Tjocklek p\u00e5 fyrkantsr\u00f6r\u22644mm<br \/>\n<strong>Runt r\u00f6r:<\/strong>\u2264\u03c642mm tjocklek p\u00e5 det runda r\u00f6ret\u22644mm<br \/>\n<strong>Bearbetningshastighet:<\/strong> 200 st \/H<br \/>\n<strong>Kraft:<\/strong> 5,5KW<br \/>\n<strong>Sp\u00e4nning:<\/strong>\u00a0220V\/380V\/415V<br \/>\n<strong>F\u00f6rpackningsm\u00e5tt:<\/strong> 1000\u00d71500\u00d71800mm<br \/>\n<strong>NW (kg):<\/strong> 750<br \/>\n<strong>GW (kg):<\/strong> 800<\/p>","protected":false},"featured_media":683,"template":"","meta":{"_kad_post_transparent":"default","_kad_post_title":"","_kad_post_layout":"default","_kad_post_sidebar_id":"","_kad_post_content_style":"default","_kad_post_vertical_padding":"default","_kad_post_feature":"","_kad_post_feature_position":"","_kad_post_header":false,"_kad_post_footer":false},"product_brand":[],"product_cat":[29,27],"product_tag":[195,191,182,188,187,186,184,183,185,190,192,194,189,111,193],"class_list":{"0":"post-670","1":"product","2":"type-product","3":"status-publish","4":"has-post-thumbnail","6":"product_cat-electric-wrought-iron-processing-machine","7":"product_cat-electric-scroll-bending-machine","8":"product_tag-automatoic-metal-craft-scroll-bender-machine","9":"product_tag-buy-wrought-iron-scroll-bending-machines","10":"product_tag-iron-pattern-bender","11":"product_tag-make-a-metal-scroll-bender","12":"product_tag-metal-craft-scroll-bending-machine-for-sale","13":"product_tag-ornamental-iron-machines","14":"product_tag-program-controiied-scroll-bending-machine","15":"product_tag-program-controlled-pattern-bender-metal-scroll-bending-machine","16":"product_tag-scroll-bending-machine-for-sale","17":"product_tag-scroll-bending-mchinae-programmed-controlled-panels","18":"product_tag-scroll-making-machine","19":"product_tag-scroll-pattern-bender-equipment","20":"product_tag-scroll-pattern-bending-machine","21":"product_tag-wrought-iron-machine","22":"product_tag-wrought-iron-scrolling-bending-machine","24":"first","25":"instock","26":"shipping-taxable","27":"product-type-simple","28":"entry","29":"content-bg","30":"loop-entry"},"_links":{"self":[{"href":"https:\/\/zzlcmachinery.com\/sv\/wp-json\/wp\/v2\/product\/670","targetHints":{"allow":["GET"]}}],"collection":[{"href":"https:\/\/zzlcmachinery.com\/sv\/wp-json\/wp\/v2\/product"}],"about":[{"href":"https:\/\/zzlcmachinery.com\/sv\/wp-json\/wp\/v2\/types\/product"}],"version-history":[{"count":0,"href":"https:\/\/zzlcmachinery.com\/sv\/wp-json\/wp\/v2\/product\/670\/revisions"}],"wp:featuredmedia":[{"embeddable":true,"href":"https:\/\/zzlcmachinery.com\/sv\/wp-json\/wp\/v2\/media\/683"}],"wp:attachment":[{"href":"https:\/\/zzlcmachinery.com\/sv\/wp-json\/wp\/v2\/media?parent=670"}],"wp:term":[{"taxonomy":"product_brand","embeddable":true,"href":"https:\/\/zzlcmachinery.com\/sv\/wp-json\/wp\/v2\/product_brand?post=670"},{"taxonomy":"product_cat","embeddable":true,"href":"https:\/\/zzlcmachinery.com\/sv\/wp-json\/wp\/v2\/product_cat?post=670"},{"taxonomy":"product_tag","embeddable":true,"href":"https:\/\/zzlcmachinery.com\/sv\/wp-json\/wp\/v2\/product_tag?post=670"}],"curies":[{"name":"wp","href":"https:\/\/api.w.org\/{rel}","templated":true}]}}