{"id":664,"date":"2022-10-25T23:47:44","date_gmt":"2022-10-25T15:47:44","guid":{"rendered":"https:\/\/zzlcmachinery.com\/?post_type=product&#038;p=664"},"modified":"2022-11-22T15:50:34","modified_gmt":"2022-11-22T07:50:34","slug":"lc-jk16-diy-wrought-iron-flat-steel-scrolling-bending-machine-metal-scroll-bender","status":"publish","type":"product","link":"https:\/\/zzlcmachinery.com\/sv\/produkt\/lc-jk16-diy-wrought-iron-flat-steel-scrolling-bending-machine-metal-scroll-bender\/","title":{"rendered":"LC-JK16 g\u00f6r-det-sj\u00e4lv smidesj\u00e4rn platt st\u00e5l rullande bockningsmaskin Metal Scroll Bender"},"content":{"rendered":"","protected":false},"excerpt":{"rendered":"<p>LC-JK16 DIY smidesj\u00e4rn platt st\u00e5l rullbockningsmaskin metall scroll bockare anv\u00e4nds ocks\u00e5 f\u00f6r att g\u00f6ra C-formade, P-formade, S-formade, U-formade konstn\u00e4rliga smidesm\u00f6nster och dessutom utrustad med \u03c650mm, \u03c6,30mm, \u03c620mm blockering hjul, som \u00e4r l\u00e4mpliga f\u00f6r bearbetning av olika storlekar av m\u00f6nster. Skillnaden \u00e4r att denna rullbockningsmaskin inte bara kan bearbeta plattj\u00e4rn, rundst\u00e5l, fyrkantsst\u00e5l, utan \u00e4ven rundr\u00f6r och fyrkantsr\u00f6r.<br \/>\nDenna rullbockmaskin kan bearbeta upp till 20x20 mm fyrkantsr\u00f6r med en tjocklek p\u00e5 h\u00f6gst 3 mm och en diameter p\u00e5 20 mm och ett runt r\u00f6r med en tjocklek p\u00e5 h\u00f6gst 3 mm.<br \/>\nMaskinen \u00e4r utrustad med 6 upps\u00e4ttningar formar gratis.<br \/>\n24 timmars onlinetj\u00e4nst, l\u00e5t oss veta om du har n\u00e5gra fr\u00e5gor!<br \/>\n<strong>TEKNISK PARAMETER<br \/>\n<\/strong><strong>Modell: LC-JK16<br \/>\nPlattj\u00e4rn:<\/strong>\u22648\u00d750 mm<br \/>\n<strong>Runt st\u00e5l:<\/strong> \u2264\u03c616mm<br \/>\n<strong>Fyrkantigt st\u00e5l:<\/strong>\u226416\u00d716mm<br \/>\n<strong>Fyrkantigt r\u00f6r:<\/strong>\u226420\u00d720 mm Tjocklek p\u00e5 fyrkantsr\u00f6r\u22643 mm<br \/>\n<strong>Runt r\u00f6r:<\/strong>\u2264\u03c620mm tjocklek p\u00e5 det runda r\u00f6ret\u22643mm<br \/>\n<strong>Bearbetningshastighet:<\/strong> 500 st \/H<br \/>\n<strong>Kraft:<\/strong> 2,2KW<br \/>\n<strong>Sp\u00e4nning:<\/strong>\u00a0220V\/380V\/415V<br \/>\n<strong>F\u00f6rpackningsm\u00e5tt:<\/strong> 800\u00d7600\u00d71200 mm<br \/>\n<strong>NW (kg):<\/strong> 350<br \/>\n<strong>GW (kg):<\/strong> 400<\/p>","protected":false},"featured_media":673,"template":"","meta":{"_kad_post_transparent":"default","_kad_post_title":"","_kad_post_layout":"default","_kad_post_sidebar_id":"","_kad_post_content_style":"default","_kad_post_vertical_padding":"default","_kad_post_feature":"","_kad_post_feature_position":"","_kad_post_header":false,"_kad_post_footer":false},"product_brand":[],"product_cat":[29,27],"product_tag":[178,180,175,76,49,182,177,179,72,181],"class_list":{"0":"post-664","1":"product","2":"type-product","3":"status-publish","4":"has-post-thumbnail","6":"product_cat-electric-wrought-iron-processing-machine","7":"product_cat-electric-scroll-bending-machine","8":"product_tag-buy-scroll-bender","9":"product_tag-china-wrought-iron-machine-and-metal-craft-machine","10":"product_tag-diy-wrought-iron-flat-steel-scrolling-bending-machine-metal-scroll-bender","11":"product_tag-electric-flat-iron-scroll-bending-machine","12":"product_tag-electric-scroll-bending-machine","13":"product_tag-iron-pattern-bender","14":"product_tag-manual-meta-scroll-bender","15":"product_tag-metal-craft-bending-tools","16":"product_tag-metal-scroll-bender","17":"product_tag-ornamental-iron-machine-manufacturer","19":"first","20":"instock","21":"shipping-taxable","22":"product-type-simple","23":"entry","24":"content-bg","25":"loop-entry"},"_links":{"self":[{"href":"https:\/\/zzlcmachinery.com\/sv\/wp-json\/wp\/v2\/product\/664","targetHints":{"allow":["GET"]}}],"collection":[{"href":"https:\/\/zzlcmachinery.com\/sv\/wp-json\/wp\/v2\/product"}],"about":[{"href":"https:\/\/zzlcmachinery.com\/sv\/wp-json\/wp\/v2\/types\/product"}],"version-history":[{"count":0,"href":"https:\/\/zzlcmachinery.com\/sv\/wp-json\/wp\/v2\/product\/664\/revisions"}],"wp:featuredmedia":[{"embeddable":true,"href":"https:\/\/zzlcmachinery.com\/sv\/wp-json\/wp\/v2\/media\/673"}],"wp:attachment":[{"href":"https:\/\/zzlcmachinery.com\/sv\/wp-json\/wp\/v2\/media?parent=664"}],"wp:term":[{"taxonomy":"product_brand","embeddable":true,"href":"https:\/\/zzlcmachinery.com\/sv\/wp-json\/wp\/v2\/product_brand?post=664"},{"taxonomy":"product_cat","embeddable":true,"href":"https:\/\/zzlcmachinery.com\/sv\/wp-json\/wp\/v2\/product_cat?post=664"},{"taxonomy":"product_tag","embeddable":true,"href":"https:\/\/zzlcmachinery.com\/sv\/wp-json\/wp\/v2\/product_tag?post=664"}],"curies":[{"name":"wp","href":"https:\/\/api.w.org\/{rel}","templated":true}]}}