{"id":653,"date":"2022-10-23T22:37:30","date_gmt":"2022-10-23T14:37:30","guid":{"rendered":"https:\/\/zzlcmachinery.com\/?post_type=product&#038;p=653"},"modified":"2022-11-22T15:52:22","modified_gmt":"2022-11-22T07:52:22","slug":"china-manufacture-metalcraft-hytraulic-moulder-wrought-iron-machine","status":"publish","type":"product","link":"https:\/\/zzlcmachinery.com\/sv\/produkt\/china-manufacture-metalcraft-hytraulic-moulder-wrought-iron-machine\/","title":{"rendered":"Kina Tillverkning Metalcraft Hytraulic Moulder Smidesj\u00e4rn Machine"},"content":{"rendered":"","protected":false},"excerpt":{"rendered":"<p>LCYY16 Kina tillverkar metalcraft hytraulic formgjutningsmaskin med fabrikspris, denna hydrauliska formningsmaskin \u00e4r f\u00f6r n\u00e4rvarande den mest funktionella hydroformningsmaskinen i metallbearbetningsindustrin. P\u00e5 basis av bearbetning av plattj\u00e4rn, rundst\u00e5l och fyrkantst\u00e5l kan den ocks\u00e5 bearbeta fyrkantiga r\u00f6r och runda r\u00f6r. \u00d6kningen av bearbetningsmaterial kan ytterligare ut\u00f6ka m\u00e5ngfalden av formningsm\u00f6nster. Denna metallhantverksformare kan str\u00e4ngspruta fyrkantigt st\u00e5l, rundst\u00e5l, plattj\u00e4rn, rundr\u00f6r och fyrkantsr\u00f6r till olika former som cirkel, b\u00e5ge och vinkel p\u00e5 en g\u00e5ng.<br \/>\nDenna utrustning av fotkontakten kan frig\u00f6ra h\u00e4nderna p\u00e5 operat\u00f6ren av maskinen, f\u00f6rb\u00e4ttra arbetseffektiviteten, spara arbete och den bekv\u00e4ma och enkla operationen kan l\u00e5ta dig komma ig\u00e5ng snabbt.<br \/>\nBytet av slipverktyget kan slutf\u00f6ras p\u00e5 5 minuter, och 4 upps\u00e4ttningar av formar kan v\u00e4ljas av kunden.<br \/>\nDen hydrauliska formaren f\u00f6ljer med honom slumpm\u00e4ssigt f\u00f6r att bryta 4 upps\u00e4ttningar av fria formar (1 upps\u00e4ttning f\u00f6r vinkelb\u00f6jning och sjudande runda formar, 1 upps\u00e4ttning b\u00e5gr\u00e4tning och inriktning, 2 upps\u00e4ttningar formningsformar) och det finns formar f\u00f6r kunderna att v\u00e4lja.<br \/>\n24 timmars onlinetj\u00e4nst, l\u00e5t oss veta om du har n\u00e5gra fr\u00e5gor!<br \/>\n<strong>TEKNISK PARAMETER<br \/>\n<\/strong><strong>Modell: LC-YY16<br \/>\nMax arbetsf\u00f6rm\u00e5ga:<\/strong> Plattj\u00e4rn\u226410x50mm<br \/>\nRunt st\u00e5l \u2264\u03a616mm Fyrkantigt st\u00e5l\u226416x16mm<br \/>\nRunt r\u00f6r\u2264\u03a680mm Fyrkantigt r\u00f6r\u226480x80mm<br \/>\n<strong>Kraft:<\/strong>7,5KW<br \/>\n<strong>Sp\u00e4nning:<\/strong>\u00a0220V\/380V\/415V<br \/>\n<strong>F\u00f6rpackningsm\u00e5tt:<\/strong> 1300\u00d7700\u00d71400mm<br \/>\n<strong>NW (kg):<\/strong> 780\u00a0 \u00a0 \u00a0 <strong>GW (kg):<\/strong> 850<\/p>","protected":false},"featured_media":659,"template":"","meta":{"_kad_post_transparent":"default","_kad_post_title":"","_kad_post_layout":"default","_kad_post_sidebar_id":"","_kad_post_content_style":"default","_kad_post_vertical_padding":"default","_kad_post_feature":"","_kad_post_feature_position":"","_kad_post_header":false,"_kad_post_footer":false},"product_brand":[],"product_cat":[29,23],"product_tag":[172,133,174,131,173,171,129,51,111],"class_list":{"0":"post-653","1":"product","2":"type-product","3":"status-publish","4":"has-post-thumbnail","6":"product_cat-electric-wrought-iron-processing-machine","7":"product_cat-wrought-iron-hydraulic-moulder","8":"product_tag-blacksmith-equipment","9":"product_tag-buy-metal-craft-hydraulic-moulder","10":"product_tag-china-iron-moulder","11":"product_tag-hydraulic-bending-machine","12":"product_tag-hydraulic-moulder-lanchen-reputable-wrought-iron-supplier","13":"product_tag-lc-yy16-china-manufacture-metalcraft-hytraulic-moulder-wrought-iron-machine","14":"product_tag-metal-craft-hydraulic-moulder","15":"product_tag-wrought-iron-bending-machine","16":"product_tag-wrought-iron-machine","18":"first","19":"instock","20":"shipping-taxable","21":"product-type-simple","22":"entry","23":"content-bg","24":"loop-entry"},"_links":{"self":[{"href":"https:\/\/zzlcmachinery.com\/sv\/wp-json\/wp\/v2\/product\/653","targetHints":{"allow":["GET"]}}],"collection":[{"href":"https:\/\/zzlcmachinery.com\/sv\/wp-json\/wp\/v2\/product"}],"about":[{"href":"https:\/\/zzlcmachinery.com\/sv\/wp-json\/wp\/v2\/types\/product"}],"version-history":[{"count":0,"href":"https:\/\/zzlcmachinery.com\/sv\/wp-json\/wp\/v2\/product\/653\/revisions"}],"wp:featuredmedia":[{"embeddable":true,"href":"https:\/\/zzlcmachinery.com\/sv\/wp-json\/wp\/v2\/media\/659"}],"wp:attachment":[{"href":"https:\/\/zzlcmachinery.com\/sv\/wp-json\/wp\/v2\/media?parent=653"}],"wp:term":[{"taxonomy":"product_brand","embeddable":true,"href":"https:\/\/zzlcmachinery.com\/sv\/wp-json\/wp\/v2\/product_brand?post=653"},{"taxonomy":"product_cat","embeddable":true,"href":"https:\/\/zzlcmachinery.com\/sv\/wp-json\/wp\/v2\/product_cat?post=653"},{"taxonomy":"product_tag","embeddable":true,"href":"https:\/\/zzlcmachinery.com\/sv\/wp-json\/wp\/v2\/product_tag?post=653"}],"curies":[{"name":"wp","href":"https:\/\/api.w.org\/{rel}","templated":true}]}}