{"id":645,"date":"2022-10-23T16:57:20","date_gmt":"2022-10-23T08:57:20","guid":{"rendered":"https:\/\/zzlcmachinery.com\/?post_type=product&#038;p=645"},"modified":"2022-11-22T15:55:02","modified_gmt":"2022-11-22T07:55:02","slug":"electric-decorative-metal-craft-wrought-iron-fishtail-making-machine","status":"publish","type":"product","link":"https:\/\/zzlcmachinery.com\/sv\/produkt\/electric-decorative-metal-craft-wrought-iron-fishtail-making-machine\/","title":{"rendered":"Elektrisk dekorativ metall hantverk Smidesj\u00e4rn Fishtail Making Machine"},"content":{"rendered":"","protected":false},"excerpt":{"rendered":"<p>LC-YW16 Elektrisk dekorativ metallhantverksmaskin f\u00f6r att tillverka fisksvans i smidesj\u00e4rn \u00e4r supermodellen av v\u00e5rt f\u00f6retags forsknings- och utvecklingstest och erfarenhetstest inom smidesmaskiner. Denna varmrullade fisksvansmaskin kan bearbeta fyrkantsr\u00f6r, fyrkantigt st\u00e5l, plattj\u00e4rn, rundst\u00e5l och andra material.<br \/>\nSpeciellt \u00e4r funktionen att bearbeta fyrkantiga r\u00f6r unik f\u00f6r denna metallhantverksmaskin f\u00f6r fisksvansframst\u00e4llning, som kan bearbeta fyrkantiga r\u00f6r i storlekarna 14x14 mm, 16x16 mm, 15x15 mm, 20x20 mm.<br \/>\nDen bearbetade produkten \u00e4ndrar bara l\u00e4ngden och bredden, vilket \u00e4r b\u00e5de vackert och gener\u00f6st. Det \u00e4r en uppgradering av F3- och F4-formuleringarna, som \u00e4ndrar den excentriska rullen till en excentrisk axel, g\u00f6r att rullen \u00e4ndras till en form med tre sp\u00e5r och \u00f6kar livsl\u00e4ngden med tre g\u00e5nger j\u00e4mf\u00f6rt med andra.<br \/>\nDe platta rullarna p\u00e5 utsidan av \u00e4ndpressmaskinhuvudet av smidesj\u00e4rn kan platta till, v\u00e4ssa och t\u00e4ta de fyrkantiga och runda st\u00e4ngerna.<br \/>\n24 timmars onlinetj\u00e4nst, l\u00e5t oss veta om du har n\u00e5gra fr\u00e5gor!<br \/>\n<strong>TEKNISK PARAMETER<br \/>\n<\/strong><strong>Modell: LC-YW16<br \/>\nPlattj\u00e4rn:<\/strong> \u226410X60mm<br \/>\n<strong>Runt st\u00e5l:<\/strong> \u03c616mm<br \/>\n<strong>Fyrkantigt st\u00e5l:<\/strong> \u226416\u00d716mm<br \/>\n<strong>Fyrkantigt r\u00f6r:<\/strong>14x14mm, 16x16mm, 15x15mm, 20x20mm<br \/>\n<strong>Kraft:<\/strong> 3KW<br \/>\n<strong>Sp\u00e4nning:<\/strong>\u00a0220V\/380V\/415V<br \/>\n<strong>F\u00f6rpackningsm\u00e5tt:<\/strong> 1000\u00d7600\u00d71110mm<br \/>\n<strong>NW (kg):<\/strong>380<br \/>\n<strong>GW (kg):<\/strong> 400<\/p>","protected":false},"featured_media":648,"template":"","meta":{"_kad_post_transparent":"default","_kad_post_title":"","_kad_post_layout":"default","_kad_post_sidebar_id":"","_kad_post_content_style":"default","_kad_post_vertical_padding":"default","_kad_post_feature":"","_kad_post_feature_position":"","_kad_post_header":false,"_kad_post_footer":false},"product_brand":[],"product_cat":[29,24],"product_tag":[163,165,167,166,168,162,169,170,164,161,111],"class_list":{"0":"post-645","1":"product","2":"type-product","3":"status-publish","4":"has-post-thumbnail","6":"product_cat-electric-wrought-iron-processing-machine","7":"product_cat-wrought-iron-fishtail-forging-machine","8":"product_tag-china-hot-roll-fishtail-machine-manufacturing-for-sale","9":"product_tag-end-hot-fishtail-for-wrought-iron","10":"product_tag-fishtail-iron-processing-machine","11":"product_tag-hot-roll-end-forging-machine","12":"product_tag-hot-roll-fishtail-machine","13":"product_tag-hot-roll-fishtail-making-machine","14":"product_tag-hot-roll-fishtail-mill","15":"product_tag-hot-rolling-fishtail-forming-machine","16":"product_tag-hot-roll-fishtail-coining-machine","17":"product_tag-wrought-iron-end-press-fishtail-machine","18":"product_tag-wrought-iron-machine","20":"first","21":"instock","22":"shipping-taxable","23":"product-type-simple","24":"entry","25":"content-bg","26":"loop-entry"},"_links":{"self":[{"href":"https:\/\/zzlcmachinery.com\/sv\/wp-json\/wp\/v2\/product\/645","targetHints":{"allow":["GET"]}}],"collection":[{"href":"https:\/\/zzlcmachinery.com\/sv\/wp-json\/wp\/v2\/product"}],"about":[{"href":"https:\/\/zzlcmachinery.com\/sv\/wp-json\/wp\/v2\/types\/product"}],"version-history":[{"count":0,"href":"https:\/\/zzlcmachinery.com\/sv\/wp-json\/wp\/v2\/product\/645\/revisions"}],"wp:featuredmedia":[{"embeddable":true,"href":"https:\/\/zzlcmachinery.com\/sv\/wp-json\/wp\/v2\/media\/648"}],"wp:attachment":[{"href":"https:\/\/zzlcmachinery.com\/sv\/wp-json\/wp\/v2\/media?parent=645"}],"wp:term":[{"taxonomy":"product_brand","embeddable":true,"href":"https:\/\/zzlcmachinery.com\/sv\/wp-json\/wp\/v2\/product_brand?post=645"},{"taxonomy":"product_cat","embeddable":true,"href":"https:\/\/zzlcmachinery.com\/sv\/wp-json\/wp\/v2\/product_cat?post=645"},{"taxonomy":"product_tag","embeddable":true,"href":"https:\/\/zzlcmachinery.com\/sv\/wp-json\/wp\/v2\/product_tag?post=645"}],"curies":[{"name":"wp","href":"https:\/\/api.w.org\/{rel}","templated":true}]}}