{"id":631,"date":"2022-10-20T00:48:38","date_gmt":"2022-10-19T16:48:38","guid":{"rendered":"https:\/\/zzlcmachinery.com\/?post_type=product&#038;p=631"},"modified":"2023-02-18T16:11:26","modified_gmt":"2023-02-18T08:11:26","slug":"buy-metal-craft-steel-coil-rolling-machine-ornament-iron-making-machine","status":"publish","type":"product","link":"https:\/\/zzlcmachinery.com\/sv\/produkt\/buy-metal-craft-steel-coil-rolling-machine-ornament-iron-making-machine\/","title":{"rendered":"K\u00f6p Metal Craft Steel Coil Rolling Machine Ornament Iron Making Machine"},"content":{"rendered":"","protected":false},"excerpt":{"rendered":"<p>LC-CJ16 k\u00f6p metallhantverk st\u00e5lspolrullningsmaskin prydnadsj\u00e4rntillverkningsmaskin, denna hydrauliska rullvalsmaskin anv\u00e4nds f\u00f6r huvudet platt st\u00e5l, fyrkantigt st\u00e5l, rundst\u00e5l och \u00e4ndspole efter uppv\u00e4rmning av runt r\u00f6r. Fiskstj\u00e4rtsj\u00e4rnsmaterial rullas automatiskt. Spolens form \u00e4r ett viktigt m\u00f6nster i smidesj\u00e4rnsprodukter. D\u00e4rf\u00f6r \u00e4r rullmaskinen en viktig maskin l\u00e4mplig f\u00f6r j\u00e4rnkonst, dekoration, tr\u00e4dg\u00e5rdsarbete etc.<br \/>\nJ\u00e4rnmaterial kan rullas till \u03a630, \u03a640, \u03a650 mm diameter blomrullar, som i princip kan uppfylla det internationella vanliga plattj\u00e4rn, fyrkantigt st\u00e5l rundst\u00e5l och runda r\u00f6r (\u00e4nden m\u00e5ste bearbetas till fishtail) som anv\u00e4nds i produktionsprocessen av D\u00f6rrar, f\u00f6nster, ledst\u00e4nger och r\u00e4cken i europeisk stil.<br \/>\nDenna hydrauliska j\u00e4rnspolvalsning har f\u00f6rdelarna med snabb rullning, bekv\u00e4m drift, brett bearbetningsintervall, m\u00e5nga bearbetningsbara material, h\u00f6g kvalitet p\u00e5 rullar och h\u00f6g produktionseffektivitet.<br \/>\n24 timmars onlinetj\u00e4nst, l\u00e5t oss veta om du har n\u00e5gra fr\u00e5gor!<br \/>\n<strong>TEKNISK PARAMETER<br \/>\n<\/strong><strong>Modell: LC-CJ16<br \/>\nMax arbetsf\u00f6rm\u00e5ga:<\/strong> Uppv\u00e4rmt plattj\u00e4rn :10x50mm<br \/>\nFyrkantigt st\u00e5l \u226425x25mm<br \/>\nRunt st\u00e5l \u2264\u03a625mm<br \/>\nRunt r\u00f6r \u2264\u03a625mm<br \/>\n<strong>Kraft:<\/strong> 1,1KW 6P<br \/>\n<strong>Sp\u00e4nning:<\/strong>\u00a0220V\/380V\/415V<br \/>\n<strong>F\u00f6rpackningsm\u00e5tt:<\/strong> 1000\u00d7600\u00d71300mm<br \/>\n<strong>NW (kg):<\/strong> 200\u00a0 \u00a0 \u00a0 <strong>GW (kg):<\/strong> 240<\/p>","protected":false},"featured_media":637,"template":"","meta":{"_kad_post_transparent":"default","_kad_post_title":"","_kad_post_layout":"default","_kad_post_sidebar_id":"","_kad_post_content_style":"default","_kad_post_vertical_padding":"default","_kad_post_feature":"","_kad_post_feature_position":"","_kad_post_header":false,"_kad_post_footer":false},"product_brand":[],"product_cat":[25,29],"product_tag":[160,158,155,153,152,159,124,157,156,154],"class_list":{"0":"post-631","1":"product","2":"type-product","3":"status-publish","4":"has-post-thumbnail","6":"product_cat-electric-make-coil-machine-for-metal-craft","7":"product_cat-electric-wrought-iron-processing-machine","8":"product_tag-automatic-blacksmith-coil-rolling-machine","9":"product_tag-buy-metal-craft-steel-coil-rolling-machine-ornament-iron-making-machine","10":"product_tag-electric-coil-rolling-machine","11":"product_tag-electric-making-coil-machine","12":"product_tag-iron-coils-making-machine","13":"product_tag-mechanical-metal-craft-flat-steel-coil-rolling-making-machine-price","14":"product_tag-metal-craft-steel-coil-rolling-machine","15":"product_tag-ornament-iron-making-machine","16":"product_tag-wrought-iron-coil-making","17":"product_tag-wrought-iron-electric-make-coil-machine-for-decorative","19":"first","20":"instock","21":"shipping-taxable","22":"product-type-simple","23":"entry","24":"content-bg","25":"loop-entry"},"_links":{"self":[{"href":"https:\/\/zzlcmachinery.com\/sv\/wp-json\/wp\/v2\/product\/631","targetHints":{"allow":["GET"]}}],"collection":[{"href":"https:\/\/zzlcmachinery.com\/sv\/wp-json\/wp\/v2\/product"}],"about":[{"href":"https:\/\/zzlcmachinery.com\/sv\/wp-json\/wp\/v2\/types\/product"}],"version-history":[{"count":0,"href":"https:\/\/zzlcmachinery.com\/sv\/wp-json\/wp\/v2\/product\/631\/revisions"}],"wp:featuredmedia":[{"embeddable":true,"href":"https:\/\/zzlcmachinery.com\/sv\/wp-json\/wp\/v2\/media\/637"}],"wp:attachment":[{"href":"https:\/\/zzlcmachinery.com\/sv\/wp-json\/wp\/v2\/media?parent=631"}],"wp:term":[{"taxonomy":"product_brand","embeddable":true,"href":"https:\/\/zzlcmachinery.com\/sv\/wp-json\/wp\/v2\/product_brand?post=631"},{"taxonomy":"product_cat","embeddable":true,"href":"https:\/\/zzlcmachinery.com\/sv\/wp-json\/wp\/v2\/product_cat?post=631"},{"taxonomy":"product_tag","embeddable":true,"href":"https:\/\/zzlcmachinery.com\/sv\/wp-json\/wp\/v2\/product_tag?post=631"}],"curies":[{"name":"wp","href":"https:\/\/api.w.org\/{rel}","templated":true}]}}