{"id":618,"date":"2022-10-19T15:15:26","date_gmt":"2022-10-19T07:15:26","guid":{"rendered":"https:\/\/zzlcmachinery.com\/?post_type=product&#038;p=618"},"modified":"2022-11-22T15:59:15","modified_gmt":"2022-11-22T07:59:15","slug":"lc-gp40-high-frequency-metal-induction-heater-for-sale","status":"publish","type":"product","link":"https:\/\/zzlcmachinery.com\/sv\/produkt\/lc-gp40-high-frequency-metal-induction-heater-for-sale\/","title":{"rendered":"LC-GP40 h\u00f6gfrekvent metallinduktionsv\u00e4rmare till salu"},"content":{"rendered":"","protected":false},"excerpt":{"rendered":"<p><strong>LC-GP40 H\u00f6gfrekvent induktionsv\u00e4rmare i metall till salu.<\/strong><br \/>\nDen nya generationen av h\u00f6gfrekvensv\u00e4rmare best\u00e5r av tv\u00e5 delar: v\u00e4rmev\u00e4rd och kylanordning. F\u00f6rstorad vattentank och fyra fl\u00e4ktar kan f\u00e5 maskinen att fungera l\u00e4ngre, \u00e4ven i Afrika, d\u00e4r temperaturen \u00e4r mycket h\u00f6g i v\u00e4rlden, kan den anv\u00e4ndas l\u00e4nge.<br \/>\nDenna metall snabbv\u00e4rmningsmaskin. Maskinens str\u00f6mf\u00f6rs\u00f6rjning \u00e4r stegl\u00f6st justerbar fr\u00e5n 2KW till 20KW. Olika KW kan v\u00e4ljas efter olika materialstorlekar, vilket \u00e4r mycket energibesparande. Vanligtvis \u00e4r maskinen i standby-l\u00e4ge utan uppv\u00e4rmning och sl\u00f6sar inte p\u00e5 el. Designen f\u00f6r att spara el \u00e4r mycket anv\u00e4ndarv\u00e4nlig.<br \/>\nDessutom \u00e4r den h\u00f6gfrekventa uppv\u00e4rmningsmaskinen utrustad med en fotkontakt f\u00f6r att befria arbetarens h\u00e4nder. En oerfaren person kan l\u00e4ra sig och anv\u00e4nda denna maskin inom 10 minuter,<br \/>\nL\u00e5ga underh\u00e5llskostnader, beh\u00f6ver bara lite rent vatten och sm\u00f6rjolja,<br \/>\nMaskinen kan anv\u00e4ndas inte bara f\u00f6r att v\u00e4rma vanligt j\u00e4rn utan \u00e4ven f\u00f6r att sm\u00e4lta guld och silver.<br \/>\n24 timmars onlinetj\u00e4nst, l\u00e5t oss veta om du har n\u00e5gra fr\u00e5gor!<br \/>\n<strong>TEKNISK PARAMETER<br \/>\n<\/strong><strong>Modell: LC-GPIV36<br \/>\nMax arbetsf\u00f6rm\u00e5ga:<\/strong> Plattj\u00e4rn\u22646x50mm<br \/>\nFyrkantigt st\u00e5l \u226420X20mm<br \/>\nRunt st\u00e5l\u226420mm<br \/>\n<strong>Kraft:<\/strong>utg\u00e5ngssp\u00e4nning elektrisk str\u00f6m: 300A-1400A<br \/>\nIng\u00e5ng elektric str\u00f6m:5-36A<br \/>\n<strong>Sp\u00e4nning:<\/strong> Ing\u00e5ngssp\u00e4nningsomr\u00e5de: 320-420v 50HZ<br \/>\n<strong>F\u00f6rpackningsm\u00e5tt:<\/strong> 500x700x700mm +1200x600x800mm<br \/>\n<strong>NW (kg):<\/strong> 180\u00a0 \u00a0 <strong>GW (kg):<\/strong> 200<\/p>","protected":false},"featured_media":626,"template":"","meta":{"_kad_post_transparent":"default","_kad_post_title":"","_kad_post_layout":"default","_kad_post_sidebar_id":"","_kad_post_content_style":"default","_kad_post_vertical_padding":"default","_kad_post_feature":"","_kad_post_feature_position":"","_kad_post_header":false,"_kad_post_footer":false},"product_brand":[],"product_cat":[29,32],"product_tag":[149,147,150,145,146,151,148],"class_list":{"0":"post-618","1":"product","2":"type-product","3":"status-publish","4":"has-post-thumbnail","6":"product_cat-electric-wrought-iron-processing-machine","7":"product_cat-power-of-iron-effcient-heater","8":"product_tag-application-of-high-frequency-metal-induction-heater-for-sale","9":"product_tag-featured-metal-induction-heater-for-sale","10":"product_tag-high-frequency-metal-induction-heater-for-sale","11":"product_tag-induction-heating-equipment","12":"product_tag-induction-heating-machine-for-metal-forging","13":"product_tag-the-power-of-iron-effcient-heater","14":"product_tag-wrought-iron-machine-induction-heating-forging-equipment","16":"first","17":"instock","18":"shipping-taxable","19":"product-type-simple","20":"entry","21":"content-bg","22":"loop-entry"},"_links":{"self":[{"href":"https:\/\/zzlcmachinery.com\/sv\/wp-json\/wp\/v2\/product\/618","targetHints":{"allow":["GET"]}}],"collection":[{"href":"https:\/\/zzlcmachinery.com\/sv\/wp-json\/wp\/v2\/product"}],"about":[{"href":"https:\/\/zzlcmachinery.com\/sv\/wp-json\/wp\/v2\/types\/product"}],"version-history":[{"count":0,"href":"https:\/\/zzlcmachinery.com\/sv\/wp-json\/wp\/v2\/product\/618\/revisions"}],"wp:featuredmedia":[{"embeddable":true,"href":"https:\/\/zzlcmachinery.com\/sv\/wp-json\/wp\/v2\/media\/626"}],"wp:attachment":[{"href":"https:\/\/zzlcmachinery.com\/sv\/wp-json\/wp\/v2\/media?parent=618"}],"wp:term":[{"taxonomy":"product_brand","embeddable":true,"href":"https:\/\/zzlcmachinery.com\/sv\/wp-json\/wp\/v2\/product_brand?post=618"},{"taxonomy":"product_cat","embeddable":true,"href":"https:\/\/zzlcmachinery.com\/sv\/wp-json\/wp\/v2\/product_cat?post=618"},{"taxonomy":"product_tag","embeddable":true,"href":"https:\/\/zzlcmachinery.com\/sv\/wp-json\/wp\/v2\/product_tag?post=618"}],"curies":[{"name":"wp","href":"https:\/\/api.w.org\/{rel}","templated":true}]}}