{"id":608,"date":"2022-10-18T17:16:42","date_gmt":"2022-10-18T09:16:42","guid":{"rendered":"https:\/\/zzlcmachinery.com\/?post_type=product&#038;p=608"},"modified":"2022-11-22T17:02:01","modified_gmt":"2022-11-22T09:02:01","slug":"iron-efficient-power-heater-for-wrought-iron","status":"publish","type":"product","link":"https:\/\/zzlcmachinery.com\/sv\/produkt\/iron-efficient-power-heater-for-wrought-iron\/","title":{"rendered":"J\u00e4rneffektiv kraftv\u00e4rmare f\u00f6r smidesj\u00e4rn"},"content":{"rendered":"","protected":false},"excerpt":{"rendered":"<p>J\u00e4rneffektiv kraftv\u00e4rmare f\u00f6r smide fr\u00e5n fabrik f\u00f6r metallhantverk.<br \/>\nMetallinduktionsv\u00e4rmare \u00e4r en snabb, s\u00e4ker och effektiv uppv\u00e4rmningsmetod som ofta anv\u00e4nds inom metallbearbetnings- och smidesindustrin. Utrustningen anv\u00e4nder h\u00f6gfrekvent induktionsuppv\u00e4rmning, cirkulerande vattenkylning, fl\u00e4ktkylning och andra tekniker f\u00f6r att g\u00f6ra det m\u00f6jligt f\u00f6r maskinen att kontinuerligt v\u00e4rma upp under l\u00e5ng tid. H\u00f6gfrekvent uppv\u00e4rmningsmaskin anv\u00e4nds ofta i metallsmide, s\u00e5som uppv\u00e4rmning av plattj\u00e4rn, fyrkantigt st\u00e5l, rundst\u00e5l i v\u00e4rmeteknik f\u00f6r j\u00e4rnkonst, uppv\u00e4rmning av delar i h\u00e4rdningsprocess,<br \/>\nDen st\u00f6rsta f\u00f6rdelen med denna maskin \u00e4r att den kan slutf\u00f6ra uppv\u00e4rmningen av 16x16 mm fyrkantsst\u00e5l p\u00e5 5 sekunder, med mindre str\u00f6mf\u00f6rbrukning, snabb uppv\u00e4rmning, s\u00e4kerhetsskydd och reservv\u00e4rmeslingor. Den \u00e4r djupt \u00e4lskad av smeder och d\u00f6rr- och f\u00f6nsterbearbetningsfabriker<br \/>\n24 timmars onlinetj\u00e4nst, l\u00e5t oss veta om du har n\u00e5gra fr\u00e5gor!<br \/>\n<strong>TEKNISK PARAMETER<br \/>\n<\/strong><strong>Modell: LC-GPIV36<br \/>\nMax arbetsf\u00f6rm\u00e5ga:<\/strong> Plattj\u00e4rn\u226410x50mm<br \/>\nFyrkantigt st\u00e5l \u226420X20mm<br \/>\n\u00d6vrigt arbetsstyckes diameter\u226430mm<br \/>\n<strong>Kraft:<\/strong>utg\u00e5ngssp\u00e4nning elektrisk str\u00f6m: 300A-1400A<br \/>\nIng\u00e5ng elektric str\u00f6m:4-36A<br \/>\n<strong>Sp\u00e4nning:<\/strong> Ing\u00e5ngssp\u00e4nningsomr\u00e5de: 320-420v 50HZ<br \/>\n<strong>F\u00f6rpackningsm\u00e5tt:<\/strong> 1050\u00d7680\u00d71520mm<br \/>\n<strong>NW (kg):<\/strong> 230\u00a0 \u00a0 \u00a0<strong>GW (kg):<\/strong> 260<\/p>","protected":false},"featured_media":610,"template":"","meta":{"_kad_post_transparent":"default","_kad_post_title":"","_kad_post_layout":"default","_kad_post_sidebar_id":"","_kad_post_content_style":"default","_kad_post_vertical_padding":"default","_kad_post_feature":"","_kad_post_feature_position":"","_kad_post_header":false,"_kad_post_footer":false},"product_brand":[],"product_cat":[29,32],"product_tag":[140,136,138,142,137,144,139,141,143],"class_list":{"0":"post-608","1":"product","2":"type-product","3":"status-publish","4":"has-post-thumbnail","6":"product_cat-electric-wrought-iron-processing-machine","7":"product_cat-power-of-iron-effcient-heater","8":"product_tag-china-the-power-of-iron-efficient-heate","9":"product_tag-high-frequency-heating-machine","10":"product_tag-iron-efficient-power-heater","11":"product_tag-metal-craft-machines","12":"product_tag-ornamental-iron-machine","13":"product_tag-reliable-quality-iron-effcient-heater","14":"product_tag-the-power-of-iron-efficienet-heater","15":"product_tag-wholesale-el-gp-iv-36-the-power-machine-of-iron-efficient-heater","16":"product_tag-wrought-iron-heating-machine","18":"first","19":"instock","20":"shipping-taxable","21":"product-type-simple","22":"entry","23":"content-bg","24":"loop-entry"},"_links":{"self":[{"href":"https:\/\/zzlcmachinery.com\/sv\/wp-json\/wp\/v2\/product\/608","targetHints":{"allow":["GET"]}}],"collection":[{"href":"https:\/\/zzlcmachinery.com\/sv\/wp-json\/wp\/v2\/product"}],"about":[{"href":"https:\/\/zzlcmachinery.com\/sv\/wp-json\/wp\/v2\/types\/product"}],"version-history":[{"count":0,"href":"https:\/\/zzlcmachinery.com\/sv\/wp-json\/wp\/v2\/product\/608\/revisions"}],"wp:featuredmedia":[{"embeddable":true,"href":"https:\/\/zzlcmachinery.com\/sv\/wp-json\/wp\/v2\/media\/610"}],"wp:attachment":[{"href":"https:\/\/zzlcmachinery.com\/sv\/wp-json\/wp\/v2\/media?parent=608"}],"wp:term":[{"taxonomy":"product_brand","embeddable":true,"href":"https:\/\/zzlcmachinery.com\/sv\/wp-json\/wp\/v2\/product_brand?post=608"},{"taxonomy":"product_cat","embeddable":true,"href":"https:\/\/zzlcmachinery.com\/sv\/wp-json\/wp\/v2\/product_cat?post=608"},{"taxonomy":"product_tag","embeddable":true,"href":"https:\/\/zzlcmachinery.com\/sv\/wp-json\/wp\/v2\/product_tag?post=608"}],"curies":[{"name":"wp","href":"https:\/\/api.w.org\/{rel}","templated":true}]}}