{"id":596,"date":"2022-10-16T20:39:30","date_gmt":"2022-10-16T12:39:30","guid":{"rendered":"https:\/\/zzlcmachinery.com\/?post_type=product&#038;p=596"},"modified":"2022-11-22T16:51:37","modified_gmt":"2022-11-22T08:51:37","slug":"wrought-iron-hydraulic-moulder-machine-for-metal-craft","status":"publish","type":"product","link":"https:\/\/zzlcmachinery.com\/sv\/produkt\/wrought-iron-hydraulic-moulder-machine-for-metal-craft\/","title":{"rendered":"Smidesj\u00e4rn hydraulisk gjutmaskin f\u00f6r metallhantverk"},"content":{"rendered":"","protected":false},"excerpt":{"rendered":"<p>LCDY16 smideshydraulisk formmaskin f\u00f6r metallhantverk f\u00f6r smidesj\u00e4rn med fabrikspris, denna maskin kan bearbeta och b\u00f6ja fyrkantst\u00e5l, rundst\u00e5l och plattj\u00e4rn. Den har tre funktioner: b\u00f6jb\u00e5ge, r\u00e4tning och vinkelb\u00f6jning. Mekanismen kan b\u00f6jas i olika vinklar. H\u00f6g produktionseffektivitet, produkter kan produceras i omg\u00e5ngar, det \u00e4r en idealisk utrustning f\u00f6r dekoration, m\u00f6bler, kommunala tr\u00e4dg\u00e5rdar, bygg- och d\u00f6rr- och f\u00f6nstersmedsbutiker.<br \/>\nMaskinen f\u00f6ljer slumpm\u00e4ssigt med honom f\u00f6r att bryta 4 upps\u00e4ttningar fria formar (1 upps\u00e4ttning f\u00f6r vinkelb\u00f6jning och sjudande runda formar, 1 upps\u00e4ttning b\u00e5gr\u00e4tning och inriktning, 2 upps\u00e4ttningar formningsformar) och det finns formar f\u00f6r kunderna att v\u00e4lja.<br \/>\n24 timmars onlinetj\u00e4nst, l\u00e5t oss veta om du har n\u00e5gra fr\u00e5gor!<br \/>\n<strong>TEKNISK PARAMETER<br \/>\n<\/strong><strong>Modell: LC-DY16A<br \/>\nMax arbetsf\u00f6rm\u00e5ga:<\/strong> Plattj\u00e4rn\u226410x50mm<br \/>\nRunt st\u00e5l \u2264\u03a616mm Fyrkantigt st\u00e5l\u226416x16mm<br \/>\n<strong>Kraft:<\/strong>7,5KW<br \/>\n<strong>Sp\u00e4nning:<\/strong>\u00a0220V\/380V\/415V<br \/>\n<strong>F\u00f6rpackningsm\u00e5tt:<\/strong> 1250\u00d7820\u00d71100mm<br \/>\n<strong>NW (kg):<\/strong> 750\u00a0 \u00a0 \u00a0 <strong>GW (kg):<\/strong> 850<\/p>","protected":false},"featured_media":599,"template":"","meta":{"_kad_post_transparent":"default","_kad_post_title":"","_kad_post_layout":"default","_kad_post_sidebar_id":"","_kad_post_content_style":"default","_kad_post_vertical_padding":"default","_kad_post_feature":"","_kad_post_feature_position":"","_kad_post_header":false,"_kad_post_footer":false},"product_brand":[],"product_cat":[29,23],"product_tag":[135,134,133,132,131,130,129,128],"class_list":{"0":"post-596","1":"product","2":"type-product","3":"status-publish","4":"has-post-thumbnail","6":"product_cat-electric-wrought-iron-processing-machine","7":"product_cat-wrought-iron-hydraulic-moulder","8":"product_tag-anbang-wrought-iron-hydraulic-moulder-blacksmith-machine","9":"product_tag-blacksmith-equipengt","10":"product_tag-buy-metal-craft-hydraulic-moulder","11":"product_tag-finished-prodect-of-wrought-iron-bending-machine","12":"product_tag-hydraulic-bending-machine","13":"product_tag-hydraulic-moulder-reputable-wrought-iron-supplier","14":"product_tag-metal-craft-hydraulic-moulder","15":"product_tag-moulds-of-hydraulic-moulder-machine-for-wrought-iron","17":"first","18":"instock","19":"shipping-taxable","20":"product-type-simple","21":"entry","22":"content-bg","23":"loop-entry"},"_links":{"self":[{"href":"https:\/\/zzlcmachinery.com\/sv\/wp-json\/wp\/v2\/product\/596","targetHints":{"allow":["GET"]}}],"collection":[{"href":"https:\/\/zzlcmachinery.com\/sv\/wp-json\/wp\/v2\/product"}],"about":[{"href":"https:\/\/zzlcmachinery.com\/sv\/wp-json\/wp\/v2\/types\/product"}],"version-history":[{"count":0,"href":"https:\/\/zzlcmachinery.com\/sv\/wp-json\/wp\/v2\/product\/596\/revisions"}],"wp:featuredmedia":[{"embeddable":true,"href":"https:\/\/zzlcmachinery.com\/sv\/wp-json\/wp\/v2\/media\/599"}],"wp:attachment":[{"href":"https:\/\/zzlcmachinery.com\/sv\/wp-json\/wp\/v2\/media?parent=596"}],"wp:term":[{"taxonomy":"product_brand","embeddable":true,"href":"https:\/\/zzlcmachinery.com\/sv\/wp-json\/wp\/v2\/product_brand?post=596"},{"taxonomy":"product_cat","embeddable":true,"href":"https:\/\/zzlcmachinery.com\/sv\/wp-json\/wp\/v2\/product_cat?post=596"},{"taxonomy":"product_tag","embeddable":true,"href":"https:\/\/zzlcmachinery.com\/sv\/wp-json\/wp\/v2\/product_tag?post=596"}],"curies":[{"name":"wp","href":"https:\/\/api.w.org\/{rel}","templated":true}]}}