{"id":586,"date":"2022-10-15T23:03:30","date_gmt":"2022-10-15T15:03:30","guid":{"rendered":"https:\/\/zzlcmachinery.com\/?post_type=product&#038;p=586"},"modified":"2023-02-09T20:09:36","modified_gmt":"2023-02-09T12:09:36","slug":"hot-metal-electric-coil-making-machine-for-wrought-iron-with-factory-price","status":"publish","type":"product","link":"https:\/\/zzlcmachinery.com\/sv\/produkt\/hot-metal-electric-coil-making-machine-for-wrought-iron-with-factory-price\/","title":{"rendered":"Varm metall elektrisk j\u00e4rnspolemaskin f\u00f6r smidesj\u00e4rn med fabrikspris"},"content":{"rendered":"","protected":false},"excerpt":{"rendered":"<p>LC-DDG12A Maskin f\u00f6r tillverkning av elektriska spolar av hetmetall f\u00f6r smide med fabrikspris, den hydrauliska rullmaskinen anv\u00e4nds speciellt f\u00f6r metallvalsning och anv\u00e4nds vid tillverkning av d\u00f6rr- och f\u00f6nsterr\u00e4cken. Ett uppv\u00e4rmt plattj\u00e4rn\u3001fyrkantst\u00e5l\u3001rundst\u00e5l (fisk) svansform) med olika specifikationer kan rullas h\u00e5rt till en metallspole f\u00f6r att bilda en form som en t\u00e4tt omsluten st\u00e5ndare, vilket avsev\u00e4rt f\u00f6rb\u00e4ttrar den eleganta konstn\u00e4rliga formen av metallbearbetning. , det \u00e4r en oumb\u00e4rlig och viktig maskin i den europeiska produktionslinjen f\u00f6r j\u00e4rnbearbetning,<br \/>\nDenna maskin har endast en upps\u00e4ttning gratis formar som skickas med maskinen.<br \/>\nMed hj\u00e4lp av automatisk programkontroll \u00e4r justeringen enkel, operationen \u00e4r enkel och produkten formas p\u00e5 en g\u00e5ng, vilket avsev\u00e4rt f\u00f6rb\u00e4ttrar arbetseffektiviteten.<br \/>\n24 timmars onlinetj\u00e4nst, l\u00e5t oss veta om du har n\u00e5gra fr\u00e5gor!<br \/>\n<strong>TEKNISK PARAMETER<br \/>\n<\/strong><strong>Modell: LC-DDG12A<br \/>\nMax arbetsf\u00f6rm\u00e5ga:<\/strong> Plattj\u00e4rn: 12x4mm-50x8mm<br \/>\nFyrkantigt st\u00e5l \u226412x12mm<br \/>\n<strong>Kraft:<\/strong> 3,5KW<br \/>\n<strong>Sp\u00e4nning:<\/strong>\u00a0220V\/380V\/415V<br \/>\n<strong>F\u00f6rpackningsm\u00e5tt:<\/strong> 1340\u00d7830\u00d71400mm<br \/>\n<strong>NW (kg):<\/strong> 436\u00a0 \u00a0 \u00a0 <strong>GW (kg):<\/strong> 486<\/p>","protected":false},"featured_media":591,"template":"","meta":{"_kad_post_transparent":"default","_kad_post_title":"","_kad_post_layout":"default","_kad_post_sidebar_id":"","_kad_post_content_style":"default","_kad_post_vertical_padding":"default","_kad_post_feature":"","_kad_post_feature_position":"","_kad_post_header":false,"_kad_post_footer":false},"product_brand":[],"product_cat":[25,29],"product_tag":[125,126,127,124,111],"class_list":{"0":"post-586","1":"product","2":"type-product","3":"status-publish","4":"has-post-thumbnail","6":"product_cat-electric-make-coil-machine-for-metal-craft","7":"product_cat-electric-wrought-iron-processing-machine","8":"product_tag-automatic-blacksmith-wrought-iron-coil-making-machine","9":"product_tag-electric-coil-making-machine-manufacturers-suppliers","10":"product_tag-electric-iron-worker-machine","11":"product_tag-metal-craft-steel-coil-rolling-machine","12":"product_tag-wrought-iron-machine","14":"first","15":"instock","16":"shipping-taxable","17":"product-type-simple","18":"entry","19":"content-bg","20":"loop-entry"},"_links":{"self":[{"href":"https:\/\/zzlcmachinery.com\/sv\/wp-json\/wp\/v2\/product\/586","targetHints":{"allow":["GET"]}}],"collection":[{"href":"https:\/\/zzlcmachinery.com\/sv\/wp-json\/wp\/v2\/product"}],"about":[{"href":"https:\/\/zzlcmachinery.com\/sv\/wp-json\/wp\/v2\/types\/product"}],"version-history":[{"count":0,"href":"https:\/\/zzlcmachinery.com\/sv\/wp-json\/wp\/v2\/product\/586\/revisions"}],"wp:featuredmedia":[{"embeddable":true,"href":"https:\/\/zzlcmachinery.com\/sv\/wp-json\/wp\/v2\/media\/591"}],"wp:attachment":[{"href":"https:\/\/zzlcmachinery.com\/sv\/wp-json\/wp\/v2\/media?parent=586"}],"wp:term":[{"taxonomy":"product_brand","embeddable":true,"href":"https:\/\/zzlcmachinery.com\/sv\/wp-json\/wp\/v2\/product_brand?post=586"},{"taxonomy":"product_cat","embeddable":true,"href":"https:\/\/zzlcmachinery.com\/sv\/wp-json\/wp\/v2\/product_cat?post=586"},{"taxonomy":"product_tag","embeddable":true,"href":"https:\/\/zzlcmachinery.com\/sv\/wp-json\/wp\/v2\/product_tag?post=586"}],"curies":[{"name":"wp","href":"https:\/\/api.w.org\/{rel}","templated":true}]}}