{"id":573,"date":"2022-10-15T19:38:39","date_gmt":"2022-10-15T11:38:39","guid":{"rendered":"https:\/\/zzlcmachinery.com\/?post_type=product&#038;p=573"},"modified":"2022-11-22T16:46:50","modified_gmt":"2022-11-22T08:46:50","slug":"lc-dn25d-program-controlled-metal-twisting-wrought-iron-machine","status":"publish","type":"product","link":"https:\/\/zzlcmachinery.com\/sv\/produkt\/lc-dn25d-program-controlled-metal-twisting-wrought-iron-machine\/","title":{"rendered":"LC-DN25D Programkontrollerad metallvridande smidesmaskin"},"content":{"rendered":"","protected":false},"excerpt":{"rendered":"<p>Den mest framtr\u00e4dande f\u00f6rdelen med LC-DN25D Programkontrollerad metallvridande smidesmaskin \u00e4r att den inte bara har vridfunktion utan ocks\u00e5 kan bearbeta f\u00e5gelbursblommor.<br \/>\nMaskinen anv\u00e4nds f\u00f6r d\u00f6rrar, f\u00f6nster, ledst\u00e4nger och j\u00e4rnmetallbearbetning i europeisk stil i konststil. Bearbetningsmaterialen inkluderar plattj\u00e4rn, rundst\u00e5l och fyrkantst\u00e5l av internationella vanliga storlekar. Maskinen har redan st\u00e4llt in bearbetningsprogrammet och kunderna kan \u00e4ven byta till sina egna program. uppstart.<br \/>\nMaskinen kommer att ge 13 upps\u00e4ttningar gratis formar p\u00e5 m\u00e5f\u00e5, och en ny form kan bytas ut p\u00e5 5 minuter.<\/p>\n<p>Vridningar med en l\u00e4ngd p\u00e5 200-800 mm kan vridas, och de med en l\u00e4ngd p\u00e5 mer \u00e4n 800 mm kan vridas i sektioner. h\u00f6g produktivitet.<\/p>\n<p>24 timmars onlinetj\u00e4nst, l\u00e5t oss veta om du har n\u00e5gra fr\u00e5gor!<br \/>\n<strong>TEKNISK PARAMETER<br \/>\n<\/strong><strong>Modell: LC-DN25C<br \/>\nMax arbetsf\u00f6rm\u00e5ga:<\/strong> L\u00e4ngd\u2264200-800 mm<br \/>\n<strong>Fyrkantigt st\u00e5l<\/strong> \u226425\u00d725 mm<br \/>\n<strong>Plattj\u00e4rn<\/strong> \u226430x8mm<br \/>\n<strong>Kraft:<\/strong> 4KW<br \/>\n<strong>F\u00f6r gratis dies:<\/strong>6 set fyrkantiga st\u00e5lverktyg, 3 set plattj\u00e4rnsverktyg<br \/>\n<strong>Sp\u00e4nning:<\/strong>\u00a0220V\/380V\/415V<br \/>\n<strong>F\u00f6rpackningsm\u00e5tt:<\/strong> 1400\u00d7620\u00d71100mm<br \/>\n<strong>NW (kg):<\/strong> 550\u00a0 \u00a0 \u00a0 <strong>GW (kg):<\/strong> 600<\/p>","protected":false},"featured_media":583,"template":"","meta":{"_kad_post_transparent":"default","_kad_post_title":"","_kad_post_layout":"default","_kad_post_sidebar_id":"","_kad_post_content_style":"default","_kad_post_vertical_padding":"default","_kad_post_feature":"","_kad_post_feature_position":"","_kad_post_header":false,"_kad_post_footer":false},"product_brand":[],"product_cat":[20,29],"product_tag":[122,123,121,119,120,115,114,116,117,118,111],"class_list":{"0":"post-573","1":"product","2":"type-product","3":"status-publish","4":"has-post-thumbnail","6":"product_cat-wrought-iron-twisting-machine","7":"product_cat-electric-wrought-iron-processing-machine","8":"product_tag-basket-flower-making-machine-for-wrought-iron","9":"product_tag-basket-twister-machine","10":"product_tag-buy-iron-twisting-machine-at-best-price","11":"product_tag-electric-wrought-iron-square-bar-twisting-machine","12":"product_tag-finished-product-of-metal-twister","13":"product_tag-lanchen-wrought-iron-machine-for-twist-square-steel-and-flat-iron","14":"product_tag-lc-dn25d-program-controlled-metal-twisting-wrought-iron-machine","15":"product_tag-metal-twisting-machine-for-sale","16":"product_tag-metal-twisting-wrought-iron-machine","17":"product_tag-twisting-mchine-for-metal-craft-precessing","18":"product_tag-wrought-iron-machine","20":"first","21":"instock","22":"shipping-taxable","23":"product-type-simple","24":"entry","25":"content-bg","26":"loop-entry"},"_links":{"self":[{"href":"https:\/\/zzlcmachinery.com\/sv\/wp-json\/wp\/v2\/product\/573","targetHints":{"allow":["GET"]}}],"collection":[{"href":"https:\/\/zzlcmachinery.com\/sv\/wp-json\/wp\/v2\/product"}],"about":[{"href":"https:\/\/zzlcmachinery.com\/sv\/wp-json\/wp\/v2\/types\/product"}],"version-history":[{"count":0,"href":"https:\/\/zzlcmachinery.com\/sv\/wp-json\/wp\/v2\/product\/573\/revisions"}],"wp:featuredmedia":[{"embeddable":true,"href":"https:\/\/zzlcmachinery.com\/sv\/wp-json\/wp\/v2\/media\/583"}],"wp:attachment":[{"href":"https:\/\/zzlcmachinery.com\/sv\/wp-json\/wp\/v2\/media?parent=573"}],"wp:term":[{"taxonomy":"product_brand","embeddable":true,"href":"https:\/\/zzlcmachinery.com\/sv\/wp-json\/wp\/v2\/product_brand?post=573"},{"taxonomy":"product_cat","embeddable":true,"href":"https:\/\/zzlcmachinery.com\/sv\/wp-json\/wp\/v2\/product_cat?post=573"},{"taxonomy":"product_tag","embeddable":true,"href":"https:\/\/zzlcmachinery.com\/sv\/wp-json\/wp\/v2\/product_tag?post=573"}],"curies":[{"name":"wp","href":"https:\/\/api.w.org\/{rel}","templated":true}]}}