{"id":552,"date":"2022-09-26T18:37:04","date_gmt":"2022-09-26T10:37:04","guid":{"rendered":"https:\/\/zzlcmachinery.com\/?post_type=product&#038;p=552"},"modified":"2022-11-22T16:42:46","modified_gmt":"2022-11-22T08:42:46","slug":"lc-dn25c-metal-processing-equipment-steel-bar-twisting-machine-for-wrought-iron","status":"publish","type":"product","link":"https:\/\/zzlcmachinery.com\/sv\/produkt\/lc-dn25c-metal-processing-equipment-steel-bar-twisting-machine-for-wrought-iron\/","title":{"rendered":"LC-DN25C metallbearbetningsutrustning St\u00e5lst\u00e5ng vridningsmaskin f\u00f6r smidesj\u00e4rn"},"content":{"rendered":"","protected":false},"excerpt":{"rendered":"<p>LC-DN25C metallbearbetningsutrustning st\u00e5lst\u00e5ng vridningsmaskin f\u00f6r smide anv\u00e4nds huvudsakligen f\u00f6r j\u00e4rnmetallbearbetning, s\u00e5som plattj\u00e4rn, rundst\u00e5l, fyrkantsst\u00e5l, maskinen har manuell inst\u00e4llning och automatiska upprepade bearbetningsfunktioner, vilket kan s\u00e4kerst\u00e4lla enhetligheten i produktbearbetningen , minska arbetstiden och arbetsintensiteten, Det \u00e4r en enkel sak att g\u00f6ra metallbearbetning med samma specifikationer i partier.<br \/>\nSpindelhastigheten j\u00e4mn, b\u00f6jer grovt och s\u00e4kerst\u00e4ller att den mindre profilen och maskinen kan ut\u00f6va sin maximala arbetskapacitet. Vridmaskinen ger slumpm\u00e4ssigt 9 upps\u00e4ttningar gratis formar, och 5 minuter r\u00e4cker f\u00f6r att ers\u00e4tta en ny form. Den maximala bearbetningskapaciteten f\u00f6r matel vridmaskinen \u00e4r 25x25 mm fyrkantsst\u00e5l, 30x8 mm plattj\u00e4rn.<br \/>\nTwist med en l\u00e4ngd p\u00e5 200-800 mm matel kan vridas, och de med en l\u00e4ngd p\u00e5 mer \u00e4n 800 mm kan vridas i sektioner. H\u00f6g produktionseffektivitet, 600 stycken 12x12mm fyrkantsst\u00e5l kan vridas per timme.<br \/>\n24 timmars onlinetj\u00e4nst, l\u00e5t oss veta om du har n\u00e5gra fr\u00e5gor!<br \/>\n<strong>TEKNISK PARAMETER<br \/>\n<\/strong><strong>Modell: LC-DN25C<br \/>\nMax arbetsf\u00f6rm\u00e5ga:<\/strong> L\u00e4ngd\u2264200-800 mm<br \/>\n<strong>Fyrkantigt st\u00e5l<\/strong> \u226425\u00d725 mm<br \/>\n<strong>Plattj\u00e4rn<\/strong> \u226430x8mm<br \/>\n<strong>Kraft:<\/strong> 4KW<br \/>\n<strong>F\u00f6r gratis dies:<\/strong>6 set fyrkantiga st\u00e5lverktyg, 3 set plattj\u00e4rnsverktyg<br \/>\n<strong>Sp\u00e4nning:<\/strong>\u00a0220V\/380V\/415V<br \/>\n<strong>F\u00f6rpackningsm\u00e5tt:<\/strong> 1400\u00d7620\u00d71100mm<br \/>\n<strong>NW (kg):<\/strong> 550\u00a0 \u00a0 \u00a0 <strong>GW (kg):<\/strong> 600<\/p>","protected":false},"featured_media":572,"template":"","meta":{"_kad_post_transparent":"default","_kad_post_title":"","_kad_post_layout":"default","_kad_post_sidebar_id":"","_kad_post_content_style":"default","_kad_post_vertical_padding":"default","_kad_post_feature":"","_kad_post_feature_position":"","_kad_post_header":false,"_kad_post_footer":false},"product_brand":[],"product_cat":[20,29],"product_tag":[113,112,107,108,109,110,111,106],"class_list":{"0":"post-552","1":"product","2":"type-product","3":"status-publish","4":"has-post-thumbnail","6":"product_cat-wrought-iron-twisting-machine","7":"product_cat-electric-wrought-iron-processing-machine","8":"product_tag-basket-iron-metal-twisting-machine","9":"product_tag-electric-twist-machine","10":"product_tag-electric-wrought-iron-end-folding-machine-for-sale","11":"product_tag-iron-bar-twisting-machine","12":"product_tag-torsion-and-twisting-machine","13":"product_tag-twisting-bending-machine","14":"product_tag-wrought-iron-machine","15":"product_tag-wrought-iron-picket-basket-twister-machine","17":"first","18":"instock","19":"shipping-taxable","20":"product-type-simple","21":"entry","22":"content-bg","23":"loop-entry"},"_links":{"self":[{"href":"https:\/\/zzlcmachinery.com\/sv\/wp-json\/wp\/v2\/product\/552","targetHints":{"allow":["GET"]}}],"collection":[{"href":"https:\/\/zzlcmachinery.com\/sv\/wp-json\/wp\/v2\/product"}],"about":[{"href":"https:\/\/zzlcmachinery.com\/sv\/wp-json\/wp\/v2\/types\/product"}],"version-history":[{"count":0,"href":"https:\/\/zzlcmachinery.com\/sv\/wp-json\/wp\/v2\/product\/552\/revisions"}],"wp:featuredmedia":[{"embeddable":true,"href":"https:\/\/zzlcmachinery.com\/sv\/wp-json\/wp\/v2\/media\/572"}],"wp:attachment":[{"href":"https:\/\/zzlcmachinery.com\/sv\/wp-json\/wp\/v2\/media?parent=552"}],"wp:term":[{"taxonomy":"product_brand","embeddable":true,"href":"https:\/\/zzlcmachinery.com\/sv\/wp-json\/wp\/v2\/product_brand?post=552"},{"taxonomy":"product_cat","embeddable":true,"href":"https:\/\/zzlcmachinery.com\/sv\/wp-json\/wp\/v2\/product_cat?post=552"},{"taxonomy":"product_tag","embeddable":true,"href":"https:\/\/zzlcmachinery.com\/sv\/wp-json\/wp\/v2\/product_tag?post=552"}],"curies":[{"name":"wp","href":"https:\/\/api.w.org\/{rel}","templated":true}]}}