{"id":518,"date":"2022-09-21T19:15:14","date_gmt":"2022-09-21T11:15:14","guid":{"rendered":"https:\/\/zzlcmachinery.com\/?post_type=product&#038;p=518"},"modified":"2022-11-22T16:37:52","modified_gmt":"2022-11-22T08:37:52","slug":"lc-f4-electric-multifunction-flat-steel-fishtail-end-forming-machine-for-metal-craft","status":"publish","type":"product","link":"https:\/\/zzlcmachinery.com\/sv\/produkt\/lc-f4-electric-multifunction-flat-steel-fishtail-end-forming-machine-for-metal-craft\/","title":{"rendered":"LC-F4 Elektrisk multifunktionsmaskin f\u00f6r fisksvans\u00e4nde i platt st\u00e5l f\u00f6r metallhantverk"},"content":{"rendered":"","protected":false},"excerpt":{"rendered":"<p>Denna LC-F4 elektriska flerfunktionsmaskin f\u00f6r \u00e4ndformning av fisksvans i platt st\u00e5l f\u00f6r metallhantverk \u00e4r en multifunktionsmaskin f\u00f6r fisksvans, som inte bara kan bearbeta plattj\u00e4rn, rundst\u00e5l, fyrkantigt st\u00e5l till formen av fisksvans (fisksvans med fint m\u00f6nster eller fisksvans med tjockt m\u00f6nster), men kan ocks\u00e5 extrudera spetsiga och platta m\u00f6nster. Denna maskin \u00e4r mycket kostnadseffektiv vid ink\u00f6p av fisksvansbearbetningsmaskiner! Det b\u00f6r noteras att denna LC-F4 fishtail-bearbetningsmaskin m\u00e5ste v\u00e4rma materialet f\u00f6rst och sedan bearbeta det, vilket \u00e4r en varmpressningsmaskin.<br \/>\nDenna maskin \u00e4r designad med en speciell excentrisk axelform, livsl\u00e4ngden \u00e4r tre g\u00e5nger s\u00e5 l\u00e5ng som f\u00f6r F3 fishtail-maskinen.<br \/>\n24 timmars onlinetj\u00e4nst, l\u00e5t oss veta om du har n\u00e5gra fr\u00e5gor!<br \/>\n<strong>TEKNISK PARAMETER<br \/>\n<\/strong><strong>Modell: LC-F4<br \/>\nPlattj\u00e4rn:<\/strong> \u22648\u00d750 mm<br \/>\n<strong>Runt st\u00e5l:<\/strong> \u03c616mm<br \/>\n<strong>Fyrkantigt st\u00e5l:<\/strong> \u226416\u00d716mm<br \/>\n<strong>Kraft:<\/strong> 2,2KW<br \/>\n<strong>Sp\u00e4nning:<\/strong>\u00a0220V\/380V\/415V<br \/>\n<strong>F\u00f6rpackningsm\u00e5tt:<\/strong> 1220\u00d7600\u00d71250mm<br \/>\n<strong>NW (kg):<\/strong> 290<br \/>\n<strong>GW (kg):<\/strong> 340<\/p>","protected":false},"featured_media":522,"template":"","meta":{"_kad_post_transparent":"default","_kad_post_title":"","_kad_post_layout":"default","_kad_post_sidebar_id":"","_kad_post_content_style":"default","_kad_post_vertical_padding":"default","_kad_post_feature":"","_kad_post_feature_position":"","_kad_post_header":false,"_kad_post_footer":false},"product_brand":[],"product_cat":[29,24],"product_tag":[79,86,87,90,80,88,85,83,89],"class_list":{"0":"post-518","1":"product","2":"type-product","3":"status-publish","4":"has-post-thumbnail","6":"product_cat-electric-wrought-iron-processing-machine","7":"product_cat-wrought-iron-fishtail-forging-machine","8":"product_tag-blacksmith-rolling-mill-for-sale","9":"product_tag-china-hot-roll-fishtail-making-mchine","10":"product_tag-die-for-wrought-iron-fishtail-making-machine","11":"product_tag-electric-multifunction-flat-steel-fishtail-end-forming-machine-for-metal-craft","12":"product_tag-fishtail-end-forging-machine","13":"product_tag-fishtail-machine-supplier-and-manufacturer-in-china","14":"product_tag-flat-steel-fishtail-end-forming-machine","15":"product_tag-hot-roll-fishtail-mill-machine","16":"product_tag-metal-fishtail-coining-machine-wrought-iron-machine","18":"first","19":"instock","20":"shipping-taxable","21":"product-type-simple","22":"entry","23":"content-bg","24":"loop-entry"},"_links":{"self":[{"href":"https:\/\/zzlcmachinery.com\/sv\/wp-json\/wp\/v2\/product\/518","targetHints":{"allow":["GET"]}}],"collection":[{"href":"https:\/\/zzlcmachinery.com\/sv\/wp-json\/wp\/v2\/product"}],"about":[{"href":"https:\/\/zzlcmachinery.com\/sv\/wp-json\/wp\/v2\/types\/product"}],"version-history":[{"count":0,"href":"https:\/\/zzlcmachinery.com\/sv\/wp-json\/wp\/v2\/product\/518\/revisions"}],"wp:featuredmedia":[{"embeddable":true,"href":"https:\/\/zzlcmachinery.com\/sv\/wp-json\/wp\/v2\/media\/522"}],"wp:attachment":[{"href":"https:\/\/zzlcmachinery.com\/sv\/wp-json\/wp\/v2\/media?parent=518"}],"wp:term":[{"taxonomy":"product_brand","embeddable":true,"href":"https:\/\/zzlcmachinery.com\/sv\/wp-json\/wp\/v2\/product_brand?post=518"},{"taxonomy":"product_cat","embeddable":true,"href":"https:\/\/zzlcmachinery.com\/sv\/wp-json\/wp\/v2\/product_cat?post=518"},{"taxonomy":"product_tag","embeddable":true,"href":"https:\/\/zzlcmachinery.com\/sv\/wp-json\/wp\/v2\/product_tag?post=518"}],"curies":[{"name":"wp","href":"https:\/\/api.w.org\/{rel}","templated":true}]}}