{"id":514,"date":"2022-09-21T16:28:06","date_gmt":"2022-09-21T08:28:06","guid":{"rendered":"https:\/\/zzlcmachinery.com\/?post_type=product&#038;p=514"},"modified":"2022-11-22T16:23:12","modified_gmt":"2022-11-22T08:23:12","slug":"lc-c2-electric-multi-function-pipe-bending-machine-square-tube-round-pipe-bender","status":"publish","type":"product","link":"https:\/\/zzlcmachinery.com\/sv\/produkt\/lc-c2-electric-multi-function-pipe-bending-machine-square-tube-round-pipe-bender\/","title":{"rendered":"LC-C2 Elektrisk multifunktionsr\u00f6rbockningsmaskin Fyrkantsr\u00f6r Rundr\u00f6rsbockare"},"content":{"rendered":"","protected":false},"excerpt":{"rendered":"<p>Huvudfunktionen hos LC-C2 elektrisk multifunktionsr\u00f6rbockningsmaskin fyrkantsr\u00f6r rundr\u00f6rsbockare \u00e4r att den kan anv\u00e4ndas f\u00f6r att bearbeta b\u00f6jda fyrkantiga och runda r\u00f6r. Genom att justera lagrets l\u00e4ge kan formen p\u00e5 de fyrkantiga och runda r\u00f6ren \u00e4ndras, s\u00e5 att det bearbetade materialet kan formas till cirklar och vinklar med olika diametrar, vilket \u00e4r l\u00e4tt att man\u00f6vrera. B\u00e4rbar och bredare.<br \/>\nMaskinen b\u00e4r slumpm\u00e4ssigt en upps\u00e4ttning av 9 kombinerade formar, gratis anpassade formar kan g\u00f6ras enligt kundens materialstorlek<br \/>\n24 timmars onlinetj\u00e4nst, l\u00e5t oss veta om du har n\u00e5gra fr\u00e5gor!<br \/>\n<strong>TEKNISK PARAMETER<br \/>\n<\/strong><strong>Modell: LC-C2<\/strong><br \/>\n<strong>Runt st\u00e5l:<\/strong> \u03c616mm-76mm<br \/>\n<strong>Fyrkantigt st\u00e5l:<\/strong> \u226415\u00d715mm-80x80mm<br \/>\n<strong>Kraft:<\/strong> 1,1KW<br \/>\n<strong>Sp\u00e4nning:<\/strong>\u00a0220V\/380V\/415V<br \/>\n<strong>F\u00f6rpackningsm\u00e5tt:<\/strong> 1000x700x1000mm<br \/>\n<strong>NW (kg):<\/strong> 210<br \/>\n<strong>GW (kg):<\/strong> 270<\/p>","protected":false},"featured_media":536,"template":"","meta":{"_kad_post_transparent":"default","_kad_post_title":"","_kad_post_layout":"default","_kad_post_sidebar_id":"","_kad_post_content_style":"default","_kad_post_vertical_padding":"default","_kad_post_feature":"","_kad_post_feature_position":"","_kad_post_header":false,"_kad_post_footer":false},"product_brand":[],"product_cat":[30,26],"product_tag":[91,92,93,94,95,96,97,100,101,98,99],"class_list":{"0":"post-514","1":"product","2":"type-product","3":"status-publish","4":"has-post-thumbnail","6":"product_cat-electric-pipe-processing-machine","7":"product_cat-electric-pipe-bending-machine","8":"product_tag-electric-hydraulic-pipe-bender-manufacturers-suppliers","9":"product_tag-electric-multi-function-pipe-bending-machine-square-tube-round-pipe-bender","10":"product_tag-electric-pipe-bender","11":"product_tag-electric-pipe-bender-for-sale","12":"product_tag-electric-pipe-benders-for-sale","13":"product_tag-electric-pipe-tube-bender","14":"product_tag-electric-pipe-tube-bendng-machine","15":"product_tag-electric-round-tube-bending-machine","16":"product_tag-electric-square-tube-bending-machine","17":"product_tag-hydraulic-pipe-bender-for-sale","18":"product_tag-pipe-bending-solution-for-sale","20":"first","21":"instock","22":"shipping-taxable","23":"product-type-simple","24":"entry","25":"content-bg","26":"loop-entry"},"_links":{"self":[{"href":"https:\/\/zzlcmachinery.com\/sv\/wp-json\/wp\/v2\/product\/514","targetHints":{"allow":["GET"]}}],"collection":[{"href":"https:\/\/zzlcmachinery.com\/sv\/wp-json\/wp\/v2\/product"}],"about":[{"href":"https:\/\/zzlcmachinery.com\/sv\/wp-json\/wp\/v2\/types\/product"}],"version-history":[{"count":0,"href":"https:\/\/zzlcmachinery.com\/sv\/wp-json\/wp\/v2\/product\/514\/revisions"}],"wp:featuredmedia":[{"embeddable":true,"href":"https:\/\/zzlcmachinery.com\/sv\/wp-json\/wp\/v2\/media\/536"}],"wp:attachment":[{"href":"https:\/\/zzlcmachinery.com\/sv\/wp-json\/wp\/v2\/media?parent=514"}],"wp:term":[{"taxonomy":"product_brand","embeddable":true,"href":"https:\/\/zzlcmachinery.com\/sv\/wp-json\/wp\/v2\/product_brand?post=514"},{"taxonomy":"product_cat","embeddable":true,"href":"https:\/\/zzlcmachinery.com\/sv\/wp-json\/wp\/v2\/product_cat?post=514"},{"taxonomy":"product_tag","embeddable":true,"href":"https:\/\/zzlcmachinery.com\/sv\/wp-json\/wp\/v2\/product_tag?post=514"}],"curies":[{"name":"wp","href":"https:\/\/api.w.org\/{rel}","templated":true}]}}