{"id":505,"date":"2022-09-19T20:51:29","date_gmt":"2022-09-19T12:51:29","guid":{"rendered":"https:\/\/zzlcmachinery.com\/?post_type=product&#038;p=505"},"modified":"2022-11-22T16:11:14","modified_gmt":"2022-11-22T08:11:14","slug":"lc-dw16e-wrought-iron-scroll-forming-machine-with-factory-price","status":"publish","type":"product","link":"https:\/\/zzlcmachinery.com\/sv\/produkt\/lc-dw16e-wrought-iron-scroll-forming-machine-with-factory-price\/","title":{"rendered":"LC-DW16E Smidesj\u00e4rnsrullformningsmaskin med fabrikspris"},"content":{"rendered":"","protected":false},"excerpt":{"rendered":"<p>LC-DW16E smidesj\u00e4rnsrullformningsmaskin med fabrikspris skiljer sig fr\u00e5n LC-DW16C och LC-DW16D. Rouletten och blockeringsarmen har uppdaterats. Denna maskin beh\u00e5ller inte bara bearbetningskapaciteten f\u00f6r den ursprungliga doseringsformen, utan matchar ocks\u00e5 6 extra stora formar, vilket \u00f6kar storleken. D\u00e4rf\u00f6r \u00e4r storleken p\u00e5 det bearbetade m\u00f6nstret mycket st\u00f6rre och operationen \u00e4r bekv\u00e4mare. Det \u00e4r ett bra val f\u00f6r smidesbutiker och metallbearbetningsfabriker att ut\u00f6ka bearbetningsomr\u00e5det f\u00f6r maskinen.<br \/>\n24 timmars onlinetj\u00e4nst, l\u00e5t oss veta om du har n\u00e5gra fr\u00e5gor!<br \/>\n<strong>TEKNISK PARAMETER<br \/>\n<\/strong><strong>Modell: LC-DW16E<br \/>\nPlattj\u00e4rn:<\/strong> \u22648\u00d750 mm<br \/>\n<strong>Runt st\u00e5l:<\/strong> \u03c616mm<br \/>\n<strong>Fyrkantigt st\u00e5l:<\/strong> \u226416\u00d716mm<br \/>\n<strong>Bearbetningshastighet:<\/strong> 500 st \/H<br \/>\n<strong>Kraft:<\/strong> 2,2KW<br \/>\n<strong>Sp\u00e4nning:<\/strong>\u00a0220V\/380V\/415V<br \/>\n<strong>F\u00f6rpackningsm\u00e5tt:<\/strong> 1900\u00d7710\u00d71420mm<br \/>\n<strong>NW (kg):<\/strong> 1180<br \/>\n<strong>GW (kg):<\/strong> 1300<\/p>","protected":false},"featured_media":498,"template":"","meta":{"_kad_post_transparent":"default","_kad_post_title":"","_kad_post_layout":"default","_kad_post_sidebar_id":"","_kad_post_content_style":"default","_kad_post_vertical_padding":"default","_kad_post_feature":"","_kad_post_feature_position":"","_kad_post_header":false,"_kad_post_footer":false},"product_brand":[],"product_cat":[29,27],"product_tag":[77,76,70,78,71,49,74,66,72,73],"class_list":{"0":"post-505","1":"product","2":"type-product","3":"status-publish","4":"has-post-thumbnail","6":"product_cat-electric-wrought-iron-processing-machine","7":"product_cat-electric-scroll-bending-machine","8":"product_tag-dies-for-scrolling-bending-machine","9":"product_tag-electric-flat-iron-scroll-bending-machine","10":"product_tag-electric-ornamental-bender","11":"product_tag-electric-round-steell-scroll-bending-machine","12":"product_tag-electric-scroll-benders","13":"product_tag-electric-scroll-bending-machine","14":"product_tag-electric-square-steel-scroll-bending-machine","15":"product_tag-metal-roller-bender-for-sale","16":"product_tag-metal-scroll-bender","17":"product_tag-wrought-iron-scrolling","19":"first","20":"instock","21":"shipping-taxable","22":"product-type-simple","23":"entry","24":"content-bg","25":"loop-entry"},"_links":{"self":[{"href":"https:\/\/zzlcmachinery.com\/sv\/wp-json\/wp\/v2\/product\/505","targetHints":{"allow":["GET"]}}],"collection":[{"href":"https:\/\/zzlcmachinery.com\/sv\/wp-json\/wp\/v2\/product"}],"about":[{"href":"https:\/\/zzlcmachinery.com\/sv\/wp-json\/wp\/v2\/types\/product"}],"version-history":[{"count":0,"href":"https:\/\/zzlcmachinery.com\/sv\/wp-json\/wp\/v2\/product\/505\/revisions"}],"wp:featuredmedia":[{"embeddable":true,"href":"https:\/\/zzlcmachinery.com\/sv\/wp-json\/wp\/v2\/media\/498"}],"wp:attachment":[{"href":"https:\/\/zzlcmachinery.com\/sv\/wp-json\/wp\/v2\/media?parent=505"}],"wp:term":[{"taxonomy":"product_brand","embeddable":true,"href":"https:\/\/zzlcmachinery.com\/sv\/wp-json\/wp\/v2\/product_brand?post=505"},{"taxonomy":"product_cat","embeddable":true,"href":"https:\/\/zzlcmachinery.com\/sv\/wp-json\/wp\/v2\/product_cat?post=505"},{"taxonomy":"product_tag","embeddable":true,"href":"https:\/\/zzlcmachinery.com\/sv\/wp-json\/wp\/v2\/product_tag?post=505"}],"curies":[{"name":"wp","href":"https:\/\/api.w.org\/{rel}","templated":true}]}}