{"id":491,"date":"2022-09-18T23:48:30","date_gmt":"2022-09-18T15:48:30","guid":{"rendered":"https:\/\/zzlcmachinery.com\/?post_type=product&#038;p=491"},"modified":"2022-11-22T16:09:22","modified_gmt":"2022-11-22T08:09:22","slug":"lc-f3-decorative-automatic-blacksmith-fishtail-making-machine-for-sale","status":"publish","type":"product","link":"https:\/\/zzlcmachinery.com\/sv\/produkt\/lc-f3-decorative-automatic-blacksmith-fishtail-making-machine-for-sale\/","title":{"rendered":"LC-F3 dekorativ automatisk smedfisksvansmaskin till salu"},"content":{"rendered":"","protected":false},"excerpt":{"rendered":"<p>LC-F3 Dekorativ automatisk smedsfisksvansmaskin till salu, Denna maskin kan anv\u00e4ndas direkt f\u00f6r att bearbeta plattj\u00e4rn, rundst\u00e5l och fyrkantsst\u00e5l, utan att beh\u00f6va platta till materialet, eftersom den bearbetade produkten liknar svansen p\u00e5 en fisk, s\u00e5 det kallas fishtail making machine. Denna fisksvansbearbetningsmaskin \u00e4r utrustad med en cyklonreducerare, som har ett stort vridmoment. Ett speciellt s\u00e4tt f\u00f6r vridmoment\u00f6verf\u00f6ring mellan v\u00e4xell\u00e5dan och arbetsomr\u00e5det. S\u00e4kerst\u00e4ll smidig och p\u00e5litlig drift av maskiner. Maskinen har en bromsok, och matningsl\u00e4ngden kan st\u00e4llas in efter behov. Den kan g\u00f6ra 300 st 8x40 mm fiskstj\u00e4rtar per timme, och den h\u00f6ga produktionseffektiviteten skapar de n\u00f6dv\u00e4ndiga f\u00f6ruts\u00e4ttningarna f\u00f6r massproduktion av d\u00f6rrar och f\u00f6nster.<br \/>\n24 timmars onlinetj\u00e4nst, l\u00e5t oss veta om du har n\u00e5gra fr\u00e5gor!<br \/>\n<strong>TEKNISK PARAMETER<br \/>\n<\/strong><strong>Modell: LC-F3<br \/>\nPlattj\u00e4rn:<\/strong> \u22648\u00d750 mm<br \/>\n<strong>Runt st\u00e5l:<\/strong> \u03c616mm<br \/>\n<strong>Fyrkantigt st\u00e5l:<\/strong> \u226416\u00d716mm<br \/>\n<strong>Kraft:<\/strong> 2,2KW<br \/>\n<strong>Sp\u00e4nning:<\/strong>\u00a0220V\/380V\/415V<br \/>\n<strong>F\u00f6rpackningsm\u00e5tt:<\/strong> 1165\u00d7560\u00d71100mm<br \/>\n<strong>NW (kg):<\/strong> 350<br \/>\n<strong>GW (kg):<\/strong> 400<\/p>","protected":false},"featured_media":507,"template":"","meta":{"_kad_post_transparent":"default","_kad_post_title":"","_kad_post_layout":"default","_kad_post_sidebar_id":"","_kad_post_content_style":"default","_kad_post_vertical_padding":"default","_kad_post_feature":"","_kad_post_feature_position":"","_kad_post_header":false,"_kad_post_footer":false},"product_brand":[],"product_cat":[29,24],"product_tag":[79,80,82,81,83,84],"class_list":{"0":"post-491","1":"product","2":"type-product","3":"status-publish","4":"has-post-thumbnail","6":"product_cat-electric-wrought-iron-processing-machine","7":"product_cat-wrought-iron-fishtail-forging-machine","8":"product_tag-blacksmith-rolling-mill-for-sale","9":"product_tag-fishtail-end-forging-machine","10":"product_tag-fishtail-machine","11":"product_tag-fishtail-machine-manufacturer-supplier","12":"product_tag-hot-roll-fishtail-mill-machine","13":"product_tag-wrought-iron-forging-fishtail-making-machine","15":"first","16":"instock","17":"shipping-taxable","18":"product-type-simple","19":"entry","20":"content-bg","21":"loop-entry"},"_links":{"self":[{"href":"https:\/\/zzlcmachinery.com\/sv\/wp-json\/wp\/v2\/product\/491","targetHints":{"allow":["GET"]}}],"collection":[{"href":"https:\/\/zzlcmachinery.com\/sv\/wp-json\/wp\/v2\/product"}],"about":[{"href":"https:\/\/zzlcmachinery.com\/sv\/wp-json\/wp\/v2\/types\/product"}],"version-history":[{"count":0,"href":"https:\/\/zzlcmachinery.com\/sv\/wp-json\/wp\/v2\/product\/491\/revisions"}],"wp:featuredmedia":[{"embeddable":true,"href":"https:\/\/zzlcmachinery.com\/sv\/wp-json\/wp\/v2\/media\/507"}],"wp:attachment":[{"href":"https:\/\/zzlcmachinery.com\/sv\/wp-json\/wp\/v2\/media?parent=491"}],"wp:term":[{"taxonomy":"product_brand","embeddable":true,"href":"https:\/\/zzlcmachinery.com\/sv\/wp-json\/wp\/v2\/product_brand?post=491"},{"taxonomy":"product_cat","embeddable":true,"href":"https:\/\/zzlcmachinery.com\/sv\/wp-json\/wp\/v2\/product_cat?post=491"},{"taxonomy":"product_tag","embeddable":true,"href":"https:\/\/zzlcmachinery.com\/sv\/wp-json\/wp\/v2\/product_tag?post=491"}],"curies":[{"name":"wp","href":"https:\/\/api.w.org\/{rel}","templated":true}]}}