{"id":476,"date":"2022-09-18T16:47:50","date_gmt":"2022-09-18T08:47:50","guid":{"rendered":"https:\/\/zzlcmachinery.com\/?post_type=product&#038;p=476"},"modified":"2022-11-22T16:06:50","modified_gmt":"2022-11-22T08:06:50","slug":"lc-dw16d-wrought-iron-metal-scroll-bender-automatic-scroll-bending-machine-for-processing-gate-and-windows","status":"publish","type":"product","link":"https:\/\/zzlcmachinery.com\/sv\/produkt\/lc-dw16d-wrought-iron-metal-scroll-bender-automatic-scroll-bending-machine-for-processing-gate-and-windows\/","title":{"rendered":"LC-DW16D Smidesj\u00e4rn Metall Scroll Bender Automatisk rullbockningsmaskin f\u00f6r bearbetning av grind och f\u00f6nster"},"content":{"rendered":"","protected":false},"excerpt":{"rendered":"<p>Denna LC-DW16D automatiska rullbockningsmaskin f\u00f6r smidesj\u00e4rn i metall f\u00f6r att bearbeta grindar och f\u00f6nster \u00e4r mycket l\u00e4mplig f\u00f6r chefen som driver en smedsbutik eller en nyb\u00f6rjarutbildningsinstitution i europeisk stil. Denna maskin levereras med 9 upps\u00e4ttningar gratis formar , varav 6 upps\u00e4ttningar av formar anv\u00e4nds f\u00f6r att b\u00f6ja &quot;C&quot;, &quot;P&quot;, &quot;S&quot; m\u00f6nster av olika storlekar, och de andra 3 upps\u00e4ttningarna av formar anv\u00e4nds f\u00f6r att bearbeta specialformade m\u00f6nster, s\u00e5som kr\u00f6kta b\u00e5gar, kr\u00f6kta h\u00f6rn , utr\u00e4tade, satsb\u00f6jda sm\u00e5 cirklar, etc.<br \/>\n24 timmars onlinetj\u00e4nst, v\u00e4ntar p\u00e5 din f\u00f6rfr\u00e5gan!<br \/>\n<strong>TEKNISK PARAMETER<br \/>\n<\/strong><strong>Modell: LC-DW16D<br \/>\nPlattj\u00e4rn:<\/strong> \u22648\u00d750 mm<br \/>\n<strong>Runt st\u00e5l:<\/strong> \u03c616mm<br \/>\n<strong>Fyrkantigt st\u00e5l:<\/strong> \u226416\u00d716mm<br \/>\n<strong>Rullhastighet:<\/strong> 500 st \/H<br \/>\n<strong>Kraft:<\/strong> 2,2KW<br \/>\n<strong>Sp\u00e4nning:<\/strong>\u00a0220V\/380V\/415V<br \/>\n<strong>F\u00f6rpackningsm\u00e5tt:<\/strong> 1000\u00d7700\u00d71200mm<br \/>\n<strong>NW (kg):<\/strong> 420<br \/>\n<strong>GW (kg):<\/strong> 450<\/p>","protected":false},"featured_media":478,"template":"","meta":{"_kad_post_transparent":"default","_kad_post_title":"","_kad_post_layout":"default","_kad_post_sidebar_id":"","_kad_post_content_style":"default","_kad_post_vertical_padding":"default","_kad_post_feature":"","_kad_post_feature_position":"","_kad_post_header":false,"_kad_post_footer":false},"product_brand":[],"product_cat":[29,27],"product_tag":[68,64,65,66,67,51],"class_list":{"0":"post-476","1":"product","2":"type-product","3":"status-publish","4":"has-post-thumbnail","6":"product_cat-electric-wrought-iron-processing-machine","7":"product_cat-electric-scroll-bending-machine","8":"product_tag-3-special-shaped-device-molds-for-electric-scroll-bending-machine","9":"product_tag-electric-metal-bender-for-sale","10":"product_tag-induction-forge-for-sale","11":"product_tag-metal-roller-bender-for-sale","12":"product_tag-scroll-bender","13":"product_tag-wrought-iron-bending-machine","15":"first","16":"instock","17":"shipping-taxable","18":"product-type-simple","19":"entry","20":"content-bg","21":"loop-entry"},"_links":{"self":[{"href":"https:\/\/zzlcmachinery.com\/sv\/wp-json\/wp\/v2\/product\/476","targetHints":{"allow":["GET"]}}],"collection":[{"href":"https:\/\/zzlcmachinery.com\/sv\/wp-json\/wp\/v2\/product"}],"about":[{"href":"https:\/\/zzlcmachinery.com\/sv\/wp-json\/wp\/v2\/types\/product"}],"version-history":[{"count":0,"href":"https:\/\/zzlcmachinery.com\/sv\/wp-json\/wp\/v2\/product\/476\/revisions"}],"wp:featuredmedia":[{"embeddable":true,"href":"https:\/\/zzlcmachinery.com\/sv\/wp-json\/wp\/v2\/media\/478"}],"wp:attachment":[{"href":"https:\/\/zzlcmachinery.com\/sv\/wp-json\/wp\/v2\/media?parent=476"}],"wp:term":[{"taxonomy":"product_brand","embeddable":true,"href":"https:\/\/zzlcmachinery.com\/sv\/wp-json\/wp\/v2\/product_brand?post=476"},{"taxonomy":"product_cat","embeddable":true,"href":"https:\/\/zzlcmachinery.com\/sv\/wp-json\/wp\/v2\/product_cat?post=476"},{"taxonomy":"product_tag","embeddable":true,"href":"https:\/\/zzlcmachinery.com\/sv\/wp-json\/wp\/v2\/product_tag?post=476"}],"curies":[{"name":"wp","href":"https:\/\/api.w.org\/{rel}","templated":true}]}}