{"id":446,"date":"2022-09-15T15:59:08","date_gmt":"2022-09-15T07:59:08","guid":{"rendered":"https:\/\/zzlcmachinery.com\/?post_type=product&#038;p=446"},"modified":"2022-09-21T21:54:50","modified_gmt":"2022-09-21T13:54:50","slug":"lc-dl60b-metalcraft-automatic-cold-rolling-embossing-machine","status":"publish","type":"product","link":"https:\/\/zzlcmachinery.com\/sv\/produkt\/lc-dl60b-metalcraft-automatic-cold-rolling-embossing-machine\/","title":{"rendered":"LC-DL60B Metalcraft Automatisk kallvalsande pr\u00e4glingsmaskin"},"content":{"rendered":"","protected":false},"excerpt":{"rendered":"<p>LC-DL60B Metalcraft Automatic Cold Rolling Embossing Machine \u00e4r en professionell utrustning f\u00f6r tillverkning av smidd st\u00e5l. Denna maskin \u00e4r ett mycket snabbt s\u00e4tt att tillf\u00f6ra v\u00e4rde till materialet genom att pr\u00e4gla och strukturera metallytor. Den kan bearbeta vanligt platt st\u00e5l, fyrkantsst\u00e5l, fyrkantsr\u00f6r och rundst\u00e5ng till olika smidesmaterial genom att byta olika formar. L\u00e5t kunderna snabbt beh\u00e4rska anv\u00e4ndningen av maskinen och ockupera den lokala marknaden \u00e4r den gyllene nyckeln till att skapa v\u00e4lst\u00e5nd.<br \/>\n<strong>TEKNISK PARAMETER<br \/>\n<\/strong><strong>Modell: LC-DL60B<\/strong><br \/>\n<strong>Plattj\u00e4rn:<\/strong>\u00a0\u226410\u00d760 mm<br \/>\n<strong>Fyrkantigt st\u00e5l:<\/strong>\u00a0\u226425\u00d725 mm<br \/>\n<strong>Fyrkantigt r\u00f6r:<\/strong>\u00a0\u226460\u00d760 mm<br \/>\n<strong>Rullhastighet:<\/strong> 1-408M\/H<br \/>\n<strong>Kraft:<\/strong> 7,5KW<br \/>\n<strong>Sp\u00e4nning:<\/strong> 220V\/380V\/415V 50HZ<br \/>\n<strong>F\u00f6rpackningsm\u00e5tt:<\/strong>\u00a01900\u00d7710\u00d71420mm<br \/>\n<strong>NW (kg):<\/strong> 1180<br \/>\n<strong>GW (kg):<\/strong> 1300<\/p>","protected":false},"featured_media":453,"template":"","meta":{"_kad_post_transparent":"default","_kad_post_title":"hide","_kad_post_layout":"fullwidth","_kad_post_sidebar_id":"","_kad_post_content_style":"unboxed","_kad_post_vertical_padding":"hide","_kad_post_feature":"hide","_kad_post_feature_position":"","_kad_post_header":false,"_kad_post_footer":false},"product_brand":[],"product_cat":[29,19],"product_tag":[56,55,57,54,53],"class_list":{"0":"post-446","1":"product","2":"type-product","3":"status-publish","4":"has-post-thumbnail","6":"product_cat-electric-wrought-iron-processing-machine","7":"product_cat-cold-rolling-embossing-machine","8":"product_tag-black-smith-ornamental-iron-machine","9":"product_tag-cold-rolling-embossing-machine-in-china","10":"product_tag-metal-cold-embossing-machine-adjustable-processing-speed","11":"product_tag-roller-embosser-machine-for-sale","12":"product_tag-wrought-iron-machine-for-iron-work","14":"first","15":"instock","16":"shipping-taxable","17":"product-type-simple","18":"entry","19":"content-bg","20":"loop-entry"},"_links":{"self":[{"href":"https:\/\/zzlcmachinery.com\/sv\/wp-json\/wp\/v2\/product\/446","targetHints":{"allow":["GET"]}}],"collection":[{"href":"https:\/\/zzlcmachinery.com\/sv\/wp-json\/wp\/v2\/product"}],"about":[{"href":"https:\/\/zzlcmachinery.com\/sv\/wp-json\/wp\/v2\/types\/product"}],"version-history":[{"count":0,"href":"https:\/\/zzlcmachinery.com\/sv\/wp-json\/wp\/v2\/product\/446\/revisions"}],"wp:featuredmedia":[{"embeddable":true,"href":"https:\/\/zzlcmachinery.com\/sv\/wp-json\/wp\/v2\/media\/453"}],"wp:attachment":[{"href":"https:\/\/zzlcmachinery.com\/sv\/wp-json\/wp\/v2\/media?parent=446"}],"wp:term":[{"taxonomy":"product_brand","embeddable":true,"href":"https:\/\/zzlcmachinery.com\/sv\/wp-json\/wp\/v2\/product_brand?post=446"},{"taxonomy":"product_cat","embeddable":true,"href":"https:\/\/zzlcmachinery.com\/sv\/wp-json\/wp\/v2\/product_cat?post=446"},{"taxonomy":"product_tag","embeddable":true,"href":"https:\/\/zzlcmachinery.com\/sv\/wp-json\/wp\/v2\/product_tag?post=446"}],"curies":[{"name":"wp","href":"https:\/\/api.w.org\/{rel}","templated":true}]}}