{"id":361,"date":"2022-12-14T00:01:11","date_gmt":"2022-12-13T16:01:11","guid":{"rendered":"https:\/\/zzlcmachinery.com\/?post_type=product&#038;p=361"},"modified":"2022-12-14T00:41:27","modified_gmt":"2022-12-13T16:41:27","slug":"jk-100-metal-sheet-embossing-machine-manufacturers-suppliers","status":"publish","type":"product","link":"https:\/\/zzlcmachinery.com\/sv\/produkt\/jk-100-metal-sheet-embossing-machine-manufacturers-suppliers\/","title":{"rendered":"JK-100 metallpl\u00e5tspr\u00e4glingsmaskiner, tillverkare och leverant\u00f6rer"},"content":{"rendered":"","protected":false},"excerpt":{"rendered":"<p>Denna JK-100 metallpl\u00e5tspr\u00e4glingsmaskintillverkare och leverant\u00f6rer \u00e4r ett professionellt maskineri f\u00f6r bearbetning av j\u00e4rnpl\u00e5t. Materialet som kan bearbetas \u00e4r: j\u00e4rnpl\u00e5t, aluminiumpl\u00e5t, kopparpl\u00e5t, rostfri pl\u00e5t och s\u00e5 vidare. Den har m\u00e5nga f\u00f6rdelar som g\u00f6r den till ett viktigt maskinval f\u00f6r smidesarbete:<br \/>\n1. M\u00f6nstret kan v\u00e4ljas fritt, vi tillhandah\u00e5ller formanpassningsservice.<br \/>\n2. Maskinens bearbetningshastighet kan justeras.<br \/>\n3. Kallvalsad pl\u00e5t, m\u00f6nstret \u00e4r uts\u00f6kt och kommer inte att deformeras.<br \/>\n4. Bredden och tjockleken p\u00e5 maskinbearbetningsmaterialet kan anpassas efter kundens material.<br \/>\n5. Billigt pris h\u00f6g kvalitet, liten CBM och billig frakt.<br \/>\n<strong>TEKNISK PARAMETER<\/strong><br \/>\n<strong>Material:<\/strong>\u00a0J\u00e4rnpl\u00e5t, aluminiumpl\u00e5t, kopparpl\u00e5t, rostfri pl\u00e5t<br \/>\n<strong>Materialbredd: 100<\/strong>mm<br \/>\n<strong>Materialtjocklek<\/strong>: max 2 mm<br \/>\n<strong>Kraft:<\/strong> 2,2KW (enligt bredden och tjockleken p\u00e5 det rullade materialet enligt kundernas faktiska behov)<br \/>\n<strong>Sp\u00e4nning:<\/strong>\u00a0220V\/380V\/415V<br \/>\n<strong>F\u00f6rpackningsm\u00e5tt:<\/strong>\u00a01500\u00d7710\u00d7800 mm<br \/>\n<strong>NW (kg):<\/strong>\u00a0350<br \/>\n<strong>GW (kg):<\/strong>\u00a0400<\/p>","protected":false},"featured_media":1542,"template":"","meta":{"_kad_post_transparent":"default","_kad_post_title":"","_kad_post_layout":"default","_kad_post_sidebar_id":"","_kad_post_content_style":"default","_kad_post_vertical_padding":"default","_kad_post_feature":"","_kad_post_feature_position":"","_kad_post_header":false,"_kad_post_footer":false},"product_brand":[],"product_cat":[19,29],"product_tag":[528,526,525,527,529,520,524,523],"class_list":{"0":"post-361","1":"product","2":"type-product","3":"status-publish","4":"has-post-thumbnail","6":"product_cat-cold-rolling-embossing-machine","7":"product_cat-electric-wrought-iron-processing-machine","8":"product_tag-china-metal-sheet-embossing-machine-factory-suppliers","9":"product_tag-low-price-automatic-metal-sheet-embossing-machine","10":"product_tag-metal-embossing-machine-line","11":"product_tag-metal-sheet-embossing-machine","12":"product_tag-metal-sheet-embossing-machine-at-best-price","13":"product_tag-metal-sheet-embossing-machine-manufacturers-suppliers","14":"product_tag-sheet-metal-embossing-machine","15":"product_tag-sheet-metal-manufacturing","17":"first","18":"instock","19":"shipping-taxable","20":"product-type-simple","21":"entry","22":"content-bg","23":"loop-entry"},"_links":{"self":[{"href":"https:\/\/zzlcmachinery.com\/sv\/wp-json\/wp\/v2\/product\/361","targetHints":{"allow":["GET"]}}],"collection":[{"href":"https:\/\/zzlcmachinery.com\/sv\/wp-json\/wp\/v2\/product"}],"about":[{"href":"https:\/\/zzlcmachinery.com\/sv\/wp-json\/wp\/v2\/types\/product"}],"version-history":[{"count":0,"href":"https:\/\/zzlcmachinery.com\/sv\/wp-json\/wp\/v2\/product\/361\/revisions"}],"wp:featuredmedia":[{"embeddable":true,"href":"https:\/\/zzlcmachinery.com\/sv\/wp-json\/wp\/v2\/media\/1542"}],"wp:attachment":[{"href":"https:\/\/zzlcmachinery.com\/sv\/wp-json\/wp\/v2\/media?parent=361"}],"wp:term":[{"taxonomy":"product_brand","embeddable":true,"href":"https:\/\/zzlcmachinery.com\/sv\/wp-json\/wp\/v2\/product_brand?post=361"},{"taxonomy":"product_cat","embeddable":true,"href":"https:\/\/zzlcmachinery.com\/sv\/wp-json\/wp\/v2\/product_cat?post=361"},{"taxonomy":"product_tag","embeddable":true,"href":"https:\/\/zzlcmachinery.com\/sv\/wp-json\/wp\/v2\/product_tag?post=361"}],"curies":[{"name":"wp","href":"https:\/\/api.w.org\/{rel}","templated":true}]}}