{"id":1552,"date":"2022-12-14T00:42:52","date_gmt":"2022-12-13T16:42:52","guid":{"rendered":"https:\/\/zzlcmachinery.com\/?post_type=product&#038;p=1552"},"modified":"2023-03-08T12:35:05","modified_gmt":"2023-03-08T04:35:05","slug":"jk-300-factory-directly-automatic-metal-sheet-embossing-machine","status":"publish","type":"product","link":"https:\/\/zzlcmachinery.com\/sv\/produkt\/jk-300-factory-directly-automatic-metal-sheet-embossing-machine\/","title":{"rendered":"JK-300 Factory direkt automatisk pr\u00e4glingsmaskin f\u00f6r metallpl\u00e5t"},"content":{"rendered":"","protected":false},"excerpt":{"rendered":"<p>Denna JK-300 Factory direkt automatiska pr\u00e4glingsmaskin f\u00f6r metallpl\u00e5t kan bearbeta kallvalsade j\u00e4rnpl\u00e5tar, aluminiumpl\u00e5tar, pl\u00e5tar av rostfritt st\u00e5l och pl\u00e5tkopparpl\u00e5tar f\u00f6r de m\u00f6nster som kunderna vill ha. En upps\u00e4ttning form medf\u00f6ljer slumpm\u00e4ssigt med maskinen. V\u00e5rt tekniska team kan tillhandah\u00e5lla gratis anpassade designtj\u00e4nster f\u00f6r formar. En m\u00e4ngd olika m\u00f6nsterval kommer definitivt att till\u00e5ta kunder att konkurrera p\u00e5 den h\u00e5rda lokala marknaden. Den sticker ut fr\u00e5n konkurrenterna p\u00e5 grund av sitt unika m\u00f6nster.<br \/>\nDen bearbetade f\u00e4rdiga produkten kan forts\u00e4ttningsvis st\u00e4mplas till den form som kunden \u00f6nskar f\u00f6r d\u00f6rrkarm, galler, f\u00f6nsterkarm, d\u00f6rrpanel, gr\u00f6nt r\u00e4cke etc. Allt kan anv\u00e4ndas i tunna j\u00e4rnpl\u00e5tar med m\u00f6nster.<br \/>\n<strong>TEKNISK PARAMETER<\/strong><br \/>\n<strong>Material:<\/strong>\u00a0J\u00e4rnpl\u00e5t, aluminiumpl\u00e5t, kopparpl\u00e5t, rostfri pl\u00e5t<br \/>\n<strong>Materialbredd: 300<\/strong>mm<br \/>\n<strong>Materialtjocklek<\/strong>: max 2 mm<br \/>\n<strong>Kraft:<\/strong> 4KW (enligt det valsade materialets bredd och tjocklek enligt kundernas faktiska behov)<br \/>\n<strong>Sp\u00e4nning:<\/strong>\u00a0220V\/380V\/415V<br \/>\n<strong>F\u00f6rpackningsm\u00e5tt:<\/strong>\u00a01500\u00d7710\u00d7800 mm<br \/>\n<strong>NW (kg):<\/strong>\u00a0350<br \/>\n<strong>GW (kg):<\/strong>\u00a0400<\/p>","protected":false},"featured_media":1562,"template":"","meta":{"_kad_post_transparent":"default","_kad_post_title":"hide","_kad_post_layout":"fullwidth","_kad_post_sidebar_id":"","_kad_post_content_style":"unboxed","_kad_post_vertical_padding":"hide","_kad_post_feature":"hide","_kad_post_feature_position":"","_kad_post_header":false,"_kad_post_footer":false},"product_brand":[],"product_cat":[19,29],"product_tag":[537,535,533,531,530,536,532,538,534],"class_list":{"0":"post-1552","1":"product","2":"type-product","3":"status-publish","4":"has-post-thumbnail","6":"product_cat-cold-rolling-embossing-machine","7":"product_cat-electric-wrought-iron-processing-machine","8":"product_tag-aluminum-sheet-cold-embossing-machine","9":"product_tag-buy-cold-steel-sheet-embossing-machine","10":"product_tag-cold-roll-former-line","11":"product_tag-copper-sheet-embossing-machine","12":"product_tag-factory-directly-automatic-metal-sheet-embossing-machine","13":"product_tag-iron-sheet-cold-embossing-machine","14":"product_tag-roll-forming-machine-manufacturer","15":"product_tag-stainless-steel-sheet-cold-embossing-machine","16":"product_tag-steel-plate-embossing-machinery","18":"first","19":"instock","20":"shipping-taxable","21":"product-type-simple","22":"entry","23":"content-bg","24":"loop-entry"},"_links":{"self":[{"href":"https:\/\/zzlcmachinery.com\/sv\/wp-json\/wp\/v2\/product\/1552","targetHints":{"allow":["GET"]}}],"collection":[{"href":"https:\/\/zzlcmachinery.com\/sv\/wp-json\/wp\/v2\/product"}],"about":[{"href":"https:\/\/zzlcmachinery.com\/sv\/wp-json\/wp\/v2\/types\/product"}],"version-history":[{"count":0,"href":"https:\/\/zzlcmachinery.com\/sv\/wp-json\/wp\/v2\/product\/1552\/revisions"}],"wp:featuredmedia":[{"embeddable":true,"href":"https:\/\/zzlcmachinery.com\/sv\/wp-json\/wp\/v2\/media\/1562"}],"wp:attachment":[{"href":"https:\/\/zzlcmachinery.com\/sv\/wp-json\/wp\/v2\/media?parent=1552"}],"wp:term":[{"taxonomy":"product_brand","embeddable":true,"href":"https:\/\/zzlcmachinery.com\/sv\/wp-json\/wp\/v2\/product_brand?post=1552"},{"taxonomy":"product_cat","embeddable":true,"href":"https:\/\/zzlcmachinery.com\/sv\/wp-json\/wp\/v2\/product_cat?post=1552"},{"taxonomy":"product_tag","embeddable":true,"href":"https:\/\/zzlcmachinery.com\/sv\/wp-json\/wp\/v2\/product_tag?post=1552"}],"curies":[{"name":"wp","href":"https:\/\/api.w.org\/{rel}","templated":true}]}}