{"id":991,"date":"2022-11-19T00:07:35","date_gmt":"2022-11-18T16:07:35","guid":{"rendered":"https:\/\/zzlcmachinery.com\/?post_type=product&#038;p=991"},"modified":"2022-11-22T14:45:01","modified_gmt":"2022-11-22T06:45:01","slug":"c41-1000kg-pneumatic-air-hammer-with-super-processing-capacity","status":"publish","type":"product","link":"https:\/\/zzlcmachinery.com\/sk\/produkt\/c41-1000kg-pneumatic-air-hammer-with-super-processing-capacity\/","title":{"rendered":"Pneumatick\u00e9 vzduchov\u00e9 kladivo C41-1000KG so super kapacitou spracovania"},"content":{"rendered":"","protected":false},"excerpt":{"rendered":"<p>Toto pneumatick\u00e9 vzduchov\u00e9 kladivo C41-1000KG so super spracovate\u013eskou kapacitou m\u00e1 mal\u00fa ve\u013ekos\u0165, n\u00edzku hlu\u010dnos\u0165, jednoduch\u00fa \u0161trukt\u00faru, jednoducho sa obsluhuje, je flexibiln\u00e9 a pohodln\u00e9 pri manipul\u00e1cii, in\u0161tal\u00e1cii a \u00fadr\u017ebe. Tento model je vhodn\u00fd na r\u00f4zne vo\u013en\u00e9 kovanie: ako je utl\u00e1\u010danie, \u0165ahanie, dierovanie, oh\u00fdbanie, kr\u00fatenie, strihanie za tepla, sp\u00e1janie koncoviek at\u010f. Je vhodn\u00fd na vo\u013en\u00e9 kovanie s\u00fa\u010diastok r\u00f4znych tvarov, zvl\u00e1\u0161\u0165 vhodn\u00fd pre podniky vidieckych mestsk\u00fdch \u010dast\u00ed a profesion\u00e1lne dom\u00e1cnosti kuj\u00face kos\u00e1ky, bad\u00edn, dobytok a podkovy a motyky. R\u00f4zne tov\u00e1rne a bane z\u00e1rove\u0148 pou\u017e\u00edvaj\u00fa vzduchov\u00e9 kladiv\u00e1 na kovanie oce\u013eov\u00fdch g\u00fa\u013e, le\u0161en\u00ed a in\u00fdch tov\u00e1rn\u00ed, ban\u00ed a stavebn\u00fdch potrieb. Okrem toho je t\u00e1to s\u00e9ria vzduchov\u00fdch klad\u00edv aj profesion\u00e1lnym n\u00e1strojom z tepan\u00e9ho \u017eeleza, ktor\u00fd be\u017ene pou\u017e\u00edvaj\u00fa kov\u00e1\u010di. M\u00f4\u017ee vyr\u00e1ba\u0165 r\u00f4zne \u0161t\u00fdly foriem a ku\u0165 r\u00f4zne kovan\u00e9 kvety, vt\u00e1ky a in\u00e9 kr\u00e1sne dekor\u00e1cie.<\/p>\n<p><strong>TECHNICK\u00dd PARAMETER<br \/>\nModel: C41-1000KG<br \/>\nHmotnos\u0165 padaj\u00facich dielov (KG):<\/strong>1000 kg<br \/>\n<strong>Typ kon\u0161trukcie:<\/strong>Split Air Hammer\u00a0<strong><br \/>\nMaxim\u00e1lna energia \u00faderu (KJ):<\/strong>27 kJ<strong><br \/>\nMax. kovan\u00fd rozmer (priemer) na kruhovej oceli:<\/strong>\u03c6320 mm<br \/>\n<strong>Max. kovan\u00fd rozmer (priemer) na \u0161tvorcovej oceli:<\/strong>290*290 mm<br \/>\n<strong>Moc:<\/strong> 75 kW<br \/>\n<strong>Nap\u00e4tie:<\/strong>\u00a0220V\/380V<br \/>\n<strong>Rozmer balenia:<\/strong> 7700*1500*4125mm<br \/>\n<strong>Hmotnos\u0165 Anwil<\/strong>Hmotnos\u0165: 13 000 kg<br \/>\n<strong>Celkov\u00e1 GW (kg):32 840<\/strong><\/p>","protected":false},"featured_media":998,"template":"","meta":{"_kad_post_transparent":"default","_kad_post_title":"hide","_kad_post_layout":"fullwidth","_kad_post_sidebar_id":"","_kad_post_content_style":"unboxed","_kad_post_vertical_padding":"hide","_kad_post_feature":"hide","_kad_post_feature_position":"","_kad_post_header":false,"_kad_post_footer":false},"product_brand":[],"product_cat":[28],"product_tag":[460,505,503,461,428,507,463,508,504,506],"class_list":{"0":"post-991","1":"product","2":"type-product","3":"status-publish","4":"has-post-thumbnail","6":"product_cat-blacksmith-power-hammer","7":"product_tag-air-forging-hammer-pneumatic-iron-hammer-1000kg","8":"product_tag-air-hammer-pneumatic-iron-hammer-for-forging","9":"product_tag-electric-pneumatic-hammer","10":"product_tag-hottest-sale-150kg-250kg-400kg-750kg-1000kg-blacksmith-pneumatic-hammer","11":"product_tag-pneumatic-hammer-for-blacksmith","12":"product_tag-price-of-pneumatic-forging-hammer","13":"product_tag-widely-used-iron-blacksmith-forging-air-hammer-machine","14":"product_tag-wrought-iron-forging-1000kg-blacksmith-hammer-with-anvil","15":"product_tag-wrought-iron-forging-power-hammer-for-sale","16":"product_tag-wrought-iron-pneumatic-metal-forging-hammer-for-sale","18":"first","19":"instock","20":"shipping-taxable","21":"product-type-simple","22":"entry","23":"content-bg","24":"loop-entry"},"_links":{"self":[{"href":"https:\/\/zzlcmachinery.com\/sk\/wp-json\/wp\/v2\/product\/991","targetHints":{"allow":["GET"]}}],"collection":[{"href":"https:\/\/zzlcmachinery.com\/sk\/wp-json\/wp\/v2\/product"}],"about":[{"href":"https:\/\/zzlcmachinery.com\/sk\/wp-json\/wp\/v2\/types\/product"}],"version-history":[{"count":0,"href":"https:\/\/zzlcmachinery.com\/sk\/wp-json\/wp\/v2\/product\/991\/revisions"}],"wp:featuredmedia":[{"embeddable":true,"href":"https:\/\/zzlcmachinery.com\/sk\/wp-json\/wp\/v2\/media\/998"}],"wp:attachment":[{"href":"https:\/\/zzlcmachinery.com\/sk\/wp-json\/wp\/v2\/media?parent=991"}],"wp:term":[{"taxonomy":"product_brand","embeddable":true,"href":"https:\/\/zzlcmachinery.com\/sk\/wp-json\/wp\/v2\/product_brand?post=991"},{"taxonomy":"product_cat","embeddable":true,"href":"https:\/\/zzlcmachinery.com\/sk\/wp-json\/wp\/v2\/product_cat?post=991"},{"taxonomy":"product_tag","embeddable":true,"href":"https:\/\/zzlcmachinery.com\/sk\/wp-json\/wp\/v2\/product_tag?post=991"}],"curies":[{"name":"wp","href":"https:\/\/api.w.org\/{rel}","templated":true}]}}