{"id":989,"date":"2022-11-19T00:04:14","date_gmt":"2022-11-18T16:04:14","guid":{"rendered":"https:\/\/zzlcmachinery.com\/?post_type=product&#038;p=989"},"modified":"2022-11-22T14:44:07","modified_gmt":"2022-11-22T06:44:07","slug":"widely-used-wrought-iron-blacksmith-750kg-forging-power-hammer","status":"publish","type":"product","link":"https:\/\/zzlcmachinery.com\/sk\/produkt\/widely-used-wrought-iron-blacksmith-750kg-forging-power-hammer\/","title":{"rendered":"\u0160iroko pou\u017e\u00edvan\u00e9 kov\u00e1\u010dske kladivo so silou 750 kg"},"content":{"rendered":"","protected":false},"excerpt":{"rendered":"<p>Toto \u0161iroko pou\u017e\u00edvan\u00e9 kov\u00e1\u010dske kov\u00e1\u010dske kladivo s hmotnos\u0165ou 750 kg je ak\u00fdmsi vo\u013en\u00fdm kovac\u00edm zariaden\u00edm. Vzduch je stla\u010den\u00fd valcom kompresora a posielan\u00fd do pracovn\u00e9ho valca cez rozde\u013eovac\u00ed ventil, aby poh\u00e1\u0148al piest a hlavu kladiva, aby sa pohybovali nahor a nadol pri pr\u00edklepoch. Prev\u00e1dzka je flexibiln\u00e1. Tento model je vhodn\u00fd na r\u00f4zne vo\u013en\u00e9 kovanie, ako je predl\u017eovanie, ub\u00edjanie, dierovanie, strihanie, zv\u00e1ranie kovan\u00edm, skr\u00fatenie, oh\u00fdbanie a pod. Mo\u017eno ho pou\u017ei\u0165 na r\u00f4zne vo\u013en\u00e9 kovanie. Charakteristiky s\u00fa nasledovn\u00e9:<br \/>\n1. Poh\u00e1\u0148an\u00fd stla\u010den\u00fdm vzduchom, \u00faderov\u00e1 sila a frekvencia m\u00f4\u017eu by\u0165 riaden\u00e9 \u00fapravou tlaku vzduchu tak, aby vyhovovali potreb\u00e1m v\u00fdroby bezpe\u010dnosti<br \/>\n2. Telo stroja je vyroben\u00e9 z liatiny a ve\u013ek\u00e1 ton\u00e1\u017e vzduchov\u00e9ho kladiva je vyroben\u00e1 z liatiny<br \/>\n3. Mechanizmus je jednoduch\u00fd a nie je \u013eahk\u00e9 ho po\u0161kodi\u0165<br \/>\nM\u00f4\u017eeme doda\u0165 6 kg, 16 kg, 25 kg, 40 kg, 55 kg, 75 kg, 100 kg, 150 kg, 250 kg, 400 kg, 560 kg, 750 kg, 1000 kg, 2000 kg na v\u00fdber pod\u013ea r\u00f4znych potrieb kovania .M\u00f4\u017eete si vybra\u0165 model pod\u013ea nasleduj\u00facich \u0161pecifik\u00e1ci\u00ed<\/p>\n<p><strong>TECHNICK\u00dd PARAMETER<br \/>\nModel: C41-750KG<br \/>\nHmotnos\u0165 padaj\u00facich dielov (KG): 750<\/strong>KG<br \/>\n<strong>Typ kon\u0161trukcie:<\/strong>Split Air Hammer\u00a0<strong><br \/>\nMax.energia z\u00e1sahu (KJ):13,6<\/strong>KJ<strong><br \/>\nMax. kovan\u00fd rozmer (priemer) na kruhovej oceli:<\/strong>\u03c6300 mm<br \/>\n<strong>Max. kovan\u00fd rozmer (priemer) na \u0161tvorcovej oceli:<\/strong>270*270 mm<br \/>\n<strong>Moc:<\/strong> 55 kW<br \/>\n<strong>Nap\u00e4tie:<\/strong>\u00a0220V\/380V<br \/>\n<strong>Rozmer balenia:<\/strong> 3095*1370*3175mm<br \/>\n<strong>Hmotnos\u0165 Anwil<\/strong>: 9000 kg<br \/>\n<strong>Celkov\u00e1 GW (kg):26 000<\/strong><\/p>","protected":false},"featured_media":999,"template":"","meta":{"_kad_post_transparent":"default","_kad_post_title":"hide","_kad_post_layout":"fullwidth","_kad_post_sidebar_id":"","_kad_post_content_style":"unboxed","_kad_post_vertical_padding":"hide","_kad_post_feature":"hide","_kad_post_feature_position":"","_kad_post_header":false,"_kad_post_footer":false},"product_brand":[],"product_cat":[28],"product_tag":[462,428,463,499,464],"class_list":{"0":"post-989","1":"product","2":"type-product","3":"status-publish","4":"has-post-thumbnail","6":"product_cat-blacksmith-power-hammer","7":"product_tag-750kg-air-hammer-metal-forging-hammer-for-sale","8":"product_tag-pneumatic-hammer-for-blacksmith","9":"product_tag-widely-used-iron-blacksmith-forging-air-hammer-machine","10":"product_tag-widely-used-wrought-iron-blacksmith-750kg-forging-power-hammer","11":"product_tag-wrought-iron-metal-forging-power-hammer-for-sale","13":"first","14":"instock","15":"shipping-taxable","16":"product-type-simple","17":"entry","18":"content-bg","19":"loop-entry"},"_links":{"self":[{"href":"https:\/\/zzlcmachinery.com\/sk\/wp-json\/wp\/v2\/product\/989","targetHints":{"allow":["GET"]}}],"collection":[{"href":"https:\/\/zzlcmachinery.com\/sk\/wp-json\/wp\/v2\/product"}],"about":[{"href":"https:\/\/zzlcmachinery.com\/sk\/wp-json\/wp\/v2\/types\/product"}],"version-history":[{"count":0,"href":"https:\/\/zzlcmachinery.com\/sk\/wp-json\/wp\/v2\/product\/989\/revisions"}],"wp:featuredmedia":[{"embeddable":true,"href":"https:\/\/zzlcmachinery.com\/sk\/wp-json\/wp\/v2\/media\/999"}],"wp:attachment":[{"href":"https:\/\/zzlcmachinery.com\/sk\/wp-json\/wp\/v2\/media?parent=989"}],"wp:term":[{"taxonomy":"product_brand","embeddable":true,"href":"https:\/\/zzlcmachinery.com\/sk\/wp-json\/wp\/v2\/product_brand?post=989"},{"taxonomy":"product_cat","embeddable":true,"href":"https:\/\/zzlcmachinery.com\/sk\/wp-json\/wp\/v2\/product_cat?post=989"},{"taxonomy":"product_tag","embeddable":true,"href":"https:\/\/zzlcmachinery.com\/sk\/wp-json\/wp\/v2\/product_tag?post=989"}],"curies":[{"name":"wp","href":"https:\/\/api.w.org\/{rel}","templated":true}]}}