{"id":987,"date":"2022-11-19T00:02:00","date_gmt":"2022-11-18T16:02:00","guid":{"rendered":"https:\/\/zzlcmachinery.com\/?post_type=product&#038;p=987"},"modified":"2022-11-22T14:41:46","modified_gmt":"2022-11-22T06:41:46","slug":"c41-560kg-heavy-duty-wrought-iron-blacksmith-forging-hammer-for-sale","status":"publish","type":"product","link":"https:\/\/zzlcmachinery.com\/sk\/produkt\/c41-560kg-heavy-duty-wrought-iron-blacksmith-forging-hammer-for-sale\/","title":{"rendered":"Pred\u00e1m \u0165a\u017ek\u00e9 kov\u00e1\u010dske kov\u00e1\u010dske kladivo C41-560KG"},"content":{"rendered":"","protected":false},"excerpt":{"rendered":"<p>Toto vysokov\u00fdkonn\u00e9 kov\u00e1\u010dske kov\u00e1\u010dske kladivo C41-560KG na predaj je n\u00edzkohlu\u010dn\u00e9, m\u00e1 jednoduch\u00fa \u0161trukt\u00faru, \u013eahko sa obsluhuje, je flexibiln\u00e9 a pohodln\u00e9 pri manipul\u00e1cii, in\u0161tal\u00e1cii a \u00fadr\u017ebe. Tento model je vhodn\u00fd na r\u00f4zne vo\u013en\u00e9 kovanie: ako je utl\u00e1\u010danie, \u0165ahanie, dierovanie, oh\u00fdbanie, kr\u00fatenie, strihanie za tepla, sp\u00e1janie koncoviek at\u010f. Je vhodn\u00fd na vo\u013en\u00e9 kovanie s\u00fa\u010diastok r\u00f4znych tvarov, zvl\u00e1\u0161\u0165 vhodn\u00fd pre podniky vidieckych mestsk\u00fdch \u010dast\u00ed a profesion\u00e1lne dom\u00e1cnosti kuj\u00face kos\u00e1ky, bad\u00edn, dobytok a podkovy a motyky. R\u00f4zne tov\u00e1rne a bane z\u00e1rove\u0148 pou\u017e\u00edvaj\u00fa vzduchov\u00e9 kladiv\u00e1 na kovanie oce\u013eov\u00fdch g\u00fa\u013e, le\u0161en\u00ed a in\u00fdch tov\u00e1rn\u00ed, ban\u00ed a stavebn\u00fdch potrieb. Okrem toho je t\u00e1to s\u00e9ria vzduchov\u00fdch klad\u00edv aj profesion\u00e1lnym n\u00e1strojom z tepan\u00e9ho \u017eeleza, ktor\u00fd be\u017ene pou\u017e\u00edvaj\u00fa kov\u00e1\u010di. M\u00f4\u017ee vyr\u00e1ba\u0165 r\u00f4zne \u0161t\u00fdly foriem a ku\u0165 r\u00f4zne kovan\u00e9 kvety, vt\u00e1ky a in\u00e9 kr\u00e1sne dekor\u00e1cie.<br \/>\nM\u00f4\u017eeme doda\u0165 6 kg, 16 kg, 25 kg, 40 kg, 55 kg, 75 kg, 100 kg, 150 kg, 250 kg, 400 kg, 560 kg, 750 kg, 1000 kg, 2000 kg na v\u00fdber pod\u013ea r\u00f4znych potrieb kovania .M\u00f4\u017eete si vybra\u0165 model pod\u013ea nasleduj\u00facich \u0161pecifik\u00e1ci\u00ed<\/p>\n<p><strong>TECHNICK\u00dd PARAMETER<br \/>\nModel: C41-560KG<br \/>\nHmotnos\u0165 padaj\u00facich dielov (KG): 560<\/strong>KG<br \/>\n<strong>Typ kon\u0161trukcie:<\/strong>Split Air Hammer\u00a0<strong><br \/>\nMax.energia z\u00e1sahu (KJ):13,6<\/strong>KJ<strong><br \/>\nMax. kovan\u00fd rozmer (priemer) na kruhovej oceli:<\/strong>\u03c6280 mm<br \/>\n<strong>Max. kovan\u00fd rozmer (priemer) na \u0161tvorcovej oceli:<\/strong>Rozmer 270 x 270 mm<br \/>\n<strong>Moc:<\/strong> 45 kW<br \/>\n<strong>Nap\u00e4tie:<\/strong>\u00a0220V\/380V<br \/>\n<strong>Rozmer balenia:<\/strong> 3464*1500*3157<br \/>\n<strong>GW (kg):<\/strong> 16520<\/p>","protected":false},"featured_media":1024,"template":"","meta":{"_kad_post_transparent":"default","_kad_post_title":"hide","_kad_post_layout":"fullwidth","_kad_post_sidebar_id":"","_kad_post_content_style":"unboxed","_kad_post_vertical_padding":"hide","_kad_post_feature":"hide","_kad_post_feature_position":"","_kad_post_header":false,"_kad_post_footer":false},"product_brand":[],"product_cat":[28],"product_tag":[476,498,477,478,479],"class_list":{"0":"post-987","1":"product","2":"type-product","3":"status-publish","4":"has-post-thumbnail","6":"product_cat-blacksmith-power-hammer","7":"product_tag-all-kinds-of-wrought-iron-forging-power-hammer-dies-for-sale","8":"product_tag-c41-560kg-heavy-duty-wrought-iron-blacksmith-forging-hammer-for-sale","9":"product_tag-china-the-biggest-manufacture-anyang-pneumatic-hammer-from-lanchen","10":"product_tag-heavy-duty-560kg-wrought-iron-blacksmith-forging-hammer-for-sale","11":"product_tag-high-quality-cheap-price-air-hammer-c41-560kg-for-sale","13":"first","14":"instock","15":"shipping-taxable","16":"product-type-simple","17":"entry","18":"content-bg","19":"loop-entry"},"_links":{"self":[{"href":"https:\/\/zzlcmachinery.com\/sk\/wp-json\/wp\/v2\/product\/987","targetHints":{"allow":["GET"]}}],"collection":[{"href":"https:\/\/zzlcmachinery.com\/sk\/wp-json\/wp\/v2\/product"}],"about":[{"href":"https:\/\/zzlcmachinery.com\/sk\/wp-json\/wp\/v2\/types\/product"}],"version-history":[{"count":0,"href":"https:\/\/zzlcmachinery.com\/sk\/wp-json\/wp\/v2\/product\/987\/revisions"}],"wp:featuredmedia":[{"embeddable":true,"href":"https:\/\/zzlcmachinery.com\/sk\/wp-json\/wp\/v2\/media\/1024"}],"wp:attachment":[{"href":"https:\/\/zzlcmachinery.com\/sk\/wp-json\/wp\/v2\/media?parent=987"}],"wp:term":[{"taxonomy":"product_brand","embeddable":true,"href":"https:\/\/zzlcmachinery.com\/sk\/wp-json\/wp\/v2\/product_brand?post=987"},{"taxonomy":"product_cat","embeddable":true,"href":"https:\/\/zzlcmachinery.com\/sk\/wp-json\/wp\/v2\/product_cat?post=987"},{"taxonomy":"product_tag","embeddable":true,"href":"https:\/\/zzlcmachinery.com\/sk\/wp-json\/wp\/v2\/product_tag?post=987"}],"curies":[{"name":"wp","href":"https:\/\/api.w.org\/{rel}","templated":true}]}}