{"id":985,"date":"2022-11-18T23:59:31","date_gmt":"2022-11-18T15:59:31","guid":{"rendered":"https:\/\/zzlcmachinery.com\/?post_type=product&#038;p=985"},"modified":"2022-11-22T14:22:36","modified_gmt":"2022-11-22T06:22:36","slug":"c41-400kg-china-biggest-hammer-manufacturer-provide-pneumatic-forging-hammer","status":"publish","type":"product","link":"https:\/\/zzlcmachinery.com\/sk\/produkt\/c41-400kg-china-biggest-hammer-manufacturer-provide-pneumatic-forging-hammer\/","title":{"rendered":"C41-400KG Najv\u00e4\u010d\u0161\u00ed v\u00fdrobca kladiva v \u010c\u00edne poskytuje pneumatick\u00e9 kovacie kladivo"},"content":{"rendered":"","protected":false},"excerpt":{"rendered":"<p>Tento najv\u00e4\u010d\u0161\u00ed v\u00fdrobca klad\u00edv C41-400KG v \u010c\u00edne poskytuje pneumatick\u00e9 kovacie kladivo, ktor\u00e9 premie\u0148a rota\u010dn\u00fd pohyb motora na pohyb piestu stla\u010den\u00e9ho vzduchu vo valci pomocou reduktora, k\u013eukov\u00e9ho hriade\u013ea a ojnice. Vzduchov\u00e9 kladivo je ovl\u00e1dan\u00e9 no\u017enou p\u00e1kou a dia\u013ekov\u00fdm ovl\u00e1da\u010dom na ovl\u00e1danie r\u00fdchlosti \u00faderu a sily \u00faderu hornej n\u00e1kovy.<br \/>\nPneumatick\u00e9 kladivo je \u0161iroko pou\u017e\u00edvan\u00fd a v\u0161estrann\u00fd n\u00e1stroj na kovanie kovov, ktor\u00fd m\u00e1 mnoho funkci\u00ed, ako napr\u00edklad: ub\u00edjanie, predl\u017eovanie, nepretr\u017eit\u00e9 ub\u00edjanie, razenie, rezanie za tepla, zv\u00e1ranie, kovanie, kr\u00fatenie a oh\u00fdbanie.<br \/>\nZ\u00e1kazn\u00edci si m\u00f4\u017eu vybra\u0165 vzduchov\u00e9 kladivo, ktor\u00e9 im vyhovuje pod\u013ea materi\u00e1lu, ktor\u00fd potrebuj\u00fa na kovanie a maxim\u00e1lnej ve\u013ekosti materi\u00e1lu. Pou\u017eitie elektrickej energie a valca v\u00fdrazne zlep\u0161uje pracovn\u00fa \u00fa\u010dinnos\u0165 vzduchov\u00e9ho kladiva. Je nevyhnutn\u00fd pre prev\u00e1dzku kov\u00e1\u010dskych dieln\u00ed a ban\u00ed. kovacie stroje.<br \/>\nM\u00f4\u017eeme doda\u0165 6 kg, 16 kg, 25 kg, 40 kg, 55 kg, 75 kg, 100 kg, 150 kg, 250 kg, 400 kg, 560 kg, 750 kg, 1000 kg, 2000 kg na v\u00fdber pod\u013ea r\u00f4znych potrieb kovania .M\u00f4\u017eete si vybra\u0165 model pod\u013ea nasleduj\u00facich \u0161pecifik\u00e1ci\u00ed<\/p>\n<p><strong>TECHNICK\u00dd PARAMETER<br \/>\nModel: C41-400KG<br \/>\nHmotnos\u0165 padaj\u00facich dielov (KG): 400<\/strong>KG<br \/>\n<strong>Typ kon\u0161trukcie:<\/strong>Delen\u00e9 vzduchov\u00e9 kladivo so z\u00e1klad\u0148ou<strong><br \/>\nMax.energia z\u00e1sahu (KJ):9,5<\/strong>KJ<strong><br \/>\nMax. kovan\u00fd rozmer (priemer) na kruhovej oceli:<\/strong>\u03c6240 mm<br \/>\n<strong>Max. kovan\u00fd rozmer (priemer) na \u0161tvorcovej oceli:<\/strong>220*220 mm<br \/>\n<strong>Moc:<\/strong> 37 kW<br \/>\n<strong>Nap\u00e4tie:<\/strong>\u00a0220V\/380V<br \/>\n<strong>Rozmer balenia:<\/strong> 2785*1400*2885mm<br \/>\n<strong>Hmotnos\u0165 pupka<\/strong>Hmotnos\u0165: 4800 kg<br \/>\n<strong>Celkov\u00e1 GW (kg):<\/strong> 12800 kg<\/p>","protected":false},"featured_media":1004,"template":"","meta":{"_kad_post_transparent":"default","_kad_post_title":"hide","_kad_post_layout":"fullwidth","_kad_post_sidebar_id":"","_kad_post_content_style":"unboxed","_kad_post_vertical_padding":"hide","_kad_post_feature":"hide","_kad_post_feature_position":"","_kad_post_header":false,"_kad_post_footer":false},"product_brand":[],"product_cat":[28],"product_tag":[465,497,466,467,468,428,469,470],"class_list":{"0":"post-985","1":"product","2":"type-product","3":"status-publish","4":"has-post-thumbnail","6":"product_cat-blacksmith-power-hammer","7":"product_tag-400kg-air-hammer-metal-forging-hammer-for-sale","8":"product_tag-c41-400kg-china-biggest-hammer-manufacturer-provide-pneumatic-forging-hammer","9":"product_tag-c41-400kg-model-power-hammer-machine-for-iron-forging","10":"product_tag-china-automatic-anyang-forging-hammer-400kg","11":"product_tag-factory-direct-sale-wrought-iron-hammer-or-smith-forging-tool-for-sale","12":"product_tag-pneumatic-hammer-for-blacksmith","13":"product_tag-widely-used-wrought-iron-blacksmith-75kg-150kg-250kg-400kg-forging-power-hammer-for-hot-sale","14":"product_tag-wrought-iron-homemade-forging-hammer-machine-with-forging-hammer-dies","16":"first","17":"instock","18":"shipping-taxable","19":"product-type-simple","20":"entry","21":"content-bg","22":"loop-entry"},"_links":{"self":[{"href":"https:\/\/zzlcmachinery.com\/sk\/wp-json\/wp\/v2\/product\/985","targetHints":{"allow":["GET"]}}],"collection":[{"href":"https:\/\/zzlcmachinery.com\/sk\/wp-json\/wp\/v2\/product"}],"about":[{"href":"https:\/\/zzlcmachinery.com\/sk\/wp-json\/wp\/v2\/types\/product"}],"version-history":[{"count":0,"href":"https:\/\/zzlcmachinery.com\/sk\/wp-json\/wp\/v2\/product\/985\/revisions"}],"wp:featuredmedia":[{"embeddable":true,"href":"https:\/\/zzlcmachinery.com\/sk\/wp-json\/wp\/v2\/media\/1004"}],"wp:attachment":[{"href":"https:\/\/zzlcmachinery.com\/sk\/wp-json\/wp\/v2\/media?parent=985"}],"wp:term":[{"taxonomy":"product_brand","embeddable":true,"href":"https:\/\/zzlcmachinery.com\/sk\/wp-json\/wp\/v2\/product_brand?post=985"},{"taxonomy":"product_cat","embeddable":true,"href":"https:\/\/zzlcmachinery.com\/sk\/wp-json\/wp\/v2\/product_cat?post=985"},{"taxonomy":"product_tag","embeddable":true,"href":"https:\/\/zzlcmachinery.com\/sk\/wp-json\/wp\/v2\/product_tag?post=985"}],"curies":[{"name":"wp","href":"https:\/\/api.w.org\/{rel}","templated":true}]}}