{"id":982,"date":"2022-11-18T23:57:53","date_gmt":"2022-11-18T15:57:53","guid":{"rendered":"https:\/\/zzlcmachinery.com\/?post_type=product&#038;p=982"},"modified":"2022-11-22T14:20:16","modified_gmt":"2022-11-22T06:20:16","slug":"c41-250kg-wrought-iron-metal-forging-power-hammer-for-sale","status":"publish","type":"product","link":"https:\/\/zzlcmachinery.com\/sk\/produkt\/c41-250kg-wrought-iron-metal-forging-power-hammer-for-sale\/","title":{"rendered":"C41-250KG Kovov\u00e9 kov\u00e1\u010dske kladivo na predaj"},"content":{"rendered":"","protected":false},"excerpt":{"rendered":"<p>Toto kladivo na kovanie z tepan\u00e9ho \u017eeleza C41-250KG na predaj je druh vo\u013en\u00e9ho kovacieho kladiva. M\u00f4\u017ee sa pou\u017ei\u0165 na v\u0161etky druhy vo\u013en\u00fdch v\u00fdkovkov, ako je na\u0165ahovanie, utl\u00e1\u010danie, pretl\u00e1\u010danie, strihanie za tepla, kovan\u00e9 zv\u00e1ranie, oh\u00fdbanie a kr\u00fatenie. m\u00f4\u017ee by\u0165 pou\u017eit\u00fd na z\u00e1pustkov\u00e9 kovanie s pomocn\u00fdmi z\u00e1pustkami, ale nem\u00f4\u017ee by\u0165 pou\u017eit\u00fd na kovanie v uzavretej z\u00e1pustke, preto\u017ee energia \u00faderu pri kovan\u00ed v z\u00e1pustke je ve\u013emi ve\u013ek\u00e1, ty\u010d kladiva, vedenie, pracovn\u00fd valec ... at\u010f. bud\u00fa po\u0161koden\u00e9.<br \/>\nM\u00f4\u017eeme doda\u0165 6 kg, 16 kg, 25 kg, 40 kg, 55 kg, 75 kg, 100 kg, 150 kg, 250 kg, 400 kg, 560 kg, 750 kg, 1000 kg, 2000 kg na v\u00fdber pod\u013ea r\u00f4znych potrieb kovania .M\u00f4\u017eete si vybra\u0165 model pod\u013ea nasleduj\u00facich \u0161pecifik\u00e1ci\u00ed<\/p>\n<p><strong>TECHNICK\u00dd PARAMETER<br \/>\nModel: C41-250KG<br \/>\nHmotnos\u0165 padaj\u00facich dielov (KG): 250<\/strong>KG<br \/>\n<strong>Typ kon\u0161trukcie:<\/strong>Delen\u00e9 vzduchov\u00e9 kladivo so z\u00e1klad\u0148ou<strong><br \/>\nMax.energia z\u00e1sahu (KJ):5,6<\/strong>KJ<strong><br \/>\nMax. kovan\u00fd rozmer (priemer) na kruhovej oceli:<\/strong>\u03c6175 mm<br \/>\n<strong>Max. kovan\u00fd rozmer (priemer) na \u0161tvorcovej oceli:<\/strong>145 * 145 mm<br \/>\n<strong>Moc:<\/strong> 22 kW<br \/>\n<strong>Nap\u00e4tie:<\/strong>\u00a0220V\/380V<br \/>\n<strong>Rozmer balenia:<\/strong> 2875*1405*2570mm<br \/>\n<strong>Hmotnos\u0165 n\u00e1kovy:<\/strong>2800 kg<br \/>\n<strong>GW (kg):<\/strong> 8200<\/p>","protected":false},"featured_media":1016,"template":"","meta":{"_kad_post_transparent":"default","_kad_post_title":"hide","_kad_post_layout":"fullwidth","_kad_post_sidebar_id":"","_kad_post_content_style":"unboxed","_kad_post_vertical_padding":"hide","_kad_post_feature":"hide","_kad_post_feature_position":"","_kad_post_header":false,"_kad_post_footer":false},"product_brand":[],"product_cat":[28],"product_tag":[480,481,482,483,484,485,486,487],"class_list":{"0":"post-982","1":"product","2":"type-product","3":"status-publish","4":"has-post-thumbnail","6":"product_cat-blacksmith-power-hammer","7":"product_tag-16kg-2000kg-anyang-pneumatic-hammer-for-whole-world","8":"product_tag-250kg-air-planishing-hammer-for-blacksmith","9":"product_tag-blacksmith-anvil-wrought-iron-machinery-for-hammer","10":"product_tag-c41-40kg-75kg-150kg-250kg-blacksmith-air-forging-hammer-for-sale","11":"product_tag-hot-sale-250-kg-power-hammer-in-uk-usa","12":"product_tag-hot-sale-different-types-wrought-iron-metal-forging-air-hammer","13":"product_tag-hottest-sell-c41-250kg-electro-hydraulic-forging-hammer-for-sale","14":"product_tag-widely-used-iron-forging-250kg-air-pneumatic-hammer-with-ce","16":"first","17":"instock","18":"shipping-taxable","19":"product-type-simple","20":"entry","21":"content-bg","22":"loop-entry"},"_links":{"self":[{"href":"https:\/\/zzlcmachinery.com\/sk\/wp-json\/wp\/v2\/product\/982","targetHints":{"allow":["GET"]}}],"collection":[{"href":"https:\/\/zzlcmachinery.com\/sk\/wp-json\/wp\/v2\/product"}],"about":[{"href":"https:\/\/zzlcmachinery.com\/sk\/wp-json\/wp\/v2\/types\/product"}],"version-history":[{"count":0,"href":"https:\/\/zzlcmachinery.com\/sk\/wp-json\/wp\/v2\/product\/982\/revisions"}],"wp:featuredmedia":[{"embeddable":true,"href":"https:\/\/zzlcmachinery.com\/sk\/wp-json\/wp\/v2\/media\/1016"}],"wp:attachment":[{"href":"https:\/\/zzlcmachinery.com\/sk\/wp-json\/wp\/v2\/media?parent=982"}],"wp:term":[{"taxonomy":"product_brand","embeddable":true,"href":"https:\/\/zzlcmachinery.com\/sk\/wp-json\/wp\/v2\/product_brand?post=982"},{"taxonomy":"product_cat","embeddable":true,"href":"https:\/\/zzlcmachinery.com\/sk\/wp-json\/wp\/v2\/product_cat?post=982"},{"taxonomy":"product_tag","embeddable":true,"href":"https:\/\/zzlcmachinery.com\/sk\/wp-json\/wp\/v2\/product_tag?post=982"}],"curies":[{"name":"wp","href":"https:\/\/api.w.org\/{rel}","templated":true}]}}