{"id":980,"date":"2022-11-18T23:43:03","date_gmt":"2022-11-18T15:43:03","guid":{"rendered":"https:\/\/zzlcmachinery.com\/?post_type=product&#038;p=980"},"modified":"2022-11-22T14:17:32","modified_gmt":"2022-11-22T06:17:32","slug":"c41-150kg-air-hammer-metal-forging-hammer-for-sale","status":"publish","type":"product","link":"https:\/\/zzlcmachinery.com\/sk\/produkt\/c41-150kg-air-hammer-metal-forging-hammer-for-sale\/","title":{"rendered":"Vzduchov\u00e9 kladivo C41-150KG Kovov\u00e9 kladivo na predaj"},"content":{"rendered":"","protected":false},"excerpt":{"rendered":"<p>Toto vzduchov\u00e9 kladivov\u00e9 kovov\u00e9 kov\u00e1\u010dske kladivo C41-150KG na predaj sa \u0161iroko pou\u017e\u00edva na v\u0161eobecn\u00e9 kov\u00e1\u010dske pr\u00e1ce, ako je \u0165ahanie, ub\u00edjanie, dierovanie, sekanie, kovanie, zv\u00e1ranie, oh\u00fdbanie a kr\u00fatenie, pou\u017e\u00edva sa aj na kovanie v z\u00e1pustk\u00e1ch.<br \/>\nPneumatick\u00e9 kovacie kladivo je \u0161iroko pou\u017e\u00edvan\u00e9 na v\u0161eobecn\u00e9 kov\u00e1\u010dske pr\u00e1ce, ako je \u0165ahanie, ub\u00edjanie, dierovanie, sekanie, kovanie, zv\u00e1ranie, oh\u00fdbanie a kr\u00fatenie. Pou\u017e\u00edva sa aj na kov\u00e1\u010dske z\u00e1pustky. Vzduchov\u00e9 kladivo sa tie\u017e naz\u00fdva kov\u00e1\u010dske kladivo, kov\u00e1\u010dske kladivo, pneumatick\u00e9 kov\u00e1\u010dske kladivo, elektrick\u00e9 kladivo at\u010f. Klesaj\u00faca hmotnos\u0165 vzduchov\u00e9ho kladiva pri 6 kg, 16 kg, 20 kg, 25 kg, 40 kg, 55 kg, 75 kg, 150 kg, 250 kg hlavne pre umeleck\u00e9 tepan\u00e9 \u017eelezo, umeleck\u00e9 kov\u00e1\u010dstvo, kov\u00e1\u010dske, po\u013enohospod\u00e1rske n\u00e1radie a mal\u00e9 diely pre z\u00e1pustkov\u00e9 kovanie.<br \/>\nM\u00f4\u017eeme doda\u0165 6 kg, 16 kg, 25 kg, 40 kg, 55 kg, 75 kg, 100 kg, 150 kg, 250 kg, 400 kg, 560 kg, 750 kg, 1000 kg, 2000 kg na v\u00fdber pod\u013ea r\u00f4znych potrieb kovania .M\u00f4\u017eete si vybra\u0165 model pod\u013ea nasleduj\u00facich \u0161pecifik\u00e1ci\u00ed<\/p>\n<p><strong>TECHNICK\u00dd PARAMETER<br \/>\nModel: C41-150KG<br \/>\nHmotnos\u0165 padaj\u00facich dielov (KG): 150<\/strong>KG<br \/>\n<strong>Typ kon\u0161trukcie: Samostatn\u00e1<\/strong> Vzduchov\u00e9 kladivo<strong><br \/>\nMax.energia z\u00e1sahu (KJ):2,2<\/strong>KJ<strong><br \/>\nMax. kovan\u00fd rozmer (priemer) na kruhovej oceli:<\/strong>\u03c6145 mm<br \/>\n<strong>Max. kovan\u00fd rozmer (priemer) na \u0161tvorcovej oceli:<\/strong>130*130 mm<br \/>\n<strong>Moc:<\/strong> 15 kW<br \/>\n<strong>Nap\u00e4tie:<\/strong>\u00a0220V\/380V<br \/>\n<strong>Rozmer balenia:<\/strong> 2080*1240*2350mm<br \/>\nHmotnos\u0165 n\u00e1kovy: 1800 kg<br \/>\n<strong>GW (kg):<\/strong> 5060 kg<\/p>","protected":false},"featured_media":1023,"template":"","meta":{"_kad_post_transparent":"default","_kad_post_title":"hide","_kad_post_layout":"fullwidth","_kad_post_sidebar_id":"","_kad_post_content_style":"unboxed","_kad_post_vertical_padding":"hide","_kad_post_feature":"hide","_kad_post_feature_position":"","_kad_post_header":false,"_kad_post_footer":false},"product_brand":[],"product_cat":[28],"product_tag":[471,494,496,495,489,491,492,472,473,490,488,408,493,474,475],"class_list":{"0":"post-980","1":"product","2":"type-product","3":"status-publish","4":"has-post-thumbnail","6":"product_cat-blacksmith-power-hammer","7":"product_tag-150kg-air-planishing-hammer-for-blacksmith","8":"product_tag-250kg-mainly-for-artistic-wrought-iron","9":"product_tag-agriculture-tools-and-small-open-die-forging-parts","10":"product_tag-artistic-forging","11":"product_tag-bending-and-twisting","12":"product_tag-bending-and-twisting-it-is-also-used-for-forge-in-bolster-dies-air-hammer-is-also-called-forging-hammer","13":"product_tag-blacksmithing-hammer","14":"product_tag-c41-150kg-blacksmith-forge-pneumatic-hammer","15":"product_tag-heavy-duty-150kg-wrought-iron-blacksmith-forging-hammer-for-sale","16":"product_tag-it-is-also-used-for-forge-in-bolster-dies-pneumatic-forging-hammer-is-widely-used-for-general-forging-works","17":"product_tag-our-pneumatic-forging-hammer-is-widely-used-for-general-forging-works","18":"product_tag-pneumatic-forging-hammer","19":"product_tag-power-hammer-and-so-on-air-hammer-falling-weight-at-6kg","20":"product_tag-power-hammer-blacksmith-anvil-wrought-iron-machinery","21":"product_tag-power-hammer-for-blade-maker-c41-150","23":"first","24":"instock","25":"shipping-taxable","26":"product-type-simple","27":"entry","28":"content-bg","29":"loop-entry"},"_links":{"self":[{"href":"https:\/\/zzlcmachinery.com\/sk\/wp-json\/wp\/v2\/product\/980","targetHints":{"allow":["GET"]}}],"collection":[{"href":"https:\/\/zzlcmachinery.com\/sk\/wp-json\/wp\/v2\/product"}],"about":[{"href":"https:\/\/zzlcmachinery.com\/sk\/wp-json\/wp\/v2\/types\/product"}],"version-history":[{"count":0,"href":"https:\/\/zzlcmachinery.com\/sk\/wp-json\/wp\/v2\/product\/980\/revisions"}],"wp:featuredmedia":[{"embeddable":true,"href":"https:\/\/zzlcmachinery.com\/sk\/wp-json\/wp\/v2\/media\/1023"}],"wp:attachment":[{"href":"https:\/\/zzlcmachinery.com\/sk\/wp-json\/wp\/v2\/media?parent=980"}],"wp:term":[{"taxonomy":"product_brand","embeddable":true,"href":"https:\/\/zzlcmachinery.com\/sk\/wp-json\/wp\/v2\/product_brand?post=980"},{"taxonomy":"product_cat","embeddable":true,"href":"https:\/\/zzlcmachinery.com\/sk\/wp-json\/wp\/v2\/product_cat?post=980"},{"taxonomy":"product_tag","embeddable":true,"href":"https:\/\/zzlcmachinery.com\/sk\/wp-json\/wp\/v2\/product_tag?post=980"}],"curies":[{"name":"wp","href":"https:\/\/api.w.org\/{rel}","templated":true}]}}