{"id":971,"date":"2022-11-18T20:50:35","date_gmt":"2022-11-18T12:50:35","guid":{"rendered":"https:\/\/zzlcmachinery.com\/?post_type=product&#038;p=971"},"modified":"2022-11-22T14:15:22","modified_gmt":"2022-11-22T06:15:22","slug":"hot-sale-c41-75kg-hammer-forging-machines-for-blacksmith","status":"publish","type":"product","link":"https:\/\/zzlcmachinery.com\/sk\/produkt\/hot-sale-c41-75kg-hammer-forging-machines-for-blacksmith\/","title":{"rendered":"Hot Sale C41-75KG Kladivov\u00e9 kovacie stroje pre kov\u00e1\u010dov"},"content":{"rendered":"","protected":false},"excerpt":{"rendered":"<p>Tento Hot sale C41-75KG kladivov\u00e9 kov\u00e1\u010dske stroje pre kov\u00e1\u010dov je stredn\u00fd kovov\u00fd kov\u00e1\u010dsky stroj vo vzduchovom kladive, ktor\u00fd dok\u00e1\u017ee splni\u0165 v\u0161etky kov\u00e1\u010dske potreby dom\u00e1cnost\u00ed a mal\u00fdch a stredn\u00fdch kov\u00e1\u010dskych dieln\u00ed. Je vhodn\u00fd najm\u00e4 na kovanie drobn\u00e9ho po\u013enohospod\u00e1rskeho n\u00e1radia ako s\u00fa kos\u00e1ky, bad\u00edny, dobytok a podkovy a motyky. Vzduch z\u00e1rove\u0148 vyu\u017e\u00edvaj\u00fa aj r\u00f4zne tov\u00e1rne a bane. Kladivo na kovanie oce\u013eov\u00fdch gu\u013e\u00f4\u010dok, le\u0161en\u00ed a in\u00fdch tov\u00e1rensk\u00fdch, bansk\u00fdch a stavebn\u00fdch potrieb.<br \/>\nM\u00f4\u017eeme doda\u0165 6 kg, 16 kg, 25 kg, 40 kg, 55 kg, 75 kg, 100 kg, 150 kg, 250 kg, 400 kg, 560 kg, 750 kg, 1000 kg, 2000 kg na v\u00fdber pod\u013ea r\u00f4znych potrieb kovania .M\u00f4\u017eete si vybra\u0165 model pod\u013ea nasleduj\u00facich \u0161pecifik\u00e1ci\u00ed<\/p>\n<p><strong>TECHNICK\u00dd PARAMETER<br \/>\nModel: C41-75KG<br \/>\nHmotnos\u0165 padaj\u00facich dielov (KG): 75<\/strong>KG<br \/>\n<strong>Typ kon\u0161trukcie:<\/strong> Samostatn\u00e9 kladivo so z\u00e1klad\u0148ou<strong><br \/>\nMax.energia \u00faderu (KJ):1<\/strong>KJ<strong><br \/>\nMax. kovan\u00fd rozmer (priemer) na kruhovej oceli:<\/strong>\u03c685 mm<br \/>\n<strong>Max. kovan\u00fd rozmer (priemer) na \u0161tvorcovej oceli:<\/strong>Rozmer 65 x 65 mm<br \/>\n<strong>Moc:<\/strong> 7,5 kW<br \/>\n<strong>Nap\u00e4tie:<\/strong>\u00a0220V\/380V<br \/>\n<strong>Rozmer balenia:<\/strong> 1420*720*2050<br \/>\n<strong>GW (kg):<\/strong> 2200<\/p>","protected":false},"featured_media":974,"template":"","meta":{"_kad_post_transparent":"default","_kad_post_title":"hide","_kad_post_layout":"fullwidth","_kad_post_sidebar_id":"","_kad_post_content_style":"unboxed","_kad_post_vertical_padding":"hide","_kad_post_feature":"hide","_kad_post_feature_position":"","_kad_post_header":false,"_kad_post_footer":false},"product_brand":[],"product_cat":[28],"product_tag":[455,456,457,458,459,447],"class_list":{"0":"post-971","1":"product","2":"type-product","3":"status-publish","4":"has-post-thumbnail","6":"product_cat-blacksmith-power-hammer","7":"product_tag-c41-75kg-150kg-type-automatic-blacksmith-hammer-for-forging","8":"product_tag-c41-75kg-air-power-forging-hammer-homemade","9":"product_tag-c41-75kg-hammer-strength-power-rack","10":"product_tag-ellsen-brand-c41-75kg-air-hammer-metal-forging-hammer-for-sale","11":"product_tag-hot-sale-75kg-hammer-forging-machines-for-blacksmith","12":"product_tag-pneumatic-forging-hammer-for-wrought-iron-blacksmith","14":"first","15":"instock","16":"shipping-taxable","17":"product-type-simple","18":"entry","19":"content-bg","20":"loop-entry"},"_links":{"self":[{"href":"https:\/\/zzlcmachinery.com\/sk\/wp-json\/wp\/v2\/product\/971","targetHints":{"allow":["GET"]}}],"collection":[{"href":"https:\/\/zzlcmachinery.com\/sk\/wp-json\/wp\/v2\/product"}],"about":[{"href":"https:\/\/zzlcmachinery.com\/sk\/wp-json\/wp\/v2\/types\/product"}],"version-history":[{"count":0,"href":"https:\/\/zzlcmachinery.com\/sk\/wp-json\/wp\/v2\/product\/971\/revisions"}],"wp:featuredmedia":[{"embeddable":true,"href":"https:\/\/zzlcmachinery.com\/sk\/wp-json\/wp\/v2\/media\/974"}],"wp:attachment":[{"href":"https:\/\/zzlcmachinery.com\/sk\/wp-json\/wp\/v2\/media?parent=971"}],"wp:term":[{"taxonomy":"product_brand","embeddable":true,"href":"https:\/\/zzlcmachinery.com\/sk\/wp-json\/wp\/v2\/product_brand?post=971"},{"taxonomy":"product_cat","embeddable":true,"href":"https:\/\/zzlcmachinery.com\/sk\/wp-json\/wp\/v2\/product_cat?post=971"},{"taxonomy":"product_tag","embeddable":true,"href":"https:\/\/zzlcmachinery.com\/sk\/wp-json\/wp\/v2\/product_tag?post=971"}],"curies":[{"name":"wp","href":"https:\/\/api.w.org\/{rel}","templated":true}]}}