{"id":961,"date":"2022-11-17T23:45:25","date_gmt":"2022-11-17T15:45:25","guid":{"rendered":"https:\/\/zzlcmachinery.com\/?post_type=product&#038;p=961"},"modified":"2022-11-22T14:13:53","modified_gmt":"2022-11-22T06:13:53","slug":"c41-55kg-wrought-iron-forging-pneumatic-hammer-for-blacksmith","status":"publish","type":"product","link":"https:\/\/zzlcmachinery.com\/sk\/produkt\/c41-55kg-wrought-iron-forging-pneumatic-hammer-for-blacksmith\/","title":{"rendered":"C41-55KG Kovanie z tepan\u00e9ho \u017eeleza Pneumatick\u00e9 kladivo pre kov\u00e1\u010dov"},"content":{"rendered":"","protected":false},"excerpt":{"rendered":"<p>Toto kovan\u00e9 pneumatick\u00e9 kladivo z tepan\u00e9ho \u017eeleza C41-55KG pre kov\u00e1\u010da C41-55KG kovan\u00e9 vzduchov\u00e9 kladivo z tepan\u00e9ho \u017eeleza m\u00e1 mal\u00fa ve\u013ekos\u0165, n\u00edzku hlu\u010dnos\u0165, jednoduch\u00fa \u0161trukt\u00faru, pohodln\u00e9 ovl\u00e1danie, flexibiln\u00e9 v \u010dinnosti, pohodln\u00e9 pri manipul\u00e1cii, in\u0161tal\u00e1cii a \u00fadr\u017ebe. Tento stroj je samotn\u00fd stroj s jednodielnou \u0161trukt\u00farou so z\u00e1klad\u0148ou. V\u00fdhodou tak\u00e9hoto pneumatick\u00e9ho kladiva je, \u017ee sa d\u00e1 premiestni\u0165 na ak\u00e9ko\u013evek miesto, ktor\u00e9 si z\u00e1kazn\u00edk pre pr\u00e1cu vy\u017eaduje, a je ve\u013emi flexibiln\u00e9. Vzduchov\u00e9 kladivo nad 55 kg dok\u00e1\u017ee ukova\u0165 v\u00e4\u010d\u0161ie kovov\u00e9 tel\u00e1. Tento model je vhodn\u00fd na r\u00f4zne vo\u013en\u00e9 kovanie: ako je utl\u00e1\u010danie, na\u0165ahovanie, dierovanie, oh\u00fdbanie, kr\u00fatenie, strihanie za tepla, pripojenie na svorky at\u010f., a s\u00fa\u010dasne je mo\u017en\u00e9 pou\u017ei\u0165 z\u00e1pustkov\u00e9 z\u00e1pustky Vykon\u00e1vajte r\u00f4zne vo\u013en\u00e9 z\u00e1pustkov\u00e9 v\u00fdkovky. Je vhodn\u00fd na vo\u013en\u00e9 kovanie s\u00fa\u010diastok r\u00f4znych tvarov, najm\u00e4 na kovanie kos\u00e1kov, bad\u00ednov, podkov, motyk at\u010f. vo vidieckych mestsk\u00fdch podnikoch a profesion\u00e1lnych dom\u00e1cnostiach. Z\u00e1rove\u0148 r\u00f4zne tov\u00e1rne a bane pou\u017e\u00edvaj\u00fa aj pneumatick\u00e9 kladiv\u00e1 na kovanie oce\u013eov\u00fdch gu\u013e\u00f4\u010dok, le\u0161en\u00ed a in\u00fdch stavebn\u00fdch potrieb tov\u00e1rn\u00ed a ban\u00ed. Okrem toho je t\u00e1to s\u00e9ria pneumatick\u00fdch klad\u00edv aj profesion\u00e1lnym n\u00e1strojom z tepan\u00e9ho \u017eeleza, ktor\u00fd be\u017ene pou\u017e\u00edvaj\u00fa kov\u00e1\u010di. M\u00f4\u017ee vyr\u00e1ba\u0165 r\u00f4zne \u0161t\u00fdly foriem a ku\u0165 v\u0161etky druhy kovan\u00fdch kvetov a vt\u00e1kov a in\u00e9 n\u00e1dhern\u00e9 dekor\u00e1cie.<br \/>\nM\u00f4\u017eeme doda\u0165 6 kg, 16 kg, 25 kg, 40 kg, 55 kg, 75 kg, 100 kg, 150 kg, 250 kg, 400 kg, 560 kg, 750 kg, 1000 kg, 2000 kg na v\u00fdber pod\u013ea r\u00f4znych potrieb kovania .M\u00f4\u017eete si vybra\u0165 model pod\u013ea nasleduj\u00facich \u0161pecifik\u00e1ci\u00ed<\/p>\n<p><strong>TECHNICK\u00dd PARAMETER<br \/>\nModel: C41-55KG<br \/>\nHmotnos\u0165 padaj\u00facich dielov (KG): 55<\/strong>KG<br \/>\n<strong>Typ kon\u0161trukcie:<\/strong>Split Air Hammer<strong><br \/>\nMaxim\u00e1lna energia \u00faderu (KJ):<\/strong>0,27 kJ<strong><br \/>\nMax. kovan\u00fd rozmer (priemer) na kruhovej oceli:<\/strong>\u03c645 mm<br \/>\n<strong>Max. kovan\u00fd rozmer (priemer) na \u0161tvorcovej oceli:<\/strong>40 x 40 mm<br \/>\n<strong>Moc:<\/strong> 3 kW<br \/>\n<strong>Nap\u00e4tie:<\/strong>\u00a0220V\/380V<br \/>\n<strong>Rozmer balenia:<\/strong> 980*510*1200<br \/>\n<strong>GW (kg):<\/strong> 560<\/p>","protected":false},"featured_media":967,"template":"","meta":{"_kad_post_transparent":"default","_kad_post_title":"hide","_kad_post_layout":"fullwidth","_kad_post_sidebar_id":"","_kad_post_content_style":"unboxed","_kad_post_vertical_padding":"hide","_kad_post_feature":"hide","_kad_post_feature_position":"","_kad_post_header":false,"_kad_post_footer":false},"product_brand":[],"product_cat":[28],"product_tag":[450,448,445,446,451,453,454,449,447,428,452],"class_list":{"0":"post-961","1":"product","2":"type-product","3":"status-publish","4":"has-post-thumbnail","6":"product_cat-blacksmith-power-hammer","7":"product_tag-c41-series-blacksmith-hydraulic-hammer-for-iron","8":"product_tag-c41-55kg-blacksmith-forging-hammer-for-sale","9":"product_tag-c41-55kg-hammer-strength-power-rack","10":"product_tag-c41-55kg-pneumatic-air-power-hammer-with-anvil-55kg","11":"product_tag-china-the-most-popular-c41-40kg-75kg-150kg-blacksmith-air-hammer-for-sale","12":"product_tag-factory-direct-sale-20kg-25kg-40kg-power-hammer-for-sale-south-africa","13":"product_tag-factory-direct-sale-c41-25kg-homemade-blacksmith-power-hammer","14":"product_tag-hot-sale-anyang-power-hammer-uk-from-ellsen","15":"product_tag-pneumatic-forging-hammer-for-wrought-iron-blacksmith","16":"product_tag-pneumatic-hammer-for-blacksmith","17":"product_tag-wrought-iron-air-power-hammer-for-sale","19":"first","20":"instock","21":"shipping-taxable","22":"product-type-simple","23":"entry","24":"content-bg","25":"loop-entry"},"_links":{"self":[{"href":"https:\/\/zzlcmachinery.com\/sk\/wp-json\/wp\/v2\/product\/961","targetHints":{"allow":["GET"]}}],"collection":[{"href":"https:\/\/zzlcmachinery.com\/sk\/wp-json\/wp\/v2\/product"}],"about":[{"href":"https:\/\/zzlcmachinery.com\/sk\/wp-json\/wp\/v2\/types\/product"}],"version-history":[{"count":0,"href":"https:\/\/zzlcmachinery.com\/sk\/wp-json\/wp\/v2\/product\/961\/revisions"}],"wp:featuredmedia":[{"embeddable":true,"href":"https:\/\/zzlcmachinery.com\/sk\/wp-json\/wp\/v2\/media\/967"}],"wp:attachment":[{"href":"https:\/\/zzlcmachinery.com\/sk\/wp-json\/wp\/v2\/media?parent=961"}],"wp:term":[{"taxonomy":"product_brand","embeddable":true,"href":"https:\/\/zzlcmachinery.com\/sk\/wp-json\/wp\/v2\/product_brand?post=961"},{"taxonomy":"product_cat","embeddable":true,"href":"https:\/\/zzlcmachinery.com\/sk\/wp-json\/wp\/v2\/product_cat?post=961"},{"taxonomy":"product_tag","embeddable":true,"href":"https:\/\/zzlcmachinery.com\/sk\/wp-json\/wp\/v2\/product_tag?post=961"}],"curies":[{"name":"wp","href":"https:\/\/api.w.org\/{rel}","templated":true}]}}