{"id":929,"date":"2022-11-16T23:27:49","date_gmt":"2022-11-16T15:27:49","guid":{"rendered":"https:\/\/zzlcmachinery.com\/?post_type=product&#038;p=929"},"modified":"2022-11-22T14:07:45","modified_gmt":"2022-11-22T06:07:45","slug":"c41-20kg-professional-blacksmith-power-forging-air-hammer","status":"publish","type":"product","link":"https:\/\/zzlcmachinery.com\/sk\/produkt\/c41-20kg-professional-blacksmith-power-forging-air-hammer\/","title":{"rendered":"C41-20kg Profesion\u00e1lne kov\u00e1\u010dske elektrick\u00e9 vzduchov\u00e9 kladivo"},"content":{"rendered":"","protected":false},"excerpt":{"rendered":"<p>Toto profesion\u00e1lne kov\u00e1\u010dske vzduchov\u00e9 kladivo C41-20kg m\u00e1 delen\u00fa kon\u0161trukciu. Stroj je rozdelen\u00fd na dve \u010dasti, n\u00e1kovu a hlavn\u00fd stroj. Vzduchov\u00e9 kladivo delen\u00e9ho typu potrebuje, aby z\u00e1kazn\u00edk postavil cementom vytvrden\u00fd z\u00e1klad pod\u013ea v\u00fdkresov, ktor\u00e9 poskytujeme. V\u00fdhodou vzduchov\u00e9ho kladiva delen\u00e9ho typu je siln\u00e1 \u00faderov\u00e1 schopnos\u0165 a stabiln\u00fd v\u00fdkon. Vzduchov\u00e9 kladiv\u00e1 pou\u017e\u00edvaj\u00fa mnoh\u00ed kov\u00e1\u010di na kovanie r\u00f4znych ozdobn\u00fdch v\u00fdkovkov. Po zahriat\u00ed \u017eehli\u010dky je jednoduch\u0161ie kladivom a deformova\u0165 tvar, ak\u00fd si z\u00e1kazn\u00edk \u017eel\u00e1. Vzduchov\u00e9 kladiv\u00e1 je mo\u017en\u00e9 pou\u017ei\u0165 na r\u00f4znych miestach: zalievanie, lisovanie, rezanie, dierovanie, nitovanie, lisovanie at\u010f... v\u0161etky druhy kovov. Vzduchov\u00e9 kladiv\u00e1 Lanchen boli predan\u00e9 do Spojen\u00fdch \u0161t\u00e1tov, Kanady, Ruska, Spojen\u00e9ho kr\u00e1\u013eovstva, Franc\u00fazska, \u0160panielska, Mexika, Kolumbie, Ju\u017enej Afriky, Vietnamu a \u010fal\u0161\u00edch kraj\u00edn a z\u00edskali jednomyse\u013en\u00fa chv\u00e1lu.<br \/>\nM\u00f4\u017eeme doda\u0165 6 kg, 16 kg, 25 kg, 40 kg, 55 kg, 75 kg, 100 kg, 150 kg, 250 kg, 400 kg, 560 kg, 750 kg, 1000 kg, 2000 kg na v\u00fdber pod\u013ea r\u00f4znych potrieb kovania .M\u00f4\u017eete si vybra\u0165 model pod\u013ea nasleduj\u00facich \u0161pecifik\u00e1ci\u00ed<\/p>\n<p><strong>TECHNICK\u00dd PARAMETER<br \/>\nModel: C41-20KG<br \/>\nHmotnos\u0165 padaj\u00facich dielov (KG):<\/strong>20 kg<br \/>\n<strong>Typ kon\u0161trukcie:<\/strong>Split Air Hammer<strong><br \/>\nMaxim\u00e1lna energia \u00faderu (KJ):<\/strong>0,22 kJ<strong><br \/>\nMax. kovan\u00fd rozmer (priemer) na kruhovej oceli:<\/strong>\u03c635 mm<br \/>\n<strong>Max. kovan\u00fd rozmer (priemer) na \u0161tvorcovej oceli:<\/strong>30 x 30 mm<br \/>\n<strong>Moc:<\/strong> 2,2 kW<br \/>\n<strong>Nap\u00e4tie:<\/strong>\u00a0220V\/380V<br \/>\n<strong>Rozmer balenia:<\/strong> 820*460*1110<br \/>\n<strong>GW (kg):<\/strong> 380<\/p>","protected":false},"featured_media":935,"template":"","meta":{"_kad_post_transparent":"default","_kad_post_title":"hide","_kad_post_layout":"fullwidth","_kad_post_sidebar_id":"","_kad_post_content_style":"unboxed","_kad_post_vertical_padding":"hide","_kad_post_feature":"hide","_kad_post_feature_position":"","_kad_post_header":false,"_kad_post_footer":false},"product_brand":[],"product_cat":[28],"product_tag":[426,416,423,418,414,422,424,421,419,427,407,425,415,420,417],"class_list":{"0":"post-929","1":"product","2":"type-product","3":"status-publish","4":"has-post-thumbnail","6":"product_cat-blacksmith-power-hammer","7":"product_tag-240volt-single-phase-motor-blacksmith-power-forging-hammer","8":"product_tag-air-hammer","9":"product_tag-air-power-chipping-hammer","10":"product_tag-air-power-forging-hammer-blacksmith","11":"product_tag-blacksmith-air-forging-power-hammer","12":"product_tag-c41-20kg-hydraulic-power-hammer-for-sale","13":"product_tag-c41-20kg-professional-blacksmith-power-forging-air-hammer","14":"product_tag-electric-power-hammer","15":"product_tag-forging-wrought-iron-machine","16":"product_tag-hammer-forging-ellsen-wrought-iron-machine-for-sale","17":"product_tag-power-hammer-for-blacksmith","18":"product_tag-profesonal-power-hammer-air-hammer-c41-20kg","19":"product_tag-professional-blacksmith-power-forging-air-hammer","20":"product_tag-small-power-hammer-manufacturers-suppliers","21":"product_tag-source-blacksmith-pneumatic-forging-power-hammer","23":"first","24":"instock","25":"shipping-taxable","26":"product-type-simple","27":"entry","28":"content-bg","29":"loop-entry"},"_links":{"self":[{"href":"https:\/\/zzlcmachinery.com\/sk\/wp-json\/wp\/v2\/product\/929","targetHints":{"allow":["GET"]}}],"collection":[{"href":"https:\/\/zzlcmachinery.com\/sk\/wp-json\/wp\/v2\/product"}],"about":[{"href":"https:\/\/zzlcmachinery.com\/sk\/wp-json\/wp\/v2\/types\/product"}],"version-history":[{"count":0,"href":"https:\/\/zzlcmachinery.com\/sk\/wp-json\/wp\/v2\/product\/929\/revisions"}],"wp:featuredmedia":[{"embeddable":true,"href":"https:\/\/zzlcmachinery.com\/sk\/wp-json\/wp\/v2\/media\/935"}],"wp:attachment":[{"href":"https:\/\/zzlcmachinery.com\/sk\/wp-json\/wp\/v2\/media?parent=929"}],"wp:term":[{"taxonomy":"product_brand","embeddable":true,"href":"https:\/\/zzlcmachinery.com\/sk\/wp-json\/wp\/v2\/product_brand?post=929"},{"taxonomy":"product_cat","embeddable":true,"href":"https:\/\/zzlcmachinery.com\/sk\/wp-json\/wp\/v2\/product_cat?post=929"},{"taxonomy":"product_tag","embeddable":true,"href":"https:\/\/zzlcmachinery.com\/sk\/wp-json\/wp\/v2\/product_tag?post=929"}],"curies":[{"name":"wp","href":"https:\/\/api.w.org\/{rel}","templated":true}]}}