{"id":902,"date":"2022-11-14T18:55:11","date_gmt":"2022-11-14T10:55:11","guid":{"rendered":"https:\/\/zzlcmachinery.com\/?post_type=product&#038;p=902"},"modified":"2022-11-26T00:46:36","modified_gmt":"2022-11-25T16:46:36","slug":"lc-dl60-china-wrought-iron-machine-and-cold-rolling-embossing-machine","status":"publish","type":"product","link":"https:\/\/zzlcmachinery.com\/sk\/produkt\/lc-dl60-china-wrought-iron-machine-and-cold-rolling-embossing-machine\/","title":{"rendered":"LC-DL60 \u010c\u00edna stroj z tepan\u00e9ho \u017eeleza a raziaci stroj na valcovanie za studena"},"content":{"rendered":"","protected":false},"excerpt":{"rendered":"<p>Tento stroj na kujn\u00e9 \u017eelezo LC-DL60 a raziaci stroj na valcovanie za studena je profesion\u00e1lne zariadenie na stroj na valcovanie a razenie za studena. Tento stroj dok\u00e1\u017ee spracova\u0165 \u0161tvorcov\u00fa r\u00farku, \u0161tvorcov\u00fa oce\u013e, ploch\u00fa r\u00farku, r\u00farku z nehrdzavej\u00facej ocele, obd\u013a\u017enikov\u00fa r\u00farku s medzin\u00e1rodn\u00fdmi be\u017en\u00fdmi rozmermi, tento stroj dok\u00e1\u017ee sam\u010die vzory v \u0161tyroch rohoch \u0161tvorcovej r\u00farky, m\u00f4\u017ee samce do z\u00e1bradlia schodiska pou\u017ei\u0165 r\u00farku. Be\u017e\u00ed hladko, bezpe\u010dne a spo\u013eahliv\u00e9. Pou\u017eite\u013en\u00e9 na budovy, turistick\u00e9 atrakcie a bytov\u00e9 dekor\u00e1cie.<br \/>\nNajv\u00e4\u010d\u0161ou v\u00fdhodou tohto stroja je, \u017ee m\u00e1 sadu kombinovan\u00fdch foriem, ktor\u00e9 je mo\u017en\u00e9 pou\u017ei\u0165 na spracovanie \u0161tvorcov\u00fdch r\u00far 20\u00d720-100x100 mm, obd\u013a\u017enikov\u00fdch r\u00far a r\u00far z nehrdzavej\u00facej ocele. Pokia\u013e ide o materi\u00e1l, ktor\u00fd m\u00e1 z\u00e1kazn\u00edk, je mo\u017en\u00e9 ho spracova\u0165 a vyrazi\u0165 na formu \u00fapravou kombin\u00e1cie tesnen\u00ed.<br \/>\nNa v\u00fdrobu samostatnej formy nemus\u00edte plati\u0165 za ka\u017ed\u00fa ve\u013ekos\u0165 formy. U\u0161etrite \u010das, peniaze a n\u00e1mahu.<\/p>\n<p><strong>TECHNICK\u00dd PARAMETER<br \/>\nModel: LC-DL60<\/strong><br \/>\n<strong>\u017dehli\u010dka:<\/strong> \u2264 10 \u00d7 60 mm<br \/>\n<strong>\u0160tvorcov\u00e1 oce\u013e:<\/strong>\u00a0\u2264 25 \u00d7 25 mm<br \/>\n<strong>\u0160tvorcov\u00e1 trubica:<\/strong> \u2264 100 x 100 mm<br \/>\n<strong>Moc:<\/strong> 7,5 kW<br \/>\n<strong>Nap\u00e4tie:<\/strong> 220V\/380V<br \/>\n<strong>Rozmer balenia:<\/strong> 1000 \u00d7 800 \u00d7 1200 mm<br \/>\n<strong>NW (kg):<\/strong> 450<br \/>\n<strong>GW (kg):<\/strong> 500<\/p>","protected":false},"featured_media":909,"template":"","meta":{"_kad_post_transparent":"default","_kad_post_title":"hide","_kad_post_layout":"fullwidth","_kad_post_sidebar_id":"","_kad_post_content_style":"unboxed","_kad_post_vertical_padding":"hide","_kad_post_feature":"hide","_kad_post_feature_position":"","_kad_post_header":false,"_kad_post_footer":false},"product_brand":[],"product_cat":[29,19],"product_tag":[387,391,390,381,382,394,388,396,397,392,389,398,395,393],"class_list":{"0":"post-902","1":"product","2":"type-product","3":"status-publish","4":"has-post-thumbnail","6":"product_cat-electric-wrought-iron-processing-machine","7":"product_cat-cold-rolling-embossing-machine","8":"product_tag-blacksmith-embossing-metal-machine","9":"product_tag-buy-handrail-embossling-machine","10":"product_tag-china-iron-art-machine","11":"product_tag-china-metal-craft-embossing-equiment","12":"product_tag-china-wrought-iron-machine-and-cold-rolling-embossing-machine","13":"product_tag-cold-rolling-embossing-machine-for-wrought-iron-decoration","14":"product_tag-embossing-machine-for-rolling-forming-machine-manufacturer","15":"product_tag-flat-iron-embossing-machine","16":"product_tag-forged-square-tube-equipment","17":"product_tag-metal-embossing-handrail-embossing-machine","18":"product_tag-multifunction-adjustable-speed-handrail-cold-embossing-machine","19":"product_tag-ornamental-machine-for-sale","20":"product_tag-square-steel-embossing-machine","21":"product_tag-wrought-iron-decoration","23":"first","24":"instock","25":"featured","26":"shipping-taxable","27":"product-type-simple","28":"entry","29":"content-bg","30":"loop-entry"},"_links":{"self":[{"href":"https:\/\/zzlcmachinery.com\/sk\/wp-json\/wp\/v2\/product\/902","targetHints":{"allow":["GET"]}}],"collection":[{"href":"https:\/\/zzlcmachinery.com\/sk\/wp-json\/wp\/v2\/product"}],"about":[{"href":"https:\/\/zzlcmachinery.com\/sk\/wp-json\/wp\/v2\/types\/product"}],"version-history":[{"count":0,"href":"https:\/\/zzlcmachinery.com\/sk\/wp-json\/wp\/v2\/product\/902\/revisions"}],"wp:featuredmedia":[{"embeddable":true,"href":"https:\/\/zzlcmachinery.com\/sk\/wp-json\/wp\/v2\/media\/909"}],"wp:attachment":[{"href":"https:\/\/zzlcmachinery.com\/sk\/wp-json\/wp\/v2\/media?parent=902"}],"wp:term":[{"taxonomy":"product_brand","embeddable":true,"href":"https:\/\/zzlcmachinery.com\/sk\/wp-json\/wp\/v2\/product_brand?post=902"},{"taxonomy":"product_cat","embeddable":true,"href":"https:\/\/zzlcmachinery.com\/sk\/wp-json\/wp\/v2\/product_cat?post=902"},{"taxonomy":"product_tag","embeddable":true,"href":"https:\/\/zzlcmachinery.com\/sk\/wp-json\/wp\/v2\/product_tag?post=902"}],"curies":[{"name":"wp","href":"https:\/\/api.w.org\/{rel}","templated":true}]}}