{"id":884,"date":"2022-11-13T20:52:27","date_gmt":"2022-11-13T12:52:27","guid":{"rendered":"https:\/\/zzlcmachinery.com\/?post_type=product&#038;p=884"},"modified":"2022-11-26T00:46:42","modified_gmt":"2022-11-25T16:46:42","slug":"lc-fsg89-stainless-steel-round-pipe-making-machine-for-stair-handrail","status":"publish","type":"product","link":"https:\/\/zzlcmachinery.com\/sk\/produkt\/lc-fsg89-stainless-steel-round-pipe-making-machine-for-stair-handrail\/","title":{"rendered":"LC-FSG89 Stroj na v\u00fdrobu kruhov\u00fdch r\u00far z nehrdzavej\u00facej ocele pre z\u00e1bradlie schodiska"},"content":{"rendered":"","protected":false},"excerpt":{"rendered":"<p>LC-FSG89 Stroj na v\u00fdrobu kruhov\u00fdch r\u00far z nehrdzavej\u00facej ocele pre z\u00e1bradlie schodov je stroj m\u00e1 mnoho funkci\u00ed, nielen\u017ee dok\u00e1\u017ee spracova\u0165 \u017eelezn\u00e9 kruhov\u00e9 r\u00fary ako z\u00e1bradlia schodov, ale aj r\u00fary z nehrdzavej\u00facej ocele, z ktor\u00fdch obe m\u00f4\u017eu by\u0165 spracovan\u00e9 na \u0161tvorcov\u00e9 r\u00fary s dr\u00e1\u017ekami na v\u0161etk\u00fdch \u0161tyroch rohy.<br \/>\nN\u00e1hodn\u00e1 sada vo\u013en\u00fdch foriem pozost\u00e1va z 8 p\u00e1rov foriem a viacer\u00e9 sady foriem je mo\u017en\u00e9 in\u0161talova\u0165 ved\u013ea seba, to znamen\u00e1, \u017ee 2-3 okr\u00fahle r\u00farky sa sprac\u00favaj\u00fa ved\u013ea seba do r\u00f4znych tvarov z\u00e1bradl\u00ed alebo \u0161tvorcov\u00fdch r\u00farok s\u00fa\u010dasne. .<br \/>\nM\u00e1me profesion\u00e1lny dizajn\u00e9rsky t\u00edm, ktor\u00fd bezplatne navrhne v\u00fdkresy foriem pre z\u00e1kazn\u00edkov a prisp\u00f4sob\u00ed formy tak, aby vyhovovali potreb\u00e1m z\u00e1kazn\u00edkov.<\/p>\n<p><strong>TECHNICK\u00dd PARAMETER<br \/>\nModel: LC-FSG89<\/strong><br \/>\n<b>Materi\u00e1l: Okr\u00fahla r\u00farka a nehrdzavej\u00faca r\u00farka<br \/>\nPracovn\u00e1 schopnos\u0165:<\/b>Okr\u00fahla r\u00farka \u2264\u03c689mm Hr\u00fabka\u22643mm<b><br \/>\n<\/b>\u00a0 \u00a0 \u00a0 \u00a0 \u00a0 \u00a0 \u00a0 \u00a0 \u00a0 \u00a0 \u00a0 \u00a0 \u00a0 \u00a0 Nerezov\u00e9 potrubie \u2264\u03c689mm Hr\u00fabka\u22642mm<br \/>\n<strong>Moc:<\/strong> 11 kW<br \/>\n<strong>Nap\u00e4tie:<\/strong> 220V\/380V\/415V 50HZ<br \/>\n<strong>Rozmer balenia:<\/strong> 3000 \u00d7 710 \u00d7 1420 mm<br \/>\n<strong>NW (kg):<\/strong> 1700<br \/>\n<strong>GW (kg):<\/strong> 1850<\/p>","protected":false},"featured_media":878,"template":"","meta":{"_kad_post_transparent":"default","_kad_post_title":"hide","_kad_post_layout":"fullwidth","_kad_post_sidebar_id":"","_kad_post_content_style":"unboxed","_kad_post_vertical_padding":"hide","_kad_post_feature":"hide","_kad_post_feature_position":"","_kad_post_header":false,"_kad_post_footer":false},"product_brand":[],"product_cat":[29,19],"product_tag":[356,374,372,376,47,375,357,359,358,360,361,369,362,363,377,367,364,370,371,368,366,365,373,111],"class_list":{"0":"post-884","1":"product","2":"type-product","3":"status-publish","4":"has-post-thumbnail","6":"product_cat-electric-wrought-iron-processing-machine","7":"product_cat-cold-rolling-embossing-machine","8":"product_tag-aotomatic-handrail-pipe-forming-machine","9":"product_tag-buy-cold-rolling-stainless-steel-handrail-pipe-making-machine","10":"product_tag-buy-wrought-iron-handrail-pipe-forming-machine","11":"product_tag-china-handrail-pipe-forming-machine","12":"product_tag-cold-rolling-embossing-machine","13":"product_tag-cold-rolling-stainless-steel-handrail-pipe-making-machine","14":"product_tag-handrail-dies-catalogue","15":"product_tag-handrail-making-machine","16":"product_tag-handrail-pipe-forming-machine","17":"product_tag-handrail-roll-forming-machine-made-in-china","18":"product_tag-handrails-making-machine","19":"product_tag-machine-for-stair-handrail-wholesale-factory","20":"product_tag-stainless-steel-handrail-tube-roll-forming-machine","21":"product_tag-stainless-steel-round-pipe-making-machine-for-stair-handrail","22":"product_tag-stair-handrail-pipe-roll-forming-machine","23":"product_tag-stair-handrail-stainless-steel-pipe-bending-machine","24":"product_tag-steel-handrail-roll-forming-machine","25":"product_tag-super-pipe-forming-machine","26":"product_tag-supply-stainless-steel-round-pipe-making","27":"product_tag-tube-fabricator-supplies-exotic-handrail-systems","28":"product_tag-tube-mill-equipment","29":"product_tag-tube-mill-equipment-tube-production-line","30":"product_tag-wrought-iron-handrail-pipe-forming-machine","31":"product_tag-wrought-iron-machine","33":"first","34":"instock","35":"featured","36":"shipping-taxable","37":"product-type-simple","38":"entry","39":"content-bg","40":"loop-entry"},"_links":{"self":[{"href":"https:\/\/zzlcmachinery.com\/sk\/wp-json\/wp\/v2\/product\/884","targetHints":{"allow":["GET"]}}],"collection":[{"href":"https:\/\/zzlcmachinery.com\/sk\/wp-json\/wp\/v2\/product"}],"about":[{"href":"https:\/\/zzlcmachinery.com\/sk\/wp-json\/wp\/v2\/types\/product"}],"version-history":[{"count":0,"href":"https:\/\/zzlcmachinery.com\/sk\/wp-json\/wp\/v2\/product\/884\/revisions"}],"wp:featuredmedia":[{"embeddable":true,"href":"https:\/\/zzlcmachinery.com\/sk\/wp-json\/wp\/v2\/media\/878"}],"wp:attachment":[{"href":"https:\/\/zzlcmachinery.com\/sk\/wp-json\/wp\/v2\/media?parent=884"}],"wp:term":[{"taxonomy":"product_brand","embeddable":true,"href":"https:\/\/zzlcmachinery.com\/sk\/wp-json\/wp\/v2\/product_brand?post=884"},{"taxonomy":"product_cat","embeddable":true,"href":"https:\/\/zzlcmachinery.com\/sk\/wp-json\/wp\/v2\/product_cat?post=884"},{"taxonomy":"product_tag","embeddable":true,"href":"https:\/\/zzlcmachinery.com\/sk\/wp-json\/wp\/v2\/product_tag?post=884"}],"curies":[{"name":"wp","href":"https:\/\/api.w.org\/{rel}","templated":true}]}}