{"id":867,"date":"2022-11-10T00:20:57","date_gmt":"2022-11-09T16:20:57","guid":{"rendered":"https:\/\/zzlcmachinery.com\/?post_type=product&#038;p=867"},"modified":"2022-12-13T13:42:15","modified_gmt":"2022-12-13T05:42:15","slug":"jk-30-sheet-iron-plate-cold-embossing-machine","status":"publish","type":"product","link":"https:\/\/zzlcmachinery.com\/sk\/produkt\/jk-30-sheet-iron-plate-cold-embossing-machine\/","title":{"rendered":"Stroj na razenie za studena na plech JK-30"},"content":{"rendered":"","protected":false},"excerpt":{"rendered":"<p>JK-30 Stroj na razenie za studena do plechu je typ stroja, ktor\u00fd sa pou\u017e\u00edva na razenie vzorov alebo vzorov na plechy bez pou\u017eitia tepla. To sa vykon\u00e1va vtla\u010den\u00edm kovovej platne medzi dve matrice, ktor\u00e9 s\u00fa bu\u010f s vyryt\u00fdm po\u017eadovan\u00fdm vzorom, alebo vyroben\u00e9 z formy s dizajnom pre potreby z\u00e1kazn\u00edka. Stroj vyv\u00edja tlak na kovov\u00fa plat\u0148u, \u010do sp\u00f4sob\u00ed, \u017ee nadobudne tvar razidiel a vytvor\u00ed reli\u00e9fny vzor na povrchu kovu. Razenie za studena je be\u017enou technikou pou\u017e\u00edvanou pri v\u00fdrobe produktov, ako s\u00fa kovov\u00e9 n\u00e1pisy, dekorat\u00edvne panely a in\u00e9 produkty, ktor\u00e9 vy\u017eaduj\u00fa reli\u00e9fne vzory na kovov\u00fdch platniach. Razenie za studena sa \u010dasto uprednost\u0148uje pred razen\u00edm za tepla, preto\u017ee nezah\u0155\u0148a pou\u017eitie tepla, ktor\u00e9 m\u00f4\u017ee po\u0161kodi\u0165 alebo zdeformova\u0165 kov.<br \/>\n\u0160\u00edrka plechov\u00e9ho plechu a vzor formy je mo\u017en\u00e9 prisp\u00f4sobi\u0165 zadarmo!<br \/>\n<strong>TECHNICK\u00dd PARAMETER<\/strong><br \/>\n<strong>Materi\u00e1l:<\/strong> \u017delezn\u00fd plech, Hlin\u00edkov\u00fd plech, Meden\u00fd plech, Plech z nehrdzavej\u00facej ocele<br \/>\n<strong>\u0160\u00edrka materi\u00e1lu:<\/strong>30 mm<br \/>\n<strong>Hr\u00fabka materi\u00e1lu<\/strong>: maxim\u00e1lne 2 mm<br \/>\n<strong>Moc:<\/strong> 2,2 kW (Pod\u013ea \u0161\u00edrky a hr\u00fabky valcovan\u00e9ho materi\u00e1lu pod\u013ea skuto\u010dn\u00fdch potrieb z\u00e1kazn\u00edkov)<br \/>\n<strong>Nap\u00e4tie:<\/strong>\u00a0220V\/380V\/415V<br \/>\n<strong>Rozmer balenia:<\/strong> 1500 \u00d7 710 \u00d7 800 mm<br \/>\n<strong>NW (kg):<\/strong> 350<br \/>\n<strong>GW (kg):<\/strong> 400<\/p>","protected":false},"featured_media":1535,"template":"","meta":{"_kad_post_transparent":"default","_kad_post_title":"hide","_kad_post_layout":"fullwidth","_kad_post_sidebar_id":"","_kad_post_content_style":"unboxed","_kad_post_vertical_padding":"hide","_kad_post_feature":"hide","_kad_post_feature_position":"","_kad_post_header":false,"_kad_post_footer":false},"product_brand":[],"product_cat":[29,19],"product_tag":[47,521,519,518,520,517,522],"class_list":{"0":"post-867","1":"product","2":"type-product","3":"status-publish","4":"has-post-thumbnail","6":"product_cat-electric-wrought-iron-processing-machine","7":"product_cat-cold-rolling-embossing-machine","8":"product_tag-cold-rolling-embossing-machine","9":"product_tag-cold-rolling-sheet-embossing-machine-manufacturers","10":"product_tag-iorn-sheet-embossing-machine","11":"product_tag-iron-plate-cold-embossing-machine","12":"product_tag-metal-sheet-embossing-machine-manufacturers-suppliers","13":"product_tag-sheet-iron-plate-cold-embossing-machine","14":"product_tag-sheet-iron-plate-embossing-machine","16":"first","17":"instock","18":"shipping-taxable","19":"product-type-simple","20":"entry","21":"content-bg","22":"loop-entry"},"_links":{"self":[{"href":"https:\/\/zzlcmachinery.com\/sk\/wp-json\/wp\/v2\/product\/867","targetHints":{"allow":["GET"]}}],"collection":[{"href":"https:\/\/zzlcmachinery.com\/sk\/wp-json\/wp\/v2\/product"}],"about":[{"href":"https:\/\/zzlcmachinery.com\/sk\/wp-json\/wp\/v2\/types\/product"}],"version-history":[{"count":0,"href":"https:\/\/zzlcmachinery.com\/sk\/wp-json\/wp\/v2\/product\/867\/revisions"}],"wp:featuredmedia":[{"embeddable":true,"href":"https:\/\/zzlcmachinery.com\/sk\/wp-json\/wp\/v2\/media\/1535"}],"wp:attachment":[{"href":"https:\/\/zzlcmachinery.com\/sk\/wp-json\/wp\/v2\/media?parent=867"}],"wp:term":[{"taxonomy":"product_brand","embeddable":true,"href":"https:\/\/zzlcmachinery.com\/sk\/wp-json\/wp\/v2\/product_brand?post=867"},{"taxonomy":"product_cat","embeddable":true,"href":"https:\/\/zzlcmachinery.com\/sk\/wp-json\/wp\/v2\/product_cat?post=867"},{"taxonomy":"product_tag","embeddable":true,"href":"https:\/\/zzlcmachinery.com\/sk\/wp-json\/wp\/v2\/product_tag?post=867"}],"curies":[{"name":"wp","href":"https:\/\/api.w.org\/{rel}","templated":true}]}}