{"id":865,"date":"2022-11-10T00:19:56","date_gmt":"2022-11-09T16:19:56","guid":{"rendered":"https:\/\/zzlcmachinery.com\/?post_type=product&#038;p=865"},"modified":"2022-11-14T22:42:35","modified_gmt":"2022-11-14T14:42:35","slug":"lc-dl60s-cheapest-square-tube-flat-iron-square-steel-embossing-machine","status":"publish","type":"product","link":"https:\/\/zzlcmachinery.com\/sk\/produkt\/lc-dl60s-cheapest-square-tube-flat-iron-square-steel-embossing-machine\/","title":{"rendered":"LC-DL60S Najlacnej\u0161\u00ed raziaci stroj so \u0161tvorcov\u00fdmi r\u00farkami na ploch\u00e9 \u017eelezo"},"content":{"rendered":"","protected":false},"excerpt":{"rendered":"<p>Tento najlacnej\u0161\u00ed raziaci stroj LC-DL60S z ploch\u00fdch r\u00farok so \u0161tvorcov\u00fdmi r\u00farkami je profesion\u00e1lne zariadenie na valcovanie a kovanie materi\u00e1lov za studena. Tento stroj dok\u00e1\u017ee spracova\u0165 \u0161tvorcov\u00fa r\u00farku, \u0161tvorcov\u00fa oce\u013e, ploch\u00fa oce\u013e s medzin\u00e1rodn\u00fdmi be\u017en\u00fdmi rozmermi, v porovnan\u00ed s rovnak\u00fdm typom studen\u00e9ho raziaceho stroja s\u00fa n\u00e1klady na formu tohto stroja ove\u013ea ni\u017e\u0161ie, ako je spracovanie \u0161tvorcov\u00fdch r\u00farok, nie je potrebn\u00e9 zaplati\u0165 a vygrav\u00edrova\u0165 sadu foriem pre ka\u017ed\u00fa \u0161tvorcov\u00fa r\u00farku r\u00f4znych ve\u013ekost\u00ed, 20\u00d720-80x80mm \u0161tvorcov\u00e1 r\u00farka je kombin\u00e1cia Forma sa d\u00e1 \u013eubovo\u013ene kombinova\u0165 do formy vhodnej na \u0161tvorcov\u00e9 r\u00farky \u013eubovo\u013enej ve\u013ekosti pomocou superpoz\u00edcie tesnen\u00ed. spracovan\u00e9 vr\u00e1tane pravouhl\u00fdch r\u00far a r\u00far z nehrdzavej\u00facej ocele.<br \/>\n<strong>TECHNICK\u00dd PARAMETER<\/strong><br \/>\n<strong>\u017dehli\u010dka:<\/strong> \u2264 10 \u00d7 50 mm<br \/>\n<strong>\u0160tvorcov\u00e1 oce\u013e:<\/strong>\u00a0\u2264 25 \u00d7 25 mm<br \/>\n<strong>\u0160tvorcov\u00e1 trubica:<\/strong> \u2264 80 x 80 mm<br \/>\n<strong>Moc:<\/strong> 4 kW<br \/>\n<strong>Nap\u00e4tie:<\/strong> 220V\/380V<br \/>\n<strong>Rozmer balenia:<\/strong> 1000 \u00d7 800 \u00d7 1200 mm<br \/>\n<strong>NW (kg):<\/strong> 450<br \/>\n<strong>GW (kg):<\/strong> 500<\/p>","protected":false},"featured_media":888,"template":"","meta":{"_kad_post_transparent":"default","_kad_post_title":"hide","_kad_post_layout":"fullwidth","_kad_post_sidebar_id":"","_kad_post_content_style":"unboxed","_kad_post_vertical_padding":"hide","_kad_post_feature":"hide","_kad_post_feature_position":"","_kad_post_header":false,"_kad_post_footer":false},"product_brand":[],"product_cat":[29,19],"product_tag":[381,382,47,386,379,378,380,384,383,385,44,111],"class_list":{"0":"post-865","1":"product","2":"type-product","3":"status-publish","4":"has-post-thumbnail","6":"product_cat-electric-wrought-iron-processing-machine","7":"product_cat-cold-rolling-embossing-machine","8":"product_tag-china-metal-craft-embossing-equiment","9":"product_tag-china-wrought-iron-machine-and-cold-rolling-embossing-machine","10":"product_tag-cold-rolling-embossing-machine","11":"product_tag-flat-iorn-embossing-machine","12":"product_tag-iron-embossing-machine","13":"product_tag-lc-dl60s-cheapest-square-tube-flat-iron-square-steel-embossing-machine","14":"product_tag-professional-cold-rolling-metal-plate-embossing-machine","15":"product_tag-sauare-steel-embossing-machine","16":"product_tag-square-tube-embossing-machine","17":"product_tag-stainless-steel-pipe-embossing-machine","18":"product_tag-wrought-iron-embossing-machine","19":"product_tag-wrought-iron-machine","21":"first","22":"instock","23":"shipping-taxable","24":"product-type-simple","25":"entry","26":"content-bg","27":"loop-entry"},"_links":{"self":[{"href":"https:\/\/zzlcmachinery.com\/sk\/wp-json\/wp\/v2\/product\/865","targetHints":{"allow":["GET"]}}],"collection":[{"href":"https:\/\/zzlcmachinery.com\/sk\/wp-json\/wp\/v2\/product"}],"about":[{"href":"https:\/\/zzlcmachinery.com\/sk\/wp-json\/wp\/v2\/types\/product"}],"version-history":[{"count":0,"href":"https:\/\/zzlcmachinery.com\/sk\/wp-json\/wp\/v2\/product\/865\/revisions"}],"wp:featuredmedia":[{"embeddable":true,"href":"https:\/\/zzlcmachinery.com\/sk\/wp-json\/wp\/v2\/media\/888"}],"wp:attachment":[{"href":"https:\/\/zzlcmachinery.com\/sk\/wp-json\/wp\/v2\/media?parent=865"}],"wp:term":[{"taxonomy":"product_brand","embeddable":true,"href":"https:\/\/zzlcmachinery.com\/sk\/wp-json\/wp\/v2\/product_brand?post=865"},{"taxonomy":"product_cat","embeddable":true,"href":"https:\/\/zzlcmachinery.com\/sk\/wp-json\/wp\/v2\/product_cat?post=865"},{"taxonomy":"product_tag","embeddable":true,"href":"https:\/\/zzlcmachinery.com\/sk\/wp-json\/wp\/v2\/product_tag?post=865"}],"curies":[{"name":"wp","href":"https:\/\/api.w.org\/{rel}","templated":true}]}}