{"id":863,"date":"2022-11-10T00:18:06","date_gmt":"2022-11-09T16:18:06","guid":{"rendered":"https:\/\/zzlcmachinery.com\/?post_type=product&#038;p=863"},"modified":"2022-11-22T13:49:47","modified_gmt":"2022-11-22T05:49:47","slug":"lc-fsg76-round-steel-pipe-handrail-roll-forming-machine","status":"publish","type":"product","link":"https:\/\/zzlcmachinery.com\/sk\/produkt\/lc-fsg76-round-steel-pipe-handrail-roll-forming-machine\/","title":{"rendered":"LC-FSG76 Stroj na tvarovanie okr\u00fahlych oce\u013eov\u00fdch r\u00farok z\u00e1bradlia"},"content":{"rendered":"","protected":false},"excerpt":{"rendered":"<p>Tento stroj na tv\u00e1rnenie z\u00e1bradlia z okr\u00fahlych oce\u013eov\u00fdch r\u00farok LC-FSG76 je profesion\u00e1lny stroj na v\u00fdrobu z\u00e1bradlia schodov. Hlavnou funkciou je spracovanie okr\u00fahlych r\u00far na r\u00fary z\u00e1bradlia na v\u00fdrobu r\u00f4znych tvarov z\u00e1bradlia schodov, in\u017einierskych dr\u00e1\u017eok a spracovanie okr\u00fahlych r\u00far na \u0161tvorcov\u00e9 r\u00fary s dr\u00e1\u017ekami na \u0161tyroch rohoch. Stroj je dod\u00e1van\u00fd so sadou vo\u013en\u00fdch foriem, ka\u017ed\u00e1 sada foriem pozost\u00e1va z 8 p\u00e1rov matr\u00edc, stroj m\u00e1 funkciu automatickej modul\u00e1cie a okr\u00fahla trubica je vytla\u010den\u00e1 do tvaru po\u017eadovan\u00e9ho z\u00e1kazn\u00edkom pomocou vytl\u00e1\u010dania matrice<\/p>\n<p><strong>TECHNICK\u00dd PARAMETER<br \/>\nModel: LC-FSG76<\/strong><br \/>\n<b>Materi\u00e1l: Okr\u00fahla r\u00farka<br \/>\nPracovn\u00e1 schopnos\u0165:<\/b>Okr\u00fahla r\u00farka \u2264\u03c660mm Hr\u00fabka\u22642mm<br \/>\n<strong>Moc:<\/strong> 4 kW<br \/>\n<strong>Nap\u00e4tie:<\/strong> 220V\/380V\/415V 50HZ<br \/>\n<strong>Rozmer balenia:<\/strong> 2500 \u00d7 710 \u00d7 1420 mm<br \/>\n<strong>NW (kg):<\/strong> 1200<br \/>\n<strong>GW (kg):<\/strong> 1300<\/p>","protected":false},"featured_media":880,"template":"","meta":{"_kad_post_transparent":"default","_kad_post_title":"hide","_kad_post_layout":"fullwidth","_kad_post_sidebar_id":"","_kad_post_content_style":"unboxed","_kad_post_vertical_padding":"hide","_kad_post_feature":"hide","_kad_post_feature_position":"","_kad_post_header":false,"_kad_post_footer":false},"product_brand":[],"product_cat":[29,19],"product_tag":[356,47,357,359,358,360,361,362,363,367,364,366,365,111],"class_list":{"0":"post-863","1":"product","2":"type-product","3":"status-publish","4":"has-post-thumbnail","6":"product_cat-electric-wrought-iron-processing-machine","7":"product_cat-cold-rolling-embossing-machine","8":"product_tag-aotomatic-handrail-pipe-forming-machine","9":"product_tag-cold-rolling-embossing-machine","10":"product_tag-handrail-dies-catalogue","11":"product_tag-handrail-making-machine","12":"product_tag-handrail-pipe-forming-machine","13":"product_tag-handrail-roll-forming-machine-made-in-china","14":"product_tag-handrails-making-machine","15":"product_tag-stainless-steel-handrail-tube-roll-forming-machine","16":"product_tag-stainless-steel-round-pipe-making-machine-for-stair-handrail","17":"product_tag-stair-handrail-stainless-steel-pipe-bending-machine","18":"product_tag-steel-handrail-roll-forming-machine","19":"product_tag-tube-mill-equipment","20":"product_tag-tube-mill-equipment-tube-production-line","21":"product_tag-wrought-iron-machine","23":"first","24":"instock","25":"shipping-taxable","26":"product-type-simple","27":"entry","28":"content-bg","29":"loop-entry"},"_links":{"self":[{"href":"https:\/\/zzlcmachinery.com\/sk\/wp-json\/wp\/v2\/product\/863","targetHints":{"allow":["GET"]}}],"collection":[{"href":"https:\/\/zzlcmachinery.com\/sk\/wp-json\/wp\/v2\/product"}],"about":[{"href":"https:\/\/zzlcmachinery.com\/sk\/wp-json\/wp\/v2\/types\/product"}],"version-history":[{"count":0,"href":"https:\/\/zzlcmachinery.com\/sk\/wp-json\/wp\/v2\/product\/863\/revisions"}],"wp:featuredmedia":[{"embeddable":true,"href":"https:\/\/zzlcmachinery.com\/sk\/wp-json\/wp\/v2\/media\/880"}],"wp:attachment":[{"href":"https:\/\/zzlcmachinery.com\/sk\/wp-json\/wp\/v2\/media?parent=863"}],"wp:term":[{"taxonomy":"product_brand","embeddable":true,"href":"https:\/\/zzlcmachinery.com\/sk\/wp-json\/wp\/v2\/product_brand?post=863"},{"taxonomy":"product_cat","embeddable":true,"href":"https:\/\/zzlcmachinery.com\/sk\/wp-json\/wp\/v2\/product_cat?post=863"},{"taxonomy":"product_tag","embeddable":true,"href":"https:\/\/zzlcmachinery.com\/sk\/wp-json\/wp\/v2\/product_tag?post=863"}],"curies":[{"name":"wp","href":"https:\/\/api.w.org\/{rel}","templated":true}]}}