{"id":834,"date":"2022-11-04T22:29:01","date_gmt":"2022-11-04T14:29:01","guid":{"rendered":"https:\/\/zzlcmachinery.com\/?post_type=product&#038;p=834"},"modified":"2022-11-26T00:47:30","modified_gmt":"2022-11-25T16:47:30","slug":"lc120-hydraulic-decorative-iron-pipe-iron-tube-twisting-machine","status":"publish","type":"product","link":"https:\/\/zzlcmachinery.com\/sk\/produkt\/lc120-hydraulic-decorative-iron-pipe-iron-tube-twisting-machine\/","title":{"rendered":"LC120 Hydraulick\u00fd stroj na skr\u00facanie \u017eelezn\u00fdch r\u00farok na ozdobn\u00e9 \u017eelezn\u00e9 r\u00fary"},"content":{"rendered":"","protected":false},"excerpt":{"rendered":"<p>Tento LC120 Hydraulick\u00fd dekorat\u00edvny stroj na skr\u00facanie \u017eelezn\u00fdch r\u00farok sa pou\u017e\u00edva iba na spracovanie okr\u00fahlych r\u00far. Funkcia stroja spo\u010d\u00edva vo vzh\u013eade r\u00f4znych vzorov po spracovan\u00ed gu\u013eat\u00fdch r\u00far. Tieto polotovary sa pou\u017e\u00edvaj\u00fa najm\u00e4 na z\u00e1bradlia a skeletov\u00e9 podpery dver\u00ed, okien, schod\u00edsk a z\u00e1bradl\u00ed. S\u00fa nielen kr\u00e1sne, ale aj ve\u013emi pevn\u00e9, pou\u017eit\u00e9 materi\u00e1ly s\u00fa okr\u00fahle r\u00fary, tak\u017ee v porovnan\u00ed s pevn\u00fdmi dverami a oknami a z\u00e1bradl\u00edm s\u00fa n\u00e1klady zn\u00ed\u017een\u00e9 o viac ako 50%-80%. Je ve\u013emi vhodn\u00fd pre kov\u00e1\u010dske dielne, ktor\u00e9 vo ve\u013ekom prev\u00e1dzkuj\u00fa dvere a okn\u00e1. Tento stroj na skr\u00facanie r\u00farok sa pou\u017e\u00edva na spracovanie okr\u00fahlych r\u00far s priemerom 60-120 mm. Kruhov\u00e9 r\u00fary je mo\u017en\u00e9 premeni\u0165 na okr\u00fahle r\u00fary, \u0161tvorcov\u00e9 r\u00fary, 6-rohov\u00e9 r\u00fary, 12-rohov\u00e9 r\u00fary, 16-rohov\u00e9 r\u00fary at\u010f. Po spracovan\u00ed. Tieto opracovan\u00e9 r\u00fary m\u00f4\u017eu ma\u0165 aj r\u00f4zne tvary vzorov, ktor\u00e9 sa vyr\u00e1baj\u00fa najm\u00e4 opakovan\u00fdm kr\u00faten\u00edm stroja. Hustotu dez\u00e9nu a h\u013abku dez\u00e9nu je mo\u017en\u00e9 dosiahnu\u0165 nastaven\u00edm hydraulick\u00e9ho syst\u00e9mu a koncov\u00fdch sp\u00edna\u010dov.<br \/>\nOsobitn\u00e1 pozornos\u0165 by sa mala venova\u0165 hr\u00fabke okr\u00fahlej r\u00farky nepresahuj\u00facej 2,5 mm.<br \/>\nAko pr\u00edklad si vezmite okr\u00fahlu r\u00farku premenen\u00fa na \u0161tvorcov\u00fa r\u00farku, okr\u00fahlu r\u00farku s priemerom \u03c6 50 mm, \u03c660 mm, \u03c676 mm, \u03c6 89 mm, \u03c6114 mm, premenen\u00fa na \u0161tvorcov\u00fa r\u00farku \u53e3 40 mm \u53e3 50 mm \u53e3 60 mm \u53e3 60 mm \u53e3 \u53e3)<br \/>\n24-hodinov\u00e1 online slu\u017eba, dajte n\u00e1m vedie\u0165, ak m\u00e1te nejak\u00e9 ot\u00e1zky!<br \/>\n<strong>TECHNICK\u00dd PARAMETER<br \/>\n<\/strong><strong>Model: LC-JKLG120<br \/>\nSpracovate\u013esk\u00fd materi\u00e1l: Okr\u00fahla r\u00farka\u2264\u03a6120mmx3mm<br \/>\nRozmery hotov\u00e9ho v\u00fdrobku:<\/strong><br \/>\n<strong>Okr\u00fahla trubica<\/strong>\u2264\u03a6120 mm x 2,5 mm<br \/>\n<strong>Ploch\u00e1 trubica<\/strong> \u2264 90 x 60 x 2,5 mm<br \/>\n<strong>\u0160tvorcov\u00e1 trubica<\/strong>\u226440x40x2,5-90x90x2,5 mm<br \/>\n<strong style=\"font-family: var(--global-body-font-family);\">Moc:<\/strong><span style=\"font-family: var(--global-body-font-family);\"> 11,7 kW<br \/>\n<\/span><strong>Za bezplatn\u00e9 kocky:<\/strong>6 s\u00e1d<br \/>\n<strong>Nap\u00e4tie:<\/strong>\u00a0220V\/380V\/415V<br \/>\n<strong>Rozmer balenia:<\/strong>800*1200*700mm<strong><br \/>\n<\/strong><strong>NW (kg):<\/strong> 2500\u00a0 \u00a0 <strong>GW (kg):<\/strong> 2550<\/p>","protected":false},"featured_media":861,"template":"","meta":{"_kad_post_transparent":"default","_kad_post_title":"","_kad_post_layout":"default","_kad_post_sidebar_id":"","_kad_post_content_style":"default","_kad_post_vertical_padding":"default","_kad_post_feature":"","_kad_post_feature_position":"","_kad_post_header":false,"_kad_post_footer":false},"product_brand":[],"product_cat":[20,31],"product_tag":[350,353,354,339,349,343,355,351,352,111,347],"class_list":{"0":"post-834","1":"product","2":"type-product","3":"status-publish","4":"has-post-thumbnail","6":"product_cat-wrought-iron-twisting-machine","7":"product_cat-electric-pipe-twisting-machine","8":"product_tag-decorate-metal-pipe-tube-twist-wrought-iron-machine","9":"product_tag-decorative-pipe-tube-twisting-machine-pipe-threading-machine","10":"product_tag-factory-hot-sell-automatic-round-stainless-steel-pipe-twisting-machine","11":"product_tag-fully-automatic-multi-functional-round-tube-twisting-machine","12":"product_tag-iron-pipe-stainless-steel-pipe-tube-drawing-machine","13":"product_tag-ornamental-wrought-iron-round-pipe-twisting-making-machine","14":"product_tag-pipe-twisting-machine-for-wrought-iron","15":"product_tag-ss-tube-twisting-design-machine-wrought-iron-threading-pipe-machinery-price","16":"product_tag-tube-twisting-machine-spiral-twist-threading-round-metal-pipes-rotary-swaging-equipments","17":"product_tag-wrought-iron-machine","18":"product_tag-wrought-iron-tube-twisting-machine-for-steel-pipe","20":"first","21":"instock","22":"featured","23":"shipping-taxable","24":"product-type-simple","25":"entry","26":"content-bg","27":"loop-entry"},"_links":{"self":[{"href":"https:\/\/zzlcmachinery.com\/sk\/wp-json\/wp\/v2\/product\/834","targetHints":{"allow":["GET"]}}],"collection":[{"href":"https:\/\/zzlcmachinery.com\/sk\/wp-json\/wp\/v2\/product"}],"about":[{"href":"https:\/\/zzlcmachinery.com\/sk\/wp-json\/wp\/v2\/types\/product"}],"version-history":[{"count":0,"href":"https:\/\/zzlcmachinery.com\/sk\/wp-json\/wp\/v2\/product\/834\/revisions"}],"wp:featuredmedia":[{"embeddable":true,"href":"https:\/\/zzlcmachinery.com\/sk\/wp-json\/wp\/v2\/media\/861"}],"wp:attachment":[{"href":"https:\/\/zzlcmachinery.com\/sk\/wp-json\/wp\/v2\/media?parent=834"}],"wp:term":[{"taxonomy":"product_brand","embeddable":true,"href":"https:\/\/zzlcmachinery.com\/sk\/wp-json\/wp\/v2\/product_brand?post=834"},{"taxonomy":"product_cat","embeddable":true,"href":"https:\/\/zzlcmachinery.com\/sk\/wp-json\/wp\/v2\/product_cat?post=834"},{"taxonomy":"product_tag","embeddable":true,"href":"https:\/\/zzlcmachinery.com\/sk\/wp-json\/wp\/v2\/product_tag?post=834"}],"curies":[{"name":"wp","href":"https:\/\/api.w.org\/{rel}","templated":true}]}}