{"id":832,"date":"2022-11-04T20:23:29","date_gmt":"2022-11-04T12:23:29","guid":{"rendered":"https:\/\/zzlcmachinery.com\/?post_type=product&#038;p=832"},"modified":"2022-11-26T00:47:32","modified_gmt":"2022-11-25T16:47:32","slug":"lc-jklg60-aotumatic-multi-function-round-pipe-twisting-machine","status":"publish","type":"product","link":"https:\/\/zzlcmachinery.com\/sk\/produkt\/lc-jklg60-aotumatic-multi-function-round-pipe-twisting-machine\/","title":{"rendered":"LC-JKLG60 Aotumatick\u00fd multifunk\u010dn\u00fd stroj na skr\u00facanie okr\u00fahlych r\u00farok"},"content":{"rendered":"","protected":false},"excerpt":{"rendered":"<p>Tento multifunk\u010dn\u00fd stroj na skr\u00facanie okr\u00fahlych r\u00far LC-JKLG60 Aotumatic dok\u00e1\u017ee \u0165aha\u0165 a spracov\u00e1va\u0165 \u0161pir\u00e1lov\u00e9 okr\u00fahle r\u00farky, lemovan\u00e9 \u0161tvorcov\u00e9 r\u00farky, ploch\u00e9 r\u00farky s r\u00f4znymi hr\u00fabkami a vzormi.<br \/>\nStroj dok\u00e1\u017ee vyr\u00e1ba\u0165 a spracov\u00e1va\u0165 okr\u00fahle r\u00farky s priemerom maxim\u00e1lne 60 mm a hr\u00fabkou men\u0161ou ako 1,2 mm na \u0161pir\u00e1lov\u00e9 r\u00farky. Z okr\u00fahlej r\u00farky je mo\u017en\u00e9 vyrobi\u0165 \u0161tvorcov\u00fa r\u00farku, 6 rohov\u00fa r\u00farku, 8 rohov\u00fa r\u00farku, 16 rohov\u00fa r\u00farku a in\u00e9 vzory.<br \/>\n\u0164ahac\u00ed stroj dok\u00e1\u017ee spracova\u0165 r\u00f4zne vzory z nehrdzavej\u00facej ocele pod \u0161peci\u00e1lnymi formami. Spracovan\u00fd materi\u00e1l je nielen kr\u00e1sny na poh\u013ead, odoln\u00fd a pevn\u00fd, ale aj preto, \u017ee je dut\u00fd. Materi\u00e1l bude dvojn\u00e1sobok materi\u00e1lov\u00fdch n\u00e1kladov na pevn\u00fd materi\u00e1l. Je to nevyhnutn\u00fd stroj na spracovanie dver\u00ed, okien, schod\u00edsk, z\u00e1bradl\u00ed a plotov<br \/>\n24-hodinov\u00e1 online slu\u017eba, dajte n\u00e1m vedie\u0165, ak m\u00e1te nejak\u00e9 ot\u00e1zky!<br \/>\n<strong>TECHNICK\u00dd PARAMETER<br \/>\n<\/strong><strong>Model: LC-JKLG60<br \/>\nSpracovate\u013esk\u00fd materi\u00e1l: Okr\u00fahla r\u00farka\u2264\u03a660 mm x 1,2 mm<br \/>\nRozmery hotov\u00e9ho v\u00fdrobku:<\/strong><br \/>\nOkr\u00fahly<strong> trubica<\/strong>\u2264\u03a660 mm x 1,2 mm<br \/>\nPloch\u00e1 r\u00farka \u2264 60x30x1,2 mm<br \/>\n\u0160tvorcov\u00e1 r\u00farka\u226415x15x1,2-60x60x1,2 mm<br \/>\n<strong style=\"font-family: var(--global-body-font-family);\">Moc:<\/strong><span style=\"font-family: var(--global-body-font-family);\"> 7,5 kW<br \/>\n<\/span><strong>Za bezplatn\u00e9 kocky:<\/strong>6 s\u00e1d<br \/>\n<strong>Nap\u00e4tie:<\/strong>\u00a0220V\/380V\/415V<br \/>\n<strong>Rozmer balenia:<\/strong>800*1200*700mm<strong><br \/>\n<\/strong><strong>NW (kg):<\/strong> 1100\u00a0 \u00a0 \u00a0<strong>GW (kg):<\/strong> 1150<\/p>","protected":false},"featured_media":848,"template":"","meta":{"_kad_post_transparent":"default","_kad_post_title":"","_kad_post_layout":"default","_kad_post_sidebar_id":"","_kad_post_content_style":"default","_kad_post_vertical_padding":"default","_kad_post_feature":"","_kad_post_feature_position":"","_kad_post_header":false,"_kad_post_footer":false},"product_brand":[],"product_cat":[20,31,29],"product_tag":[333,334,335,336,337,338,339,340,341,342,343,344,348,345,346,347],"class_list":{"0":"post-832","1":"product","2":"type-product","3":"status-publish","4":"has-post-thumbnail","6":"product_cat-wrought-iron-twisting-machine","7":"product_cat-electric-pipe-twisting-machine","8":"product_cat-electric-wrought-iron-processing-machine","9":"product_tag-aotumatic-multi-function-round-pipe-twisting-machine","10":"product_tag-automatic-rod-pipe-twisting-machine-equipment-with-best-price","11":"product_tag-automatic-tube-threading-pipe-twisting-machine","12":"product_tag-electric-metal-twisting-machine-twist-forming-metal-gate-door-processing-equipment","13":"product_tag-factory-hot-sale-automatic-round-stainless-steel-pipe-twisting-machine","14":"product_tag-finished-products-by-pipe-twisting-machine-2","15":"product_tag-fully-automatic-multi-functional-round-tube-twisting-machine","16":"product_tag-metal-wrought-iron-pipe-twisting-machine-with-factory-price","17":"product_tag-moulds-for-pipe-twisting-machine","18":"product_tag-new-automatic-round-pipe-twisting-machine-for-square-pipe-twisting-shape","19":"product_tag-ornamental-wrought-iron-round-pipe-twisting-making-machine","20":"product_tag-pipe-embossing-and-stretching-machine","21":"product_tag-round-pipe-twisting-machine","22":"product_tag-stainless-steel-pipe-twisting-forming-machine-with-square-pipe-twisting-shape","23":"product_tag-wrought-iron-pipe-twist-and-bend-machine-copper-pipe-twisting-machine","24":"product_tag-wrought-iron-tube-twisting-machine-for-steel-pipe","26":"first","27":"instock","28":"featured","29":"shipping-taxable","30":"product-type-simple","31":"entry","32":"content-bg","33":"loop-entry"},"_links":{"self":[{"href":"https:\/\/zzlcmachinery.com\/sk\/wp-json\/wp\/v2\/product\/832","targetHints":{"allow":["GET"]}}],"collection":[{"href":"https:\/\/zzlcmachinery.com\/sk\/wp-json\/wp\/v2\/product"}],"about":[{"href":"https:\/\/zzlcmachinery.com\/sk\/wp-json\/wp\/v2\/types\/product"}],"version-history":[{"count":0,"href":"https:\/\/zzlcmachinery.com\/sk\/wp-json\/wp\/v2\/product\/832\/revisions"}],"wp:featuredmedia":[{"embeddable":true,"href":"https:\/\/zzlcmachinery.com\/sk\/wp-json\/wp\/v2\/media\/848"}],"wp:attachment":[{"href":"https:\/\/zzlcmachinery.com\/sk\/wp-json\/wp\/v2\/media?parent=832"}],"wp:term":[{"taxonomy":"product_brand","embeddable":true,"href":"https:\/\/zzlcmachinery.com\/sk\/wp-json\/wp\/v2\/product_brand?post=832"},{"taxonomy":"product_cat","embeddable":true,"href":"https:\/\/zzlcmachinery.com\/sk\/wp-json\/wp\/v2\/product_cat?post=832"},{"taxonomy":"product_tag","embeddable":true,"href":"https:\/\/zzlcmachinery.com\/sk\/wp-json\/wp\/v2\/product_tag?post=832"}],"curies":[{"name":"wp","href":"https:\/\/api.w.org\/{rel}","templated":true}]}}