{"id":807,"date":"2022-11-01T20:30:06","date_gmt":"2022-11-01T12:30:06","guid":{"rendered":"https:\/\/zzlcmachinery.com\/?post_type=product&#038;p=807"},"modified":"2022-11-22T14:55:42","modified_gmt":"2022-11-22T06:55:42","slug":"lc-dk-hydraulic-folding-welding-spot-square-buckle-machine-for-forging-handrail","status":"publish","type":"product","link":"https:\/\/zzlcmachinery.com\/sk\/produkt\/lc-dk-hydraulic-folding-welding-spot-square-buckle-machine-for-forging-handrail\/","title":{"rendered":"LC-DK Hydraulick\u00fd skladac\u00ed stroj so \u0161tvorcovou sponou na kovanie z\u00e1bradlia"},"content":{"rendered":"","protected":false},"excerpt":{"rendered":"<p>Tento LC-DK hydraulick\u00fd skladac\u00ed bodov\u00fd zv\u00e1rac\u00ed stroj so \u0161tvorcovou prackou je hydraulick\u00e9 poloautomatick\u00e9 baliace zariadenie. Hydraulick\u00fd syst\u00e9m je hlavnou hnacou silou. Vykon\u00e1va hlavne ov\u00edjaciu funkciu na mieste zv\u00e1rania kovan\u00fdch \u0161tandardn\u00fdch dielov a z\u00e1bradlia schodov. Nevyhnutn\u00fd stroj na umeleck\u00e9 spracovanie kovov v eur\u00f3pskom \u0161t\u00fdle.<br \/>\nTento stroj m\u00e1 dva prev\u00e1dzkov\u00e9 re\u017eimy: krokov\u00e9 spracovanie a automatick\u00e9 spracovanie. Spracovanie krokovan\u00edm dok\u00e1\u017ee spracova\u0165 spony v spomalenom z\u00e1bere. Pou\u017e\u00edva sa hlavne na strojov\u00e9 ladenie a ladenie \u0161tandardn\u00fdch dielov a v\u00fdber sp\u00f4n. Funkcia automatick\u00e9ho spracovania sa m\u00f4\u017ee neust\u00e1le vyp\u00edna\u0165, \u010do \u0161etr\u00ed \u010das a pr\u00e1cu.<br \/>\nFunkciou tohto stroja je pribali\u0165 miesto zv\u00e1rania k oce\u013eov\u00e9mu gomb\u00edku, aby sa gomb\u00edk nezohrieval, \u010do je in\u00e9 ako v minulosti. R\u00fdchle a efekt\u00edvne funkcie sa te\u0161ia vysokej povesti vo v\u00fdrobnej linke \u017eeleza.<br \/>\n24-hodinov\u00e1 online slu\u017eba, dajte n\u00e1m vedie\u0165, ak m\u00e1te nejak\u00e9 ot\u00e1zky!<br \/>\n<strong>TECHNICK\u00dd PARAMETER<br \/>\n<\/strong><strong>Model: LC-DK<br \/>\nMateri\u00e1l spracovania: m\u00e4kk\u00e1 oce\u013e<br \/>\nVe\u013ekos\u0165 spony na spracovanie:<\/strong>\u00a0\u2264 36 x 20 mm<br \/>\n<strong>Moc:<\/strong> 2,2 kW<br \/>\n<strong>Vo\u013en\u00e9 matrice: 4 sady<\/strong><br \/>\n<strong>Nap\u00e4tie:<\/strong>\u00a0220V\/380V\/415V<br \/>\n<strong>Rozmer balenia:<\/strong> 860\u00d7780\u00d71480 mm<br \/>\n<strong>NW (kg):<\/strong> 550\u00a0 \u00a0 \u00a0<strong>GW (kg):<\/strong> 600<\/p>","protected":false},"featured_media":809,"template":"","meta":{"_kad_post_transparent":"default","_kad_post_title":"","_kad_post_layout":"default","_kad_post_sidebar_id":"","_kad_post_content_style":"default","_kad_post_vertical_padding":"default","_kad_post_feature":"","_kad_post_feature_position":"","_kad_post_header":false,"_kad_post_footer":false},"product_brand":[],"product_cat":[29],"product_tag":[320,318,319,321,111,322],"class_list":{"0":"post-807","1":"product","2":"type-product","3":"status-publish","4":"has-post-thumbnail","6":"product_cat-electric-wrought-iron-processing-machine","7":"product_tag-hydraulic-folding-welding-spot-square-buckle-machine-for-forging-handrail","8":"product_tag-hydraulic-wrought-iron-folding-square-buckle-machine-for-fence-staircase-welding-spot","9":"product_tag-hydraulic-wrought-iron-forging-handrail-welding-spot-square-buckle-machine","10":"product_tag-welding-buckle-machine-for-wrought-iron","11":"product_tag-wrought-iron-machine","12":"product_tag-wrought-iron-metal-buckle-machine","14":"first","15":"instock","16":"shipping-taxable","17":"product-type-simple","18":"entry","19":"content-bg","20":"loop-entry"},"_links":{"self":[{"href":"https:\/\/zzlcmachinery.com\/sk\/wp-json\/wp\/v2\/product\/807","targetHints":{"allow":["GET"]}}],"collection":[{"href":"https:\/\/zzlcmachinery.com\/sk\/wp-json\/wp\/v2\/product"}],"about":[{"href":"https:\/\/zzlcmachinery.com\/sk\/wp-json\/wp\/v2\/types\/product"}],"version-history":[{"count":0,"href":"https:\/\/zzlcmachinery.com\/sk\/wp-json\/wp\/v2\/product\/807\/revisions"}],"wp:featuredmedia":[{"embeddable":true,"href":"https:\/\/zzlcmachinery.com\/sk\/wp-json\/wp\/v2\/media\/809"}],"wp:attachment":[{"href":"https:\/\/zzlcmachinery.com\/sk\/wp-json\/wp\/v2\/media?parent=807"}],"wp:term":[{"taxonomy":"product_brand","embeddable":true,"href":"https:\/\/zzlcmachinery.com\/sk\/wp-json\/wp\/v2\/product_brand?post=807"},{"taxonomy":"product_cat","embeddable":true,"href":"https:\/\/zzlcmachinery.com\/sk\/wp-json\/wp\/v2\/product_cat?post=807"},{"taxonomy":"product_tag","embeddable":true,"href":"https:\/\/zzlcmachinery.com\/sk\/wp-json\/wp\/v2\/product_tag?post=807"}],"curies":[{"name":"wp","href":"https:\/\/api.w.org\/{rel}","templated":true}]}}