{"id":801,"date":"2022-11-01T18:25:55","date_gmt":"2022-11-01T10:25:55","guid":{"rendered":"https:\/\/zzlcmachinery.com\/?post_type=product&#038;p=801"},"modified":"2022-11-22T14:58:41","modified_gmt":"2022-11-22T06:58:41","slug":"lc-g2-manual-metal-twisting-machine-for-wrought-iron","status":"publish","type":"product","link":"https:\/\/zzlcmachinery.com\/sk\/produkt\/lc-g2-manual-metal-twisting-machine-for-wrought-iron\/","title":{"rendered":"LC-G2 Ru\u010dn\u00fd kovov\u00fd to\u010dac\u00ed stroj na kujn\u00e9 \u017eelezo"},"content":{"rendered":"","protected":false},"excerpt":{"rendered":"<p>LC-G2 Ru\u010dn\u00e1 kovov\u00e1 z\u00e1kruta na kujn\u00e9 \u017eelezo<br \/>\nNev\u00fdhodou tohto stroja je n\u00e1kup drah\u00fdch strojov na mieste. Hoci ho treba dov\u00e1\u017ea\u0165 z \u010c\u00edny, doprava a preclenie nie je v\u00f4bec probl\u00e9m, \u010do v\u00fdrazne zni\u017euje n\u00e1klady z\u00e1kazn\u00edkov a umo\u017e\u0148uje vyr\u00e1ba\u0165 a aplikova\u0165 kvetinov\u00e9 ko\u0161e vo ve\u013ek\u00fdch mno\u017estv\u00e1ch.<br \/>\nTento stroj dok\u00e1\u017ee ru\u010dne vyrobi\u0165 dve ve\u013ekosti \u017eelezn\u00fdch kvetinov\u00fdch ko\u0161ov, s t\u00fdmto ru\u010dn\u00fdm kr\u00fatiacim strojom sa dod\u00e1vaj\u00fa 2 sady bez foriem.<br \/>\nKaliber 2 s\u00e1d foriem je: 12 mm * 12 mm (4 ty\u010de sauare ocele v 6 mm * 6 mm) 16 mm * 16 mm (4 ty\u010de sauare ocele v 8 mm * 8 mm)<br \/>\nMateri\u00e1l: \u0161tvorcov\u00e1 oce\u013e Jeden k\u00f4\u0161: Vyroben\u00fd zo 4 ty\u010d\u00ed sauare ocele s rozmermi 6 mm * 6 mm alebo 5 mm * 5 mm.<br \/>\n<strong>TECHNICK\u00dd PARAMETER<br \/>\n<\/strong><strong>Model: LC-G2<\/strong><br \/>\n<strong>\u0160tvorcov\u00e1 oce\u013e<\/strong> Rozmery: 8 x 8 mm a 6 x 6 mm<br \/>\n<strong>Moc:<\/strong> Manu\u00e1lny<br \/>\n<strong>Rozmer balenia:<\/strong> 200 \u00d7 200 \u00d7 200 mm<br \/>\n<strong>NW (kg):20 <\/strong><strong>GW (kg): 20<\/strong><\/p>","protected":false},"featured_media":803,"template":"","meta":{"_kad_post_transparent":"default","_kad_post_title":"","_kad_post_layout":"default","_kad_post_sidebar_id":"","_kad_post_content_style":"default","_kad_post_vertical_padding":"default","_kad_post_feature":"","_kad_post_feature_position":"","_kad_post_header":false,"_kad_post_footer":false},"product_brand":[],"product_cat":[33,31,34,35],"product_tag":[223,313,307,299,309,315,317,310,305,314,308,306,301,300,316],"class_list":{"0":"post-801","1":"product","2":"type-product","3":"status-publish","4":"has-post-thumbnail","6":"product_cat-manual-wrounght-iron-processing-tools","7":"product_cat-electric-pipe-twisting-machine","8":"product_cat-manual-scroll-bender","9":"product_cat-manual-twisting-machine","10":"product_tag-basket-twister","11":"product_tag-blacksmith-tool","12":"product_tag-buy-steel-basket-twist-tool","13":"product_tag-handmade-metal-forgin-manual-basket-steel","14":"product_tag-homemade-metal-bar-twister","15":"product_tag-lc-g2-manual-metal-twisting-machine-for-wrought-iron","16":"product_tag-manual-scroll-bending-machine-for-wrought-iron","17":"product_tag-manual-steel-square-bar-twist-hand-flat-steel","18":"product_tag-manual-wrought-iron-basket-twisting-tool","19":"product_tag-master-twister","20":"product_tag-metal-basket-twist-tool","21":"product_tag-metal-craft-baskt-twister","22":"product_tag-metal-craft-tools-ornamental-basket-twist-machine","23":"product_tag-twisting-machine-hand-tools-wrought-iron-equipment","24":"product_tag-wrought-iron-scroll-bender-manual-craft-tool","26":"first","27":"instock","28":"shipping-taxable","29":"product-type-simple","30":"entry","31":"content-bg","32":"loop-entry"},"_links":{"self":[{"href":"https:\/\/zzlcmachinery.com\/sk\/wp-json\/wp\/v2\/product\/801","targetHints":{"allow":["GET"]}}],"collection":[{"href":"https:\/\/zzlcmachinery.com\/sk\/wp-json\/wp\/v2\/product"}],"about":[{"href":"https:\/\/zzlcmachinery.com\/sk\/wp-json\/wp\/v2\/types\/product"}],"version-history":[{"count":0,"href":"https:\/\/zzlcmachinery.com\/sk\/wp-json\/wp\/v2\/product\/801\/revisions"}],"wp:featuredmedia":[{"embeddable":true,"href":"https:\/\/zzlcmachinery.com\/sk\/wp-json\/wp\/v2\/media\/803"}],"wp:attachment":[{"href":"https:\/\/zzlcmachinery.com\/sk\/wp-json\/wp\/v2\/media?parent=801"}],"wp:term":[{"taxonomy":"product_brand","embeddable":true,"href":"https:\/\/zzlcmachinery.com\/sk\/wp-json\/wp\/v2\/product_brand?post=801"},{"taxonomy":"product_cat","embeddable":true,"href":"https:\/\/zzlcmachinery.com\/sk\/wp-json\/wp\/v2\/product_cat?post=801"},{"taxonomy":"product_tag","embeddable":true,"href":"https:\/\/zzlcmachinery.com\/sk\/wp-json\/wp\/v2\/product_tag?post=801"}],"curies":[{"name":"wp","href":"https:\/\/api.w.org\/{rel}","templated":true}]}}